{"id":6035,"date":"2017-11-09T09:13:03","date_gmt":"2017-11-09T09:13:03","guid":{"rendered":"https:\/\/chilimag.hu\/webshop\/?post_type=product&#038;p=6035"},"modified":"2023-01-29T11:25:25","modified_gmt":"2023-01-29T11:25:25","slug":"gardena-cs-viztolo","status":"publish","type":"product","link":"https:\/\/chilimag.hu\/webshop\/termek\/gardena-cs-viztolo\/","title":{"rendered":"GARDENA CS-V\u00edztol\u00f3"},"content":{"rendered":"<div class=\"quantity\"><\/div>\n<div class=\"stock-container\"><\/div>\n<div class=\"product-description\">\n<p>A GARDENA combisystem v\u00edztol\u00f3 ide\u00e1lis megold\u00e1s a v\u00edz gyors \u00e9s k\u00f6nny\u0171 elt\u00e1vol\u00edt\u00e1s\u00e1hoz a k\u0151padl\u00f3kr\u00f3l \u00e9s sima fel\u00fcletekr\u0151l. Az eszk\u00f6z sejtgumib\u00f3l k\u00e9sz\u00fclt tart\u00f3s gumics\u00edkja hat\u00e9kony munk\u00e1t \u00e9s optim\u00e1lis tiszt\u00edt\u00e1st biztos\u00edt 43 cm-es munkasz\u00e9less\u00e9gben. Min\u0151s\u00e9gi m\u0171anyagb\u00f3l k\u00e9sz\u00fclt stabil fej\u00e9nek k\u00f6sz\u00f6nhet\u0151en a v\u00edztol\u00f3 er\u0151s \u00e9s \u00fcl\u00e9s\u00e1ll\u00f3 eszk\u00f6z. A v\u00edztol\u00f3 b\u00e1rmely GARDENA combisystem ny\u00e9lre felhelyezhet\u0151; a GARDENA a 130 vagy 150 cm-es nyelet javasolja, testmagass\u00e1gt\u00f3l f\u00fcgg\u0151en. A garanciaid\u0151 25 \u00e9v.<\/p>\n<p>Munkasz\u00e9less\u00e9g 43 cm \/ 16,93 coll<\/p>\n<\/div>\n","protected":false},"excerpt":{"rendered":"<div class=\"weight\">Term\u00e9k s\u00falya: 0.22 kg<\/div>\n<div class=\"stock-container\">\n<div class=\"topstock\"><\/div>\n<div class=\"stock-info\">\n<div class=\"green\">Sz\u00e1ll\u00edt\u00e1si id\u0151: 48 \u00f3r\u00e1n bel\u00fcl<\/div>\n<\/div>\n<\/div>\n","protected":false},"featured_media":6036,"comment_status":"closed","ping_status":"closed","template":"","meta":[],"product_brand":[],"product_cat":[343],"product_tag":[],"class_list":{"0":"post-6035","1":"product","2":"type-product","3":"status-publish","4":"has-post-thumbnail","6":"product_cat-akciok","8":"first","9":"instock","10":"sale","11":"taxable","12":"shipping-taxable","13":"purchasable","14":"product-type-simple"},"_links":{"self":[{"href":"https:\/\/chilimag.hu\/webshop\/wp-json\/wp\/v2\/product\/6035","targetHints":{"allow":["GET"]}}],"collection":[{"href":"https:\/\/chilimag.hu\/webshop\/wp-json\/wp\/v2\/product"}],"about":[{"href":"https:\/\/chilimag.hu\/webshop\/wp-json\/wp\/v2\/types\/product"}],"replies":[{"embeddable":true,"href":"https:\/\/chilimag.hu\/webshop\/wp-json\/wp\/v2\/comments?post=6035"}],"wp:featuredmedia":[{"embeddable":true,"href":"https:\/\/chilimag.hu\/webshop\/wp-json\/wp\/v2\/media\/6036"}],"wp:attachment":[{"href":"https:\/\/chilimag.hu\/webshop\/wp-json\/wp\/v2\/media?parent=6035"}],"wp:term":[{"taxonomy":"product_brand","embeddable":true,"href":"https:\/\/chilimag.hu\/webshop\/wp-json\/wp\/v2\/product_brand?post=6035"},{"taxonomy":"product_cat","embeddable":true,"href":"https:\/\/chilimag.hu\/webshop\/wp-json\/wp\/v2\/product_cat?post=6035"},{"taxonomy":"product_tag","embeddable":true,"href":"https:\/\/chilimag.hu\/webshop\/wp-json\/wp\/v2\/product_tag?post=6035"}],"curies":[{"name":"wp","href":"https:\/\/api.w.org\/{rel}","templated":true}]}}