{"id":6009,"date":"2017-11-09T08:58:53","date_gmt":"2017-11-09T08:58:53","guid":{"rendered":"https:\/\/chilimag.hu\/webshop\/?post_type=product&#038;p=6009"},"modified":"2023-01-29T11:35:23","modified_gmt":"2023-01-29T11:35:23","slug":"gardena-cs-kerti-kapa-szivformaju-7cm","status":"publish","type":"product","link":"https:\/\/chilimag.hu\/webshop\/termek\/gardena-cs-kerti-kapa-szivformaju-7cm\/","title":{"rendered":"GARDENA CS-Kerti Kapa Sz\u00edvform\u00e1j\u00fa 7cm"},"content":{"rendered":"<div class=\"quantity\"><\/div>\n<div class=\"stock-container\"><\/div>\n<div class=\"product-description\">\n<p>A 7 cm munkasz\u00e9less\u00e9g\u0171 GARDENA combisystem kerti kapa ide\u00e1lis a n\u00f6v\u00e9nyk\u00edm\u00e9l\u0151 kert\u00e1pol\u00e1shoz a s\u0171r\u0171n \u00fcltetett sorokban, \u00e1gy\u00e1sokban. Legyen sz\u00f3 kap\u00e1l\u00e1sr\u00f3l, gyoml\u00e1l\u00e1sr\u00f3l, leveg\u0151ztet\u00e9sr\u0151l, bar\u00e1zdah\u00faz\u00e1sr\u00f3l vagy egyenget\u00e9sr\u0151l &#8211; ez mind lehets\u00e9ges az egyik oldalon l\u00e9v\u0151 sz\u00edv alak\u00fa, fogazott kapalappal vagy a m\u00e1sik oldalon tal\u00e1lhat\u00f3 k\u00e9t foggal. A kerti kapa b\u00e1rmely GARDENA combisystem ny\u00e9lre felhelyezhet\u0151; a GARDENA a 130 cm-es nyelet javasolja, testmagass\u00e1gt\u00f3l f\u00fcgg\u0151en. A garanciaid\u0151 25 \u00e9v.<\/p>\n<p>Munkasz\u00e9less\u00e9g 7 cm \/ 2,76 coll<\/p>\n<\/div>\n","protected":false},"excerpt":{"rendered":"<div class=\"weight\">Term\u00e9k s\u00falya: 0.34 kg<\/div>\n<div class=\"stock-container\">\n<div class=\"topstock\"><\/div>\n<div class=\"stock-info\">\n<div class=\"green\">Sz\u00e1ll\u00edt\u00e1si id\u0151: 48 \u00f3r\u00e1n bel\u00fcl<\/div>\n<\/div>\n<\/div>\n","protected":false},"featured_media":6010,"comment_status":"closed","ping_status":"closed","template":"","meta":[],"product_brand":[],"product_cat":[343],"product_tag":[],"class_list":{"0":"post-6009","1":"product","2":"type-product","3":"status-publish","4":"has-post-thumbnail","6":"product_cat-akciok","8":"first","9":"instock","10":"sale","11":"taxable","12":"shipping-taxable","13":"purchasable","14":"product-type-simple"},"_links":{"self":[{"href":"https:\/\/chilimag.hu\/webshop\/wp-json\/wp\/v2\/product\/6009","targetHints":{"allow":["GET"]}}],"collection":[{"href":"https:\/\/chilimag.hu\/webshop\/wp-json\/wp\/v2\/product"}],"about":[{"href":"https:\/\/chilimag.hu\/webshop\/wp-json\/wp\/v2\/types\/product"}],"replies":[{"embeddable":true,"href":"https:\/\/chilimag.hu\/webshop\/wp-json\/wp\/v2\/comments?post=6009"}],"wp:featuredmedia":[{"embeddable":true,"href":"https:\/\/chilimag.hu\/webshop\/wp-json\/wp\/v2\/media\/6010"}],"wp:attachment":[{"href":"https:\/\/chilimag.hu\/webshop\/wp-json\/wp\/v2\/media?parent=6009"}],"wp:term":[{"taxonomy":"product_brand","embeddable":true,"href":"https:\/\/chilimag.hu\/webshop\/wp-json\/wp\/v2\/product_brand?post=6009"},{"taxonomy":"product_cat","embeddable":true,"href":"https:\/\/chilimag.hu\/webshop\/wp-json\/wp\/v2\/product_cat?post=6009"},{"taxonomy":"product_tag","embeddable":true,"href":"https:\/\/chilimag.hu\/webshop\/wp-json\/wp\/v2\/product_tag?post=6009"}],"curies":[{"name":"wp","href":"https:\/\/api.w.org\/{rel}","templated":true}]}}