{"id":5997,"date":"2017-11-09T08:52:02","date_gmt":"2017-11-09T08:52:02","guid":{"rendered":"https:\/\/chilimag.hu\/webshop\/?post_type=product&#038;p=5997"},"modified":"2023-01-29T11:17:49","modified_gmt":"2023-01-29T11:17:49","slug":"gardena-cs-gyumolcsszuretelo","status":"publish","type":"product","link":"https:\/\/chilimag.hu\/webshop\/termek\/gardena-cs-gyumolcsszuretelo\/","title":{"rendered":"GARDENA CS-Gy\u00fcm\u00f6lcssz\u00fcretel\u0151"},"content":{"rendered":"<div class=\"quantity\"><\/div>\n<div class=\"stock-container\"><\/div>\n<div class=\"product-description\">\n<p>A GARDENA combisystem gy\u00fcm\u00f6lcssz\u00fcretel\u0151 seg\u00edts\u00e9g\u00e9vel k\u00e9nyelmesen szedheti le a gy\u00fcm\u00f6lcs\u00f6t a f\u00e1r\u00f3l. Miut\u00e1n a be\u00e9p\u00edtett nemesac\u00e9l k\u00e9s lev\u00e1lasztja a gy\u00fcm\u00f6lcs\u00f6t, az a moshat\u00f3 pamutzacsk\u00f3ba ker\u00fcl. A fa minden zug\u00e1nak el\u00e9r\u00e9se \u00e9s a k\u00f6nnyebb sz\u00fcretel\u00e9s \u00e9rdek\u00e9ben a fokozatmentesen \u00e1ll\u00edthat\u00f3 csukl\u00f3s k\u00f6zdarab seg\u00edts\u00e9g\u00e9vel m\u00f3dos\u00edthat\u00f3 az eszk\u00f6z munkasz\u00f6ge. A gy\u00fcm\u00f6lcssz\u00fcretel\u0151 valamennyi GARDENA combisystem ny\u00e9lre felhelyezhet\u0151; a GARDENA teleszk\u00f3pr\u00fad haszn\u00e1lat\u00e1t javasolja 5 m\u00e9ter k\u00f6r\u00fcli magass\u00e1gig. A garanciaid\u0151 25 \u00e9v.<\/p>\n<\/div>\n","protected":false},"excerpt":{"rendered":"<div class=\"weight\">Term\u00e9k s\u00falya: 0.21 kg<\/div>\n<div class=\"stock-container\">\n<div class=\"topstock\"><\/div>\n<div class=\"stock-info\">\n<div class=\"green\">Sz\u00e1ll\u00edt\u00e1si id\u0151: 48 \u00f3r\u00e1n bel\u00fcl<\/div>\n<\/div>\n<\/div>\n","protected":false},"featured_media":5998,"comment_status":"closed","ping_status":"closed","template":"","meta":[],"product_brand":[],"product_cat":[343],"product_tag":[],"class_list":{"0":"post-5997","1":"product","2":"type-product","3":"status-publish","4":"has-post-thumbnail","6":"product_cat-akciok","8":"first","9":"instock","10":"sale","11":"taxable","12":"shipping-taxable","13":"purchasable","14":"product-type-simple"},"_links":{"self":[{"href":"https:\/\/chilimag.hu\/webshop\/wp-json\/wp\/v2\/product\/5997","targetHints":{"allow":["GET"]}}],"collection":[{"href":"https:\/\/chilimag.hu\/webshop\/wp-json\/wp\/v2\/product"}],"about":[{"href":"https:\/\/chilimag.hu\/webshop\/wp-json\/wp\/v2\/types\/product"}],"replies":[{"embeddable":true,"href":"https:\/\/chilimag.hu\/webshop\/wp-json\/wp\/v2\/comments?post=5997"}],"wp:featuredmedia":[{"embeddable":true,"href":"https:\/\/chilimag.hu\/webshop\/wp-json\/wp\/v2\/media\/5998"}],"wp:attachment":[{"href":"https:\/\/chilimag.hu\/webshop\/wp-json\/wp\/v2\/media?parent=5997"}],"wp:term":[{"taxonomy":"product_brand","embeddable":true,"href":"https:\/\/chilimag.hu\/webshop\/wp-json\/wp\/v2\/product_brand?post=5997"},{"taxonomy":"product_cat","embeddable":true,"href":"https:\/\/chilimag.hu\/webshop\/wp-json\/wp\/v2\/product_cat?post=5997"},{"taxonomy":"product_tag","embeddable":true,"href":"https:\/\/chilimag.hu\/webshop\/wp-json\/wp\/v2\/product_tag?post=5997"}],"curies":[{"name":"wp","href":"https:\/\/api.w.org\/{rel}","templated":true}]}}