{"id":5995,"date":"2017-11-09T08:50:56","date_gmt":"2017-11-09T08:50:56","guid":{"rendered":"https:\/\/chilimag.hu\/webshop\/?post_type=product&#038;p=5995"},"modified":"2023-02-04T07:37:20","modified_gmt":"2023-02-04T07:37:20","slug":"gardena-cs-gyumolcsfelszedo","status":"publish","type":"product","link":"https:\/\/chilimag.hu\/webshop\/termek\/gardena-cs-gyumolcsfelszedo\/","title":{"rendered":"Gardena CS-Gy\u00fcm\u00f6lcsfelszed\u0151"},"content":{"rendered":"<div class=\"price\"><\/div>\n<div class=\"stock-container\"><\/div>\n<div class=\"product-description\">\n<p>A f\u00e1r\u00f3l lehullott gy\u00fcm\u00f6lcs\u00f6k felszed\u00e9s hajlong\u00e1s n\u00e9lk\u00fcl k\u00f6nnyen lehets\u00e9ges a gardena combisystem gy\u00fcm\u00f6lcsfelszed\u0151 seg\u00edts\u00e9g\u00e9vel. K\u00f6sz\u00f6nhet\u0151en a rugalmas m\u0171anyag merev\u00edt\u0151knek 4-t\u0151l 9 cm-ig a gy\u00fcm\u00f6lcs\u00f6k felszedhet\u0151k. Nem sz\u00e1m\u00edt, hogy \u00f6n di\u00f3t, vagy alm\u00e1t szeretne felszedni, egyszer\u0171en tolja v\u00e9gig rajtuk a gy\u00fcm\u00f6lcsfelszed\u0151t, s a gy\u00fcm\u00f6lcs\u00f6k m\u00e1ris ott lesznek \u00f6sszegy\u0171jtve. A garanciaid\u0151 25 \u00e9v<\/p>\n<div class=\"feature-information\">\n<h3>K\u00e9nyelmesen kezelhet\u0151<\/h3>\n<p>A praktikus lap\u00e1t funkci\u00f3 haszn\u00e1lat\u00e1val nehezen el\u00e9rhet\u0151 helyekr\u0151l, mint p\u00e9ld\u00e1ul a f\u00e1k t\u00f6rzs\u00e9hez k\u00f6zel is \u00f6sszeszedhetj\u00fck a gy\u00fcm\u00f6lcs\u00f6t.<\/p>\n<p><strong>Megb\u00edzhat\u00f3 csatlakoz\u00e1s<\/strong><br \/>\nA combisystem gy\u00fcm\u00f6lcsfelszed\u0151t egyszer\u0171en tegy\u00fck r\u00e1 a ny\u00e9lre \u00e9s csavarozzuk szorosra. \u00c9s m\u00e1ris szoros \u00e9s 100%-os kilazul\u00e1s-mentes csatlakoz\u00e1st kapunk, amely garant\u00e1lja a k\u00e9nyelmes munk\u00e1t.<\/p>\n<p><strong>B\u00e1rmely ny\u00e9lre felhelyezhet\u0151<\/strong><br \/>\nA GARDENA combisystem szersz\u00e1mok b\u00e1rmely GARDENA combisystem ny\u00e9lre felhelyezhet\u0151k. V\u00e1lasszon tetsz\u00e9se szerint f\u00e1b\u00f3l vagy alum\u00edniumb\u00f3l k\u00e9sz\u00fclt nyelet, vagy egy h\u00e1tk\u00edm\u00e9l\u0151 t\u00edpust.<\/p>\n<p><strong>K\u00f6nnyen \u00fcr\u00edthet\u0151<\/strong><br \/>\nA szabadalmaztatott oldalny\u00edl\u00e1s lehet\u0151v\u00e9 teszi a gy\u00fcm\u00f6lcsszed\u0151 ki\u00fcr\u00edt\u00e9s\u00e9t an\u00e9lk\u00fcl, hogy lehajoln\u00e1nk vagy tov\u00e1bbi seg\u00e9deszk\u00f6zt venn\u00e9nk ig\u00e9nybe.<\/p>\n<\/div>\n<\/div>\n","protected":false},"excerpt":{"rendered":"<div class=\"price_prod_qty_list_head\">\u00c1rak<\/div>\n<table class=\"price_prod_qty_list table table-striped\">\n<tbody>\n<tr>\n<td class=\"qty_from\">2 Darab<\/td>\n<td class=\"qty_line\">&#8211;<\/td>\n<td class=\"qty_to\">3 Darab<\/td>\n<td class=\"qty_price\"><span id=\"pricelist_from_2\">14 391 Ft<\/span> <span class=\"per_piece\">\/ Darab<\/span><\/td>\n<\/tr>\n<tr>\n<td class=\"qty_from\">4 Darab<\/td>\n<td class=\"qty_line\">&#8211;<\/td>\n<td class=\"qty_to\">5 Darab<\/td>\n<td class=\"qty_price\"><span id=\"pricelist_from_4\">13 592 Ft<\/span> <span class=\"per_piece\">\/ Darab<\/span><\/td>\n<\/tr>\n<\/tbody>\n<\/table>\n<div class=\"quantity\"><input id=\"quantity\" class=\"inputbox\" maxlength=\"3\" name=\"quantity\" type=\"text\" value=\"1\" \/> <span class=\"darab\"> DB<\/span><\/div>\n<div class=\"quantity\"><\/div>\n<div class=\"weight\">Term\u00e9k s\u00falya: 1.2 kg<\/div>\n<div class=\"stock-container\">\n<div class=\"topstock\"><\/div>\n<div class=\"stock-info\">\n<div class=\"green\">Sz\u00e1ll\u00edt\u00e1si id\u0151: 48 \u00f3r\u00e1n bel\u00fcl<\/div>\n<\/div>\n<\/div>\n","protected":false},"featured_media":5996,"comment_status":"closed","ping_status":"closed","template":"","meta":[],"product_brand":[],"product_cat":[343],"product_tag":[],"class_list":{"0":"post-5995","1":"product","2":"type-product","3":"status-publish","4":"has-post-thumbnail","6":"product_cat-akciok","8":"first","9":"instock","10":"sale","11":"taxable","12":"shipping-taxable","13":"purchasable","14":"product-type-simple"},"_links":{"self":[{"href":"https:\/\/chilimag.hu\/webshop\/wp-json\/wp\/v2\/product\/5995","targetHints":{"allow":["GET"]}}],"collection":[{"href":"https:\/\/chilimag.hu\/webshop\/wp-json\/wp\/v2\/product"}],"about":[{"href":"https:\/\/chilimag.hu\/webshop\/wp-json\/wp\/v2\/types\/product"}],"replies":[{"embeddable":true,"href":"https:\/\/chilimag.hu\/webshop\/wp-json\/wp\/v2\/comments?post=5995"}],"wp:featuredmedia":[{"embeddable":true,"href":"https:\/\/chilimag.hu\/webshop\/wp-json\/wp\/v2\/media\/5996"}],"wp:attachment":[{"href":"https:\/\/chilimag.hu\/webshop\/wp-json\/wp\/v2\/media?parent=5995"}],"wp:term":[{"taxonomy":"product_brand","embeddable":true,"href":"https:\/\/chilimag.hu\/webshop\/wp-json\/wp\/v2\/product_brand?post=5995"},{"taxonomy":"product_cat","embeddable":true,"href":"https:\/\/chilimag.hu\/webshop\/wp-json\/wp\/v2\/product_cat?post=5995"},{"taxonomy":"product_tag","embeddable":true,"href":"https:\/\/chilimag.hu\/webshop\/wp-json\/wp\/v2\/product_tag?post=5995"}],"curies":[{"name":"wp","href":"https:\/\/api.w.org\/{rel}","templated":true}]}}