{"id":5993,"date":"2017-11-09T08:49:40","date_gmt":"2017-11-09T08:49:40","guid":{"rendered":"https:\/\/chilimag.hu\/webshop\/?post_type=product&#038;p=5993"},"modified":"2023-01-29T11:29:35","modified_gmt":"2023-01-29T11:29:35","slug":"gardena-cs-gyomkapa-16cm","status":"publish","type":"product","link":"https:\/\/chilimag.hu\/webshop\/termek\/gardena-cs-gyomkapa-16cm\/","title":{"rendered":"GARDENA CS-Gyomkapa 16cm"},"content":{"rendered":"<div class=\"quantity\"><\/div>\n<div class=\"stock-container\"><\/div>\n<div class=\"product-description\">\n<p>A GARDENA combisystem gyomkapa ide\u00e1lis eszk\u00f6z a f\u00e1rads\u00e1gmentes gyomelt\u00e1vol\u00edt\u00e1shoz. Az er\u0151s nemesac\u00e9l kapalap 16 cm sz\u00e9les. A gyomkapa b\u00e1rmely GARDENA combisystem ny\u00e9lre felhelyezhet\u0151; a GARDENA a 150 cm-es nyelet javasolja, testmagass\u00e1gt\u00f3l f\u00fcgg\u0151en. A garanciaid\u0151 25 \u00e9v.<\/p>\n<p>Munkasz\u00e9less\u00e9g 16 cm \/ 6,3 coll<\/p>\n<\/div>\n","protected":false},"excerpt":{"rendered":"<div class=\"weight\">Term\u00e9k s\u00falya: 0.4 kg<\/div>\n<div class=\"stock-container\">\n<div class=\"topstock\"><\/div>\n<div class=\"stock-info\">\n<div class=\"green\">Sz\u00e1ll\u00edt\u00e1si id\u0151: 48 \u00f3r\u00e1n bel\u00fcl<\/div>\n<\/div>\n<\/div>\n","protected":false},"featured_media":5994,"comment_status":"closed","ping_status":"closed","template":"","meta":[],"product_brand":[],"product_cat":[343],"product_tag":[],"class_list":{"0":"post-5993","1":"product","2":"type-product","3":"status-publish","4":"has-post-thumbnail","6":"product_cat-akciok","8":"first","9":"instock","10":"sale","11":"taxable","12":"shipping-taxable","13":"purchasable","14":"product-type-simple"},"_links":{"self":[{"href":"https:\/\/chilimag.hu\/webshop\/wp-json\/wp\/v2\/product\/5993","targetHints":{"allow":["GET"]}}],"collection":[{"href":"https:\/\/chilimag.hu\/webshop\/wp-json\/wp\/v2\/product"}],"about":[{"href":"https:\/\/chilimag.hu\/webshop\/wp-json\/wp\/v2\/types\/product"}],"replies":[{"embeddable":true,"href":"https:\/\/chilimag.hu\/webshop\/wp-json\/wp\/v2\/comments?post=5993"}],"wp:featuredmedia":[{"embeddable":true,"href":"https:\/\/chilimag.hu\/webshop\/wp-json\/wp\/v2\/media\/5994"}],"wp:attachment":[{"href":"https:\/\/chilimag.hu\/webshop\/wp-json\/wp\/v2\/media?parent=5993"}],"wp:term":[{"taxonomy":"product_brand","embeddable":true,"href":"https:\/\/chilimag.hu\/webshop\/wp-json\/wp\/v2\/product_brand?post=5993"},{"taxonomy":"product_cat","embeddable":true,"href":"https:\/\/chilimag.hu\/webshop\/wp-json\/wp\/v2\/product_cat?post=5993"},{"taxonomy":"product_tag","embeddable":true,"href":"https:\/\/chilimag.hu\/webshop\/wp-json\/wp\/v2\/product_tag?post=5993"}],"curies":[{"name":"wp","href":"https:\/\/api.w.org\/{rel}","templated":true}]}}