{"id":5987,"date":"2017-11-09T08:46:39","date_gmt":"2017-11-09T08:46:39","guid":{"rendered":"https:\/\/chilimag.hu\/webshop\/?post_type=product&#038;p=5987"},"modified":"2023-01-28T18:37:49","modified_gmt":"2023-01-28T18:37:49","slug":"gardena-cs-fulevegozteto","status":"publish","type":"product","link":"https:\/\/chilimag.hu\/webshop\/termek\/gardena-cs-fulevegozteto\/","title":{"rendered":"GARDENA CS-F\u0171leveg\u0151ztet\u0151"},"content":{"rendered":"<div class=\"quantity\"><\/div>\n<div class=\"stock-container\"><\/div>\n<div class=\"product-description\">\n<p>A GARDENA combisystem f\u0171leveg\u0151ztet\u0151vel k\u00edm\u00e9letesen t\u00e1vol\u00edthatja el a moh\u00e1t \u00e9s az elfilcesedett f\u00fcvet a gyepb\u0151l, jav\u00edtva annak v\u00edz-, leveg\u0151- \u00e9s t\u00e1panyagell\u00e1t\u00e1s\u00e1t. A horganyzott, sajtolt fogakkal rendelkez\u0151, 35 cm munkasz\u00e9less\u00e9g\u0171 f\u0171leveg\u0151ztet\u0151 r\u00f6g\u00f6k apr\u00edt\u00e1s\u00e1ra \u00e9s egyenget\u00e9sre is kit\u0171n\u0151en alkalmas. A f\u0171leveg\u0151ztet\u0151 b\u00e1rmely GARDENA combisystem ny\u00e9lre felhelyezhet\u0151; a GARDENA a 180 cm-es nyelet javasolja, testmagass\u00e1gt\u00f3l f\u00fcgg\u0151en. A garanciaid\u0151 25 \u00e9v. Tipp: a leveg\u0151ztet\u00e9s az eg\u00e9sz \u00e9ves gyep\u00e1pol\u00e1s r\u00e9sze, minden m\u00e1sodik-harmadik ny\u00edr\u00e1s ut\u00e1n sz\u00fcks\u00e9g van r\u00e1.<\/p>\n<p>&nbsp;<\/p>\n<p>Munkasz\u00e9less\u00e9g 35 cm \/ 13,78 coll<\/p>\n<\/div>\n","protected":false},"excerpt":{"rendered":"<div class=\"weight\">Term\u00e9k s\u00falya: 1.1 kg<\/div>\n<div class=\"stock-container\">\n<div class=\"topstock\"><\/div>\n<div class=\"stock-info\">\n<div class=\"green\">Sz\u00e1ll\u00edt\u00e1si id\u0151: 48 \u00f3r\u00e1n bel\u00fcl<\/div>\n<\/div>\n<\/div>\n","protected":false},"featured_media":5988,"comment_status":"closed","ping_status":"closed","template":"","meta":[],"product_brand":[],"product_cat":[343],"product_tag":[],"class_list":{"0":"post-5987","1":"product","2":"type-product","3":"status-publish","4":"has-post-thumbnail","6":"product_cat-akciok","8":"first","9":"instock","10":"sale","11":"taxable","12":"shipping-taxable","13":"purchasable","14":"product-type-simple"},"_links":{"self":[{"href":"https:\/\/chilimag.hu\/webshop\/wp-json\/wp\/v2\/product\/5987","targetHints":{"allow":["GET"]}}],"collection":[{"href":"https:\/\/chilimag.hu\/webshop\/wp-json\/wp\/v2\/product"}],"about":[{"href":"https:\/\/chilimag.hu\/webshop\/wp-json\/wp\/v2\/types\/product"}],"replies":[{"embeddable":true,"href":"https:\/\/chilimag.hu\/webshop\/wp-json\/wp\/v2\/comments?post=5987"}],"wp:featuredmedia":[{"embeddable":true,"href":"https:\/\/chilimag.hu\/webshop\/wp-json\/wp\/v2\/media\/5988"}],"wp:attachment":[{"href":"https:\/\/chilimag.hu\/webshop\/wp-json\/wp\/v2\/media?parent=5987"}],"wp:term":[{"taxonomy":"product_brand","embeddable":true,"href":"https:\/\/chilimag.hu\/webshop\/wp-json\/wp\/v2\/product_brand?post=5987"},{"taxonomy":"product_cat","embeddable":true,"href":"https:\/\/chilimag.hu\/webshop\/wp-json\/wp\/v2\/product_cat?post=5987"},{"taxonomy":"product_tag","embeddable":true,"href":"https:\/\/chilimag.hu\/webshop\/wp-json\/wp\/v2\/product_tag?post=5987"}],"curies":[{"name":"wp","href":"https:\/\/api.w.org\/{rel}","templated":true}]}}