{"id":5948,"date":"2017-11-09T07:45:22","date_gmt":"2017-11-09T07:45:22","guid":{"rendered":"https:\/\/chilimag.hu\/webshop\/?post_type=product&#038;p=5948"},"modified":"2023-02-04T07:12:22","modified_gmt":"2023-02-04T07:12:22","slug":"gardena-cs-fugereblye-60cm","status":"publish","type":"product","link":"https:\/\/chilimag.hu\/webshop\/termek\/gardena-cs-fugereblye-60cm\/","title":{"rendered":"GARDENA CS F\u0171gereblye 60cm"},"content":{"rendered":"<div class=\"price\"><\/div>\n<div class=\"stock-container\"><\/div>\n<div class=\"product-description\">\n<p>A GARDENA combisystem f\u0171gereblye seg\u00edts\u00e9g\u00e9vel a gyep \u00fcgyesen megtiszt\u00edthat\u00f3 a f\u0171nyesed\u00e9kt\u0151l \u00e9s a levelekt\u0151l. A szersz\u00e1m munkasz\u00e9less\u00e9ge 60 cm. Praktikus: gerebly\u00e9z\u00e9skor a f\u0171gy\u0171jt\u0151 r\u00e9sz felfogja a f\u0171nyesed\u00e9ket \u00e9s a leveleket. A f\u0171gereblye b\u00e1rmely GARDENA combisystem ny\u00e9lre felhelyezhet\u0151; a GARDENA a 180 cm-es nyelet javasolja, testmagass\u00e1gt\u00f3l f\u00fcgg\u0151en. A garanciaid\u0151 25 \u00e9v.<\/p>\n<p>Munkasz\u00e9less\u00e9g 60 cm \/ 23,62 coll<\/p>\n<\/div>\n","protected":false},"excerpt":{"rendered":"<div class=\"weight\">Term\u00e9k s\u00falya: 1.5 kg<\/div>\n<div class=\"stock-container\">\n<div class=\"topstock\">Rakt\u00e1ron<\/div>\n<div class=\"stock-info\">\n<div class=\"green\">Sz\u00e1ll\u00edt\u00e1si id\u0151: 48 \u00f3r\u00e1n bel\u00fcl<\/div>\n<\/div>\n<\/div>\n","protected":false},"featured_media":5949,"comment_status":"closed","ping_status":"closed","template":"","meta":[],"product_brand":[],"product_cat":[343],"product_tag":[],"class_list":{"0":"post-5948","1":"product","2":"type-product","3":"status-publish","4":"has-post-thumbnail","6":"product_cat-akciok","8":"first","9":"instock","10":"sale","11":"taxable","12":"shipping-taxable","13":"purchasable","14":"product-type-simple"},"_links":{"self":[{"href":"https:\/\/chilimag.hu\/webshop\/wp-json\/wp\/v2\/product\/5948","targetHints":{"allow":["GET"]}}],"collection":[{"href":"https:\/\/chilimag.hu\/webshop\/wp-json\/wp\/v2\/product"}],"about":[{"href":"https:\/\/chilimag.hu\/webshop\/wp-json\/wp\/v2\/types\/product"}],"replies":[{"embeddable":true,"href":"https:\/\/chilimag.hu\/webshop\/wp-json\/wp\/v2\/comments?post=5948"}],"wp:featuredmedia":[{"embeddable":true,"href":"https:\/\/chilimag.hu\/webshop\/wp-json\/wp\/v2\/media\/5949"}],"wp:attachment":[{"href":"https:\/\/chilimag.hu\/webshop\/wp-json\/wp\/v2\/media?parent=5948"}],"wp:term":[{"taxonomy":"product_brand","embeddable":true,"href":"https:\/\/chilimag.hu\/webshop\/wp-json\/wp\/v2\/product_brand?post=5948"},{"taxonomy":"product_cat","embeddable":true,"href":"https:\/\/chilimag.hu\/webshop\/wp-json\/wp\/v2\/product_cat?post=5948"},{"taxonomy":"product_tag","embeddable":true,"href":"https:\/\/chilimag.hu\/webshop\/wp-json\/wp\/v2\/product_tag?post=5948"}],"curies":[{"name":"wp","href":"https:\/\/api.w.org\/{rel}","templated":true}]}}