{"id":5922,"date":"2017-11-08T09:04:48","date_gmt":"2017-11-08T09:04:48","guid":{"rendered":"https:\/\/chilimag.hu\/webshop\/?post_type=product&#038;p=5922"},"modified":"2025-10-11T13:59:01","modified_gmt":"2025-10-11T13:59:01","slug":"gardena-cs-kerti-furesz-300p","status":"publish","type":"product","link":"https:\/\/chilimag.hu\/webshop\/termek\/gardena-cs-kerti-furesz-300p\/","title":{"rendered":"GARDENA CS-Kerti f\u0171r\u00e9sz 300P"},"content":{"rendered":"<div class=\"stock-container\"><\/div>\n<div class=\"product-description\">\n<p>A 300 mm-es f\u0171r\u00e9szlappal ell\u00e1tott, \u00edvelt GARDENA combisystem kerti f\u0171r\u00e9sz rugalmasan haszn\u00e1lhat\u00f3 a k\u00fcl\u00f6nb\u00f6z\u0151 jelleg\u0171 munk\u00e1khoz. A k\u00f6nnyen el\u00e9rhet\u0151 \u00e1gak f\u0171r\u00e9szel\u00e9s\u00e9hez haszn\u00e1lja a kerti f\u0171r\u00e9szt \u201enorm\u00e1l\u201d k\u00e9zif\u0171r\u00e9szk\u00e9nt. A f\u0171r\u00e9sz nyele j\u00f3l fekszik a k\u00e9zben, mert k\u00e9nyelmes, l\u00e1gy m\u0171anyag elemekkel ell\u00e1tott, ergon\u00f3mikus kialak\u00edt\u00e1s\u00fa. Magasabban fekv\u0151 \u00e1gak eset\u00e9n, ak\u00e1r 5 m\u00e9teres magass\u00e1gig egyszer\u0171en hosszabb\u00edtsa meg a nyel\u00e9t, haszn\u00e1lja a combisystem teleszk\u00f3prudat. Praktikus: egyszer\u0171en r\u00f6gz\u00edtse a combisystem nyelet a f\u0171r\u00e9szhez. A biztos\u00edt\u00f3 z\u00e1r garant\u00e1lja, hogy a kapcsolat stabil marad. A biztons\u00e1gos v\u00e1g\u00e1s \u00e9rdek\u00e9ben impulzus-edzett foghegyekkel \u00e9s h\u00e1romszoros csiszolattal rendelkezik. Az \u00edvelt combisystem kerti f\u0171r\u00e9sz 300 P korr\u00f3zi\u00f3 ellen ide\u00e1lis v\u00e9delmet ny\u00fajt\u00f3 speci\u00e1lis bevonattal k\u00e9sz\u00fcl. A ny\u00e9l visszahajl\u00f3 kialak\u00edt\u00e1sa megakad\u00e1lyozza, hogy lecs\u00fasszon a keze m\u00e9g h\u00faz\u00f3 mozdulatn\u00e1l is.<\/p>\n<p>&nbsp;<\/p>\n<p>&nbsp;<\/p>\n<table>\n<tbody>\n<tr>\n<th scope=\"row\">K\u00e9s hossza<\/th>\n<td>\u00a0315 mm \/ 12,4 coll<\/td>\n<\/tr>\n<tr>\n<th scope=\"row\">Fogazat<\/th>\n<td>\u00a0Keresztfogaz\u00e1s\u00fa, Speci\u00e1lis fogazat h\u00faz\u00f3 mozg\u00e1sir\u00e1ny\u00fa v\u00e1g\u00e1shoz<\/td>\n<\/tr>\n<\/tbody>\n<\/table>\n<\/div>\n","protected":false},"excerpt":{"rendered":"<div class=\"imageContainer product-left\"><\/div>\n<div class=\"weight\">Term\u00e9k s\u00falya: 0.41 kg<\/div>\n<div class=\"stock-container\">\n<div class=\"topstock\"><\/div>\n<div class=\"stock-info\">\n<div class=\"green\">Sz\u00e1ll\u00edt\u00e1si id\u0151: 48 \u00f3r\u00e1n bel\u00fcl<\/div>\n<\/div>\n<\/div>\n","protected":false},"featured_media":5923,"comment_status":"closed","ping_status":"closed","template":"","meta":[],"product_brand":[],"product_cat":[343],"product_tag":[],"class_list":{"0":"post-5922","1":"product","2":"type-product","3":"status-publish","4":"has-post-thumbnail","6":"product_cat-akciok","8":"first","9":"instock","10":"sale","11":"taxable","12":"shipping-taxable","13":"purchasable","14":"product-type-simple"},"_links":{"self":[{"href":"https:\/\/chilimag.hu\/webshop\/wp-json\/wp\/v2\/product\/5922","targetHints":{"allow":["GET"]}}],"collection":[{"href":"https:\/\/chilimag.hu\/webshop\/wp-json\/wp\/v2\/product"}],"about":[{"href":"https:\/\/chilimag.hu\/webshop\/wp-json\/wp\/v2\/types\/product"}],"replies":[{"embeddable":true,"href":"https:\/\/chilimag.hu\/webshop\/wp-json\/wp\/v2\/comments?post=5922"}],"wp:featuredmedia":[{"embeddable":true,"href":"https:\/\/chilimag.hu\/webshop\/wp-json\/wp\/v2\/media\/5923"}],"wp:attachment":[{"href":"https:\/\/chilimag.hu\/webshop\/wp-json\/wp\/v2\/media?parent=5922"}],"wp:term":[{"taxonomy":"product_brand","embeddable":true,"href":"https:\/\/chilimag.hu\/webshop\/wp-json\/wp\/v2\/product_brand?post=5922"},{"taxonomy":"product_cat","embeddable":true,"href":"https:\/\/chilimag.hu\/webshop\/wp-json\/wp\/v2\/product_cat?post=5922"},{"taxonomy":"product_tag","embeddable":true,"href":"https:\/\/chilimag.hu\/webshop\/wp-json\/wp\/v2\/product_tag?post=5922"}],"curies":[{"name":"wp","href":"https:\/\/api.w.org\/{rel}","templated":true}]}}