{"id":5913,"date":"2017-11-08T08:59:44","date_gmt":"2017-11-08T08:59:44","guid":{"rendered":"https:\/\/chilimag.hu\/webshop\/?post_type=product&#038;p=5913"},"modified":"2025-10-11T14:02:28","modified_gmt":"2025-10-11T14:02:28","slug":"gardena-comfort-ivelt-kerti-furesz-530","status":"publish","type":"product","link":"https:\/\/chilimag.hu\/webshop\/termek\/gardena-comfort-ivelt-kerti-furesz-530\/","title":{"rendered":"GARDENA COMFORT \u00cdvelt Kerti F\u0171r\u00e9sz 530"},"content":{"rendered":"<div class=\"quantity\"><\/div>\n<div class=\"stock-container\"><\/div>\n<div class=\"product-description\">\n<p>A k\u00f6nny\u0171, de er\u0151s fel\u00e9p\u00edt\u00e9s\u0171 GARDENA Comfort 530 keretes f\u0171r\u00e9sz ide\u00e1lisan haszn\u00e1lhat\u00f3 vastagabb \u00e1gak \u00e9s r\u00f6nk\u00f6k v\u00e1g\u00e1s\u00e1hoz. A f\u0171r\u00e9sz 530 mm hossz\u00fa, impulzusedzett, rozsda\u00e1ll\u00f3, finom csiszolat\u00fa fogazattal ell\u00e1tott lapja a friss \u00e9s a sz\u00e1raz f\u00e1t egyar\u00e1nt kiv\u00e1l\u00f3an v\u00e1gja. A keret az orra fel\u00e9 sz\u0171k\u00fcl, hogy a f\u0171r\u00e9szel\u00e9s sz\u0171k helyen is probl\u00e9mamentes \u00e9s biztons\u00e1gos legyen. Az \u00fctk\u00f6z\u00e9sv\u00e9d\u0151s komfortmarkolat \u00e9s a m\u00e1sodlagos markolat a keret elej\u00e9n garant\u00e1lj\u00e1k a biztons\u00e1gos fog\u00e1st \u00e9s a f\u0171r\u00e9sz k\u00f6nny\u0171 vezet\u00e9s\u00e9t. A stabil, csavarod\u00e1sbiztosra alak\u00edtott ac\u00e9lkeret rozsda\u00e1ll\u00f3 anyagb\u00f3l k\u00e9sz\u00fcl. A hat\u00e9kony munkav\u00e9gz\u00e9s \u00e9rdek\u00e9ben a f\u0171r\u00e9szlap feszess\u00e9ge egy csavarszerkezettel k\u00f6nnyed\u00e9n \u00e1ll\u00edthat\u00f3. A f\u0171r\u00e9szlap k\u00f6nnyed\u00e9n, gyorsan, szersz\u00e1m n\u00e9lk\u00fcl cser\u00e9lhet\u0151. A f\u0171r\u00e9szlapv\u00e9d\u0151 biztons\u00e1gos sz\u00e1ll\u00edt\u00e1st \u00e9s t\u00e1rol\u00e1st tesz lehet\u0151v\u00e9. A garanciaid\u0151 25 \u00e9v.<\/p>\n<p>&nbsp;<\/p>\n<p>&nbsp;<\/p>\n<table>\n<tbody>\n<tr>\n<th scope=\"row\">K\u00e9s hossza<\/th>\n<td>\u00a0530 mm \/ 20,87 coll<\/td>\n<\/tr>\n<tr>\n<th scope=\"row\">Fogazat<\/th>\n<td>\u00a0Roncsol\u00e1smentes v\u00e1g\u00e1st biztos\u00edt\u00f3 fogazat, Keresztfogaz\u00e1s\u00fa<\/td>\n<\/tr>\n<\/tbody>\n<\/table>\n<\/div>\n<div class=\"button_back\"><\/div>\n<div class=\"details product-right\"><\/div>\n<div class=\"clearfix\"><\/div>\n","protected":false},"excerpt":{"rendered":"<div class=\"weight\">Term\u00e9k s\u00falya: 0.47 kg<\/div>\n<div class=\"stock-container\">\n<div class=\"topstock\"><\/div>\n<div class=\"stock-info\">\n<div class=\"green\">Sz\u00e1ll\u00edt\u00e1si id\u0151: 48 \u00f3r\u00e1n bel\u00fcl<\/div>\n<\/div>\n<\/div>\n","protected":false},"featured_media":5914,"comment_status":"closed","ping_status":"closed","template":"","meta":[],"product_brand":[],"product_cat":[343],"product_tag":[],"class_list":{"0":"post-5913","1":"product","2":"type-product","3":"status-publish","4":"has-post-thumbnail","6":"product_cat-akciok","8":"first","9":"instock","10":"sale","11":"taxable","12":"shipping-taxable","13":"purchasable","14":"product-type-simple"},"_links":{"self":[{"href":"https:\/\/chilimag.hu\/webshop\/wp-json\/wp\/v2\/product\/5913","targetHints":{"allow":["GET"]}}],"collection":[{"href":"https:\/\/chilimag.hu\/webshop\/wp-json\/wp\/v2\/product"}],"about":[{"href":"https:\/\/chilimag.hu\/webshop\/wp-json\/wp\/v2\/types\/product"}],"replies":[{"embeddable":true,"href":"https:\/\/chilimag.hu\/webshop\/wp-json\/wp\/v2\/comments?post=5913"}],"wp:featuredmedia":[{"embeddable":true,"href":"https:\/\/chilimag.hu\/webshop\/wp-json\/wp\/v2\/media\/5914"}],"wp:attachment":[{"href":"https:\/\/chilimag.hu\/webshop\/wp-json\/wp\/v2\/media?parent=5913"}],"wp:term":[{"taxonomy":"product_brand","embeddable":true,"href":"https:\/\/chilimag.hu\/webshop\/wp-json\/wp\/v2\/product_brand?post=5913"},{"taxonomy":"product_cat","embeddable":true,"href":"https:\/\/chilimag.hu\/webshop\/wp-json\/wp\/v2\/product_cat?post=5913"},{"taxonomy":"product_tag","embeddable":true,"href":"https:\/\/chilimag.hu\/webshop\/wp-json\/wp\/v2\/product_tag?post=5913"}],"curies":[{"name":"wp","href":"https:\/\/api.w.org\/{rel}","templated":true}]}}