{"id":5862,"date":"2017-11-08T08:17:23","date_gmt":"2017-11-08T08:17:23","guid":{"rendered":"https:\/\/chilimag.hu\/webshop\/?post_type=product&#038;p=5862"},"modified":"2023-02-04T09:49:14","modified_gmt":"2023-02-04T09:49:14","slug":"gardena-elektromos-sovenynyiro-easycut-50055","status":"publish","type":"product","link":"https:\/\/chilimag.hu\/webshop\/termek\/gardena-elektromos-sovenynyiro-easycut-50055\/","title":{"rendered":"GARDENA elektromos s\u00f6v\u00e9nyny\u00edr\u00f3 EasyCut 500\/55"},"content":{"rendered":"<div class=\"quantity\"><\/div>\n<div class=\"stock-container\"><\/div>\n<div class=\"product-description\">\n<p>Ez az egyszer\u0171en kezelhet\u0151 \u00e9s k\u00f6nny\u0171 s\u00f6v\u00e9nyny\u00edr\u00f3 kiv\u00e1l\u00f3an alkalmas k\u00f6zepes m\u00e9ret\u0171 s\u00f6v\u00e9nyek er\u0151teljes \u00e9s k\u00e9nyelmes ny\u00edr\u00e1s\u00e1ra. A kompakt kialak\u00edt\u00e1s j\u00f3 kiegyens\u00falyozotts\u00e1got biztos\u00edt. A speci\u00e1lis ErgoTec foganty\u00faval optim\u00e1lisan ir\u00e1ny\u00edthat\u00f3, k\u00fcl\u00f6n\u00f6sen a s\u00f6v\u00e9ny oldal\u00e1nak ny\u00edr\u00e1sakor. Az optimaliz\u00e1lt k\u00e9sgeometria biztos\u00edtja a gallyak \u00e9s v\u00e9konyabb \u00e1gak hat\u00e9kony, gyors \u00e9s roncsol\u00e1smentes v\u00e1g\u00e1s\u00e1t.<\/p>\n<p>&nbsp;<\/p>\n<p><strong>Motor specifik\u00e1ci\u00f3<\/strong><\/p>\n<table>\n<tbody>\n<tr>\n<th class=\"techdata-group\" colspan=\"2\"><\/th>\n<\/tr>\n<tr>\n<th scope=\"row\">Fesz\u00fclts\u00e9g<\/th>\n<td>\u00a0230 V<\/td>\n<\/tr>\n<tr>\n<th scope=\"row\">Teljes\u00edtm\u00e9ny<\/th>\n<td>\u00a0500 W<\/td>\n<\/tr>\n<tr>\n<th class=\"techdata-group\" colspan=\"2\">&nbsp;<\/p>\n<p>Alapfelszerelts\u00e9g<\/th>\n<\/tr>\n<tr>\n<th scope=\"row\">K\u00e9s hossza<\/th>\n<td>\u00a055 cm \/ 21,65 coll<\/td>\n<\/tr>\n<tr>\n<th scope=\"row\">Fogak t\u00e1vols\u00e1ga<\/th>\n<td>\u00a018 mm \/ 0,71 &#8222;<\/td>\n<\/tr>\n<tr>\n<th class=\"techdata-group\" colspan=\"2\">&nbsp;<\/p>\n<p>K\u00fcls\u0151 m\u00e9retek<\/th>\n<\/tr>\n<tr>\n<th scope=\"row\">S\u00faly<\/th>\n<td>\u00a02,78 kg \/ 6,13 font<\/td>\n<\/tr>\n<tr>\n<th class=\"techdata-group\" colspan=\"2\">&nbsp;<\/p>\n<p>Rezg\u00e9s-\u00e9s zajszint<\/th>\n<\/tr>\n<tr>\n<th scope=\"row\">Garant\u00e1lt zajnyom\u00e1s, LWA<\/th>\n<td>\u00a097 dB(A)<\/td>\n<\/tr>\n<tr>\n<th scope=\"row\">Rezg\u00e9s (ah)<\/th>\n<td>\u00a03,049 m\/s\u00b2<\/td>\n<\/tr>\n<\/tbody>\n<\/table>\n<\/div>\n","protected":false},"excerpt":{"rendered":"<div class=\"weight\">Term\u00e9k s\u00falya: 4 kg<\/div>\n<div class=\"stock-container\">\n<div class=\"topstock\"><\/div>\n<div class=\"stock-info\">\n<div class=\"green\">Sz\u00e1ll\u00edt\u00e1si id\u0151: 48 \u00f3r\u00e1n bel\u00fcl<\/div>\n<\/div>\n<\/div>\n","protected":false},"featured_media":5863,"comment_status":"closed","ping_status":"closed","template":"","meta":[],"product_brand":[],"product_cat":[343],"product_tag":[],"class_list":{"0":"post-5862","1":"product","2":"type-product","3":"status-publish","4":"has-post-thumbnail","6":"product_cat-akciok","8":"first","9":"instock","10":"sale","11":"taxable","12":"shipping-taxable","13":"purchasable","14":"product-type-simple"},"_links":{"self":[{"href":"https:\/\/chilimag.hu\/webshop\/wp-json\/wp\/v2\/product\/5862","targetHints":{"allow":["GET"]}}],"collection":[{"href":"https:\/\/chilimag.hu\/webshop\/wp-json\/wp\/v2\/product"}],"about":[{"href":"https:\/\/chilimag.hu\/webshop\/wp-json\/wp\/v2\/types\/product"}],"replies":[{"embeddable":true,"href":"https:\/\/chilimag.hu\/webshop\/wp-json\/wp\/v2\/comments?post=5862"}],"wp:featuredmedia":[{"embeddable":true,"href":"https:\/\/chilimag.hu\/webshop\/wp-json\/wp\/v2\/media\/5863"}],"wp:attachment":[{"href":"https:\/\/chilimag.hu\/webshop\/wp-json\/wp\/v2\/media?parent=5862"}],"wp:term":[{"taxonomy":"product_brand","embeddable":true,"href":"https:\/\/chilimag.hu\/webshop\/wp-json\/wp\/v2\/product_brand?post=5862"},{"taxonomy":"product_cat","embeddable":true,"href":"https:\/\/chilimag.hu\/webshop\/wp-json\/wp\/v2\/product_cat?post=5862"},{"taxonomy":"product_tag","embeddable":true,"href":"https:\/\/chilimag.hu\/webshop\/wp-json\/wp\/v2\/product_tag?post=5862"}],"curies":[{"name":"wp","href":"https:\/\/api.w.org\/{rel}","templated":true}]}}