{"id":5830,"date":"2017-11-08T07:58:44","date_gmt":"2017-11-08T07:58:44","guid":{"rendered":"https:\/\/chilimag.hu\/webshop\/?post_type=product&#038;p=5830"},"modified":"2023-07-11T08:36:06","modified_gmt":"2023-07-11T08:36:06","slug":"gardena-fejsze-1400-a-fekete","status":"publish","type":"product","link":"https:\/\/chilimag.hu\/webshop\/termek\/gardena-fejsze-1400-a-fekete\/","title":{"rendered":"GARDENA Fejsze 1400 A (Fekete)"},"content":{"rendered":"<div class=\"quantity\"><\/div>\n<div class=\"stock-container\"><\/div>\n<div class=\"product-description\">\n<p>A GARDENA univerz\u00e1lis fejsze 1400A k\u00fcl\u00f6nb\u00f6z\u0151 t\u00edpus\u00fa, f\u00e1val t\u00f6rt\u00e9n\u0151 \u00e9p\u00edt\u00e9si, vagy erd\u00e9szeti munk\u00e1khoz. A tapad\u00e1st-g\u00e1tl\u00f3 bevonat\u00fa fejszefej r\u00e9v\u00e9n kisebb a s\u00farl\u00f3d\u00e1s, \u00e9s a fej k\u00f6nnyebben hatol be a f\u00e1ba, a fej \u00e9s az \u00e9l geometri\u00e1ja pedig igazodik a munkafolyamathoz. Nemesac\u00e9l v\u00e9delem biztos\u00edtja a ny\u00e9l hossz\u00fa \u00e9lettartam\u00e1t. Az \u00fcvegsz\u00e1l meger\u0151s\u00edt\u00e9s\u0171 poliamid ny\u00e9l \u00e1ltal a fejsze tart\u00f3s \u00e9s robusztus. A fejsze fej\u00e9hez k\u00f6zel l\u00e9v\u0151 s\u00falypont t\u00f6k\u00e9letes egyens\u00falyt \u00e9s s\u00falyeloszt\u00e1st ny\u00fajt. Ez a kombin\u00e1ci\u00f3 er\u0151teljes, m\u00e9ly v\u00e1g\u00e1st eredm\u00e9nyez. A kalap\u00e1cs funkci\u00f3 \u00e1ltal az \u00e9kek bever\u00e9se hat\u00e9konyabb (ne haszn\u00e1lja ac\u00e9l \u00e9khez). A GARDENA 10 \u00e9v szavatoss\u00e1got garant\u00e1l erre a fejsz\u00e9re.<\/p>\n<\/div>\n","protected":false},"excerpt":{"rendered":"<div class=\"weight\">Term\u00e9k s\u00falya: 1.8 kg<\/div>\n<div class=\"stock-container\">\n<div class=\"topstock\"><\/div>\n<div class=\"stock-info\">\n<div class=\"green\">Sz\u00e1ll\u00edt\u00e1si id\u0151: 48 \u00f3r\u00e1n bel\u00fcl<\/div>\n<\/div>\n<\/div>\n","protected":false},"featured_media":5831,"comment_status":"closed","ping_status":"closed","template":"","meta":[],"product_brand":[],"product_cat":[343],"product_tag":[],"class_list":{"0":"post-5830","1":"product","2":"type-product","3":"status-publish","4":"has-post-thumbnail","6":"product_cat-akciok","8":"first","9":"instock","10":"sale","11":"taxable","12":"shipping-taxable","13":"purchasable","14":"product-type-simple"},"_links":{"self":[{"href":"https:\/\/chilimag.hu\/webshop\/wp-json\/wp\/v2\/product\/5830","targetHints":{"allow":["GET"]}}],"collection":[{"href":"https:\/\/chilimag.hu\/webshop\/wp-json\/wp\/v2\/product"}],"about":[{"href":"https:\/\/chilimag.hu\/webshop\/wp-json\/wp\/v2\/types\/product"}],"replies":[{"embeddable":true,"href":"https:\/\/chilimag.hu\/webshop\/wp-json\/wp\/v2\/comments?post=5830"}],"wp:featuredmedia":[{"embeddable":true,"href":"https:\/\/chilimag.hu\/webshop\/wp-json\/wp\/v2\/media\/5831"}],"wp:attachment":[{"href":"https:\/\/chilimag.hu\/webshop\/wp-json\/wp\/v2\/media?parent=5830"}],"wp:term":[{"taxonomy":"product_brand","embeddable":true,"href":"https:\/\/chilimag.hu\/webshop\/wp-json\/wp\/v2\/product_brand?post=5830"},{"taxonomy":"product_cat","embeddable":true,"href":"https:\/\/chilimag.hu\/webshop\/wp-json\/wp\/v2\/product_cat?post=5830"},{"taxonomy":"product_tag","embeddable":true,"href":"https:\/\/chilimag.hu\/webshop\/wp-json\/wp\/v2\/product_tag?post=5830"}],"curies":[{"name":"wp","href":"https:\/\/api.w.org\/{rel}","templated":true}]}}