{"id":5674,"date":"2017-11-05T08:59:30","date_gmt":"2017-11-05T08:59:30","guid":{"rendered":"https:\/\/chilimag.hu\/webshop\/?post_type=product&#038;p=5674"},"modified":"2023-01-30T14:38:25","modified_gmt":"2023-01-30T14:38:25","slug":"gardena-aquazoom-2501","status":"publish","type":"product","link":"https:\/\/chilimag.hu\/webshop\/termek\/gardena-aquazoom-2501\/","title":{"rendered":"GARDENA Aquazoom 250\/1"},"content":{"rendered":"<div class=\"stock-container\"><\/div>\n<div class=\"product-description\">\n<p>A GARDENA Comfort Aquazoom 250\/1 n\u00e9gysz\u00f6ges\u0151ztet\u0151 ide\u00e1lis a kisebb, t\u00e9glalap alak\u00fa fel\u00fcletek \u00f6nt\u00f6z\u00e9s\u00e9hez 105 m\u00b2-t\u0151l 250 m\u00b2-ig. A hat\u00f3t\u00e1v fokozatmentesen \u00e1ll\u00edthat\u00f3 7 \u00e9s 17 m k\u00f6z\u00f6tt, a sz\u00f3r\u00e1ssz\u00e9less\u00e9g maximum 15 m. Magasabb n\u00f6v\u00e9nyek megfelel\u0151 \u00f6nt\u00f6z\u00e9s\u00e9hez az es\u0151ztet\u0151 GARDENA es\u0151ztet\u0151\u00e1llv\u00e1nyra helyezhet\u0151. A GARDENA Comfort Aquazoom 250\/1 seg\u00edts\u00e9g\u00e9vel biztos\u00edthatja a gyep t\u00f6k\u00e9letes \u00f6nt\u00f6z\u00e9s\u00e9t.<\/p>\n<\/div>\n","protected":false},"excerpt":{"rendered":"<div class=\"weight\">Term\u00e9k s\u00falya: 0.7 kg<\/div>\n<div class=\"stock-container\">\n<div class=\"topstock\"><\/div>\n<div class=\"stock-info\">\n<div class=\"green\">Sz\u00e1ll\u00edt\u00e1si id\u0151: 48 \u00f3r\u00e1n bel\u00fcl<\/div>\n<\/div>\n<\/div>\n","protected":false},"featured_media":5675,"comment_status":"closed","ping_status":"closed","template":"","meta":[],"product_brand":[],"product_cat":[343],"product_tag":[],"class_list":{"0":"post-5674","1":"product","2":"type-product","3":"status-publish","4":"has-post-thumbnail","6":"product_cat-akciok","8":"first","9":"instock","10":"sale","11":"taxable","12":"shipping-taxable","13":"purchasable","14":"product-type-simple"},"_links":{"self":[{"href":"https:\/\/chilimag.hu\/webshop\/wp-json\/wp\/v2\/product\/5674","targetHints":{"allow":["GET"]}}],"collection":[{"href":"https:\/\/chilimag.hu\/webshop\/wp-json\/wp\/v2\/product"}],"about":[{"href":"https:\/\/chilimag.hu\/webshop\/wp-json\/wp\/v2\/types\/product"}],"replies":[{"embeddable":true,"href":"https:\/\/chilimag.hu\/webshop\/wp-json\/wp\/v2\/comments?post=5674"}],"wp:featuredmedia":[{"embeddable":true,"href":"https:\/\/chilimag.hu\/webshop\/wp-json\/wp\/v2\/media\/5675"}],"wp:attachment":[{"href":"https:\/\/chilimag.hu\/webshop\/wp-json\/wp\/v2\/media?parent=5674"}],"wp:term":[{"taxonomy":"product_brand","embeddable":true,"href":"https:\/\/chilimag.hu\/webshop\/wp-json\/wp\/v2\/product_brand?post=5674"},{"taxonomy":"product_cat","embeddable":true,"href":"https:\/\/chilimag.hu\/webshop\/wp-json\/wp\/v2\/product_cat?post=5674"},{"taxonomy":"product_tag","embeddable":true,"href":"https:\/\/chilimag.hu\/webshop\/wp-json\/wp\/v2\/product_tag?post=5674"}],"curies":[{"name":"wp","href":"https:\/\/api.w.org\/{rel}","templated":true}]}}