{"id":41479,"date":"2026-04-30T07:25:52","date_gmt":"2026-04-30T07:25:52","guid":{"rendered":"https:\/\/chilimag.hu\/webshop\/?post_type=product&#038;p=41479"},"modified":"2026-04-30T07:25:52","modified_gmt":"2026-04-30T07:25:52","slug":"schultz-tapoldat-savas-taptalajt-kedvelo-novenyekhez-350gr-sl","status":"publish","type":"product","link":"https:\/\/chilimag.hu\/webshop\/termek\/schultz-tapoldat-savas-taptalajt-kedvelo-novenyekhez-350gr-sl\/","title":{"rendered":"Schultz T\u00e1poldat savas t\u00e1ptalajt kedvel\u0151 n\u00f6v\u00e9nyekhez 350gr SL"},"content":{"rendered":"","protected":false},"excerpt":{"rendered":"<p><img decoding=\"async\" class=\"\" src=\"https:\/\/b2b.seklos.lt\/img\/m\/163-medium_default.jpg\" alt=\"\" width=\"151\" height=\"151\" \/><\/p>\n<h3>Term\u00e9kle\u00edr\u00e1s<\/h3>\n<p>SCHULTZ Acid Harvest Food (Betakar\u00edt\u00f3 m\u0171tr\u00e1gya savkedvel\u0151 n\u00f6v\u00e9nyeknek) 0-18-36+4MgO+Mikrot\u00e1panyagok<\/p>\n<p>Az Acid Harvest Food egy innovat\u00edv nitrog\u00e9nmentes m\u0171tr\u00e1gya, amelyet savkedvel\u0151 n\u00f6v\u00e9nyek sz\u00e1m\u00e1ra terveztek. Mivel nem tartalmaz nitrog\u00e9nt, a n\u00f6v\u00e9nyek nem halmoznak fel felesleges nitr\u00e1tokat, \u00edgy eg\u00e9szs\u00e9gesebb \u00e9s jobb min\u0151s\u00e9g\u0171 term\u00e9nyt biztos\u00edtanak.<\/p>\n<p>Ez a m\u0171tr\u00e1gya k\u00fcl\u00f6n\u00f6sen hasznos az \u00e1fonya sz\u00e1m\u00e1ra az \u00e9r\u00e9si f\u00e1zisban \u00e9s szeptembert\u0151l kezdve, hogy seg\u00edtsen a n\u00f6v\u00e9nyeknek felk\u00e9sz\u00fclni a t\u00e9lre. Mivel az Acid Harvest Food nem seg\u00edti el\u0151 a vegetat\u00edv n\u00f6veked\u00e9st, lehet\u0151v\u00e9 teszi a n\u00f6v\u00e9nyek sz\u00e1m\u00e1ra, hogy t\u00e1rolj\u00e1k az alapvet\u0151 t\u00e1panyagokat, er\u0151s\u00edts\u00e9k immunit\u00e1sukat \u00e9s jobban ellen\u00e1lljanak a t\u00e9li kih\u00edv\u00e1soknak.<\/p>\n<p>Egyedi formul\u00e1j\u00e1nak k\u00f6sz\u00f6nhet\u0151en az Acid Harvest Food kiv\u00e1l\u00f3 \u0151szi m\u0171tr\u00e1gya \u00e1fonya, v\u00f6r\u00f6s\u00e1fonya, rododendron, az\u00e1lea, fut\u00f3- \u00e9s nagylevel\u0171 hortenzia, valamint magn\u00f3lia sz\u00e1m\u00e1ra.<\/p>\n<p>M\u00e1rka SCHULTZ GARDEN<br \/>\nM\u0171tr\u00e1gya t\u00edpusa Oldhat\u00f3<br \/>\nC\u00e9lja \u00c1fonya m\u0171tr\u00e1gya, Univerz\u00e1lis m\u0171tr\u00e1gya<br \/>\nCsomagol\u00e1s 0,35 kg<br \/>\nT\u00f6mb t\u00edpusa Oldhat\u00f3<\/p>\n<p>&nbsp;<\/p>\n","protected":false},"featured_media":41480,"comment_status":"closed","ping_status":"closed","template":"","meta":[],"product_brand":[],"product_cat":[391],"product_tag":[],"class_list":{"0":"post-41479","1":"product","2":"type-product","3":"status-publish","4":"has-post-thumbnail","6":"product_cat-egyeb-tapoldatok","8":"first","9":"instock","10":"taxable","11":"shipping-taxable","12":"purchasable","13":"product-type-simple"},"_links":{"self":[{"href":"https:\/\/chilimag.hu\/webshop\/wp-json\/wp\/v2\/product\/41479","targetHints":{"allow":["GET"]}}],"collection":[{"href":"https:\/\/chilimag.hu\/webshop\/wp-json\/wp\/v2\/product"}],"about":[{"href":"https:\/\/chilimag.hu\/webshop\/wp-json\/wp\/v2\/types\/product"}],"replies":[{"embeddable":true,"href":"https:\/\/chilimag.hu\/webshop\/wp-json\/wp\/v2\/comments?post=41479"}],"wp:featuredmedia":[{"embeddable":true,"href":"https:\/\/chilimag.hu\/webshop\/wp-json\/wp\/v2\/media\/41480"}],"wp:attachment":[{"href":"https:\/\/chilimag.hu\/webshop\/wp-json\/wp\/v2\/media?parent=41479"}],"wp:term":[{"taxonomy":"product_brand","embeddable":true,"href":"https:\/\/chilimag.hu\/webshop\/wp-json\/wp\/v2\/product_brand?post=41479"},{"taxonomy":"product_cat","embeddable":true,"href":"https:\/\/chilimag.hu\/webshop\/wp-json\/wp\/v2\/product_cat?post=41479"},{"taxonomy":"product_tag","embeddable":true,"href":"https:\/\/chilimag.hu\/webshop\/wp-json\/wp\/v2\/product_tag?post=41479"}],"curies":[{"name":"wp","href":"https:\/\/api.w.org\/{rel}","templated":true}]}}