{"id":41476,"date":"2026-04-30T07:21:39","date_gmt":"2026-04-30T07:21:39","guid":{"rendered":"https:\/\/chilimag.hu\/webshop\/?post_type=product&#038;p=41476"},"modified":"2026-04-30T07:22:33","modified_gmt":"2026-04-30T07:22:33","slug":"schultz-orchidea-tapoldat-250ml-sl","status":"publish","type":"product","link":"https:\/\/chilimag.hu\/webshop\/termek\/schultz-orchidea-tapoldat-250ml-sl\/","title":{"rendered":"Schultz Orchidea t\u00e1poldat 250ml SL"},"content":{"rendered":"","protected":false},"excerpt":{"rendered":"<p><img decoding=\"async\" class=\"\" src=\"https:\/\/b2b.seklos.lt\/img\/m\/163-medium_default.jpg\" alt=\"\" width=\"152\" height=\"152\" \/><\/p>\n<h3>Term\u00e9kle\u00edr\u00e1s<\/h3>\n<p>SCHULTZ Orchidea t\u00e1p<br \/>\nNPK 4.5-3-4+1.5MgO+3.4CaO+TE (B+Cu+Fe+Mn+Mo+Zn)<br \/>\nFOLY\u00c9KONY M\u0170TR\u00c1GYA ORCHIDE\u00c1KNAK NYOMELEMEKKEL<br \/>\n250 ml<\/p>\n<p>Teljes \u00e9rt\u00e9k\u0171 foly\u00e9kony m\u0171tr\u00e1gyaoldat, amely kiegyens\u00falyozott kever\u00e9ket tartalmaz az eg\u00e9szs\u00e9ges orchidea n\u00f6veked\u00e9shez sz\u00fcks\u00e9ges \u00f6sszes t\u00e1panyagb\u00f3l, bele\u00e9rtve a kalciumot is. El\u0151seg\u00edti a gyors vir\u00e1gz\u00e1st, a gazdagabb sz\u00edneket, az er\u0151teljes n\u00f6veked\u00e9st \u00e9s a fokozott sz\u00e9ps\u00e9get minden orchide\u00e1ban.<\/p>\n<p>Minden orchideafaj t\u00e1pl\u00e1l\u00e1s\u00e1ra alkalmas, bele\u00e9rtve: Phalaenopsis, Miltonia, Dendrobium, Cattleya, Oncidium, Cymbidium, Paphiopedilum, Brassia, Masdevallia, Vanda, Laelia, Odontoglossum.<\/p>\n<p>EGYSZER\u0170 HASZN\u00c1LATI UTAS\u00cdT\u00c1S<br \/>\nMinden haszn\u00e1lat el\u0151tt alaposan r\u00e1zza fel a flakont. Haszn\u00e1laton k\u00edv\u00fcl tartsa a flakont a doboz\u00e1ban.<\/p>\n<p>Minden haszn\u00e1latkor csak 7 csepp (1 cseppent\u0151s) 1 liter langyos v\u00edzhez (a hideg v\u00edz sokkot okozhat az orchide\u00e1knak). Havonta egyszer vagy k\u00e9tszer etetve legfeljebb 2 cseppent\u0151t haszn\u00e1ljon 1 liter v\u00edzhez.<\/p>\n<p>EK M\u0170TR\u00c1GYA<br \/>\nGARANT\u00c1LT \u00d6SSZET\u00c9TEL. V\u00edzben oldhat\u00f3 \u00f6sszes nitrog\u00e9n (N) 4,45%, ebb\u0151l nitr\u00e1t-nitrog\u00e9n (NO\u2083-N) 4,0%, amm\u00f3nianitrog\u00e9n (NH\u2084-N) 0,4%, semleges amm\u00f3nium-citr\u00e1tban \u00e9s v\u00edzben oldhat\u00f3 foszfor-pentoxid (P\u2082O\u2085) 3%, v\u00edzben oldhat\u00f3 k\u00e1lium-oxid (K\u2082O) 4,0%, magn\u00e9zium-oxid (MgO) 1,5%, v\u00edzben oldhat\u00f3 kalcium-oxid (CaO) 3,4%, v\u00edzben oldhat\u00f3 b\u00f3r (B) 0,004%, v\u00edzben oldhat\u00f3 r\u00e9z (Cu-EDTA) 0,004%, v\u00edzben oldhat\u00f3 vas (Fe-EDTA) 0,03%, v\u00edzben oldhat\u00f3 mang\u00e1n (Mn-EDTA) 0,017%, v\u00edzben oldhat\u00f3 molibd\u00e9n (Mo) 0,002%, v\u00edzben oldhat\u00f3 cink (Zn-EDTA) 0,017%. M\u00e1rka SCHULTZ GARDEN<br \/>\nM\u0171tr\u00e1gya t\u00edpusa Foly\u00e9kony<br \/>\nM\u0171tr\u00e1gya szezonalit\u00e1s Eg\u00e9sz \u00e9ves m\u0171tr\u00e1gy\u00e1z\u00e1s<br \/>\nKiszerel\u00e9s 0,25 l<br \/>\nM\u0171tr\u00e1gya t\u00edpusa Foly\u00e9kony<\/p>\n<p>&nbsp;<\/p>\n","protected":false},"featured_media":41477,"comment_status":"closed","ping_status":"closed","template":"","meta":[],"product_brand":[],"product_cat":[391],"product_tag":[],"class_list":{"0":"post-41476","1":"product","2":"type-product","3":"status-publish","4":"has-post-thumbnail","6":"product_cat-egyeb-tapoldatok","8":"first","9":"instock","10":"taxable","11":"shipping-taxable","12":"purchasable","13":"product-type-simple"},"_links":{"self":[{"href":"https:\/\/chilimag.hu\/webshop\/wp-json\/wp\/v2\/product\/41476","targetHints":{"allow":["GET"]}}],"collection":[{"href":"https:\/\/chilimag.hu\/webshop\/wp-json\/wp\/v2\/product"}],"about":[{"href":"https:\/\/chilimag.hu\/webshop\/wp-json\/wp\/v2\/types\/product"}],"replies":[{"embeddable":true,"href":"https:\/\/chilimag.hu\/webshop\/wp-json\/wp\/v2\/comments?post=41476"}],"wp:featuredmedia":[{"embeddable":true,"href":"https:\/\/chilimag.hu\/webshop\/wp-json\/wp\/v2\/media\/41477"}],"wp:attachment":[{"href":"https:\/\/chilimag.hu\/webshop\/wp-json\/wp\/v2\/media?parent=41476"}],"wp:term":[{"taxonomy":"product_brand","embeddable":true,"href":"https:\/\/chilimag.hu\/webshop\/wp-json\/wp\/v2\/product_brand?post=41476"},{"taxonomy":"product_cat","embeddable":true,"href":"https:\/\/chilimag.hu\/webshop\/wp-json\/wp\/v2\/product_cat?post=41476"},{"taxonomy":"product_tag","embeddable":true,"href":"https:\/\/chilimag.hu\/webshop\/wp-json\/wp\/v2\/product_tag?post=41476"}],"curies":[{"name":"wp","href":"https:\/\/api.w.org\/{rel}","templated":true}]}}