{"id":41474,"date":"2026-04-30T07:18:19","date_gmt":"2026-04-30T07:18:19","guid":{"rendered":"https:\/\/chilimag.hu\/webshop\/?post_type=product&#038;p=41474"},"modified":"2026-04-30T07:18:19","modified_gmt":"2026-04-30T07:18:19","slug":"schultz-tapoldat-viragzo-novenyekhez-250ml-sl","status":"publish","type":"product","link":"https:\/\/chilimag.hu\/webshop\/termek\/schultz-tapoldat-viragzo-novenyekhez-250ml-sl\/","title":{"rendered":"Schultz T\u00e1poldat vir\u00e1gz\u00f3 n\u00f6v\u00e9nyekhez 250ml SL"},"content":{"rendered":"","protected":false},"excerpt":{"rendered":"<p><img decoding=\"async\" class=\"\" src=\"https:\/\/b2b.seklos.lt\/img\/m\/163-medium_default.jpg\" alt=\"\" width=\"151\" height=\"151\" \/><\/p>\n<h3>Term\u00e9kle\u00edr\u00e1s<\/h3>\n<p>Dupla k\u00e1liumtartalommal \u00e9s mikrot\u00e1panyagokkal \u00b7 250 ml 9-8-22+nyomelemek<\/p>\n<p>Kiegyens\u00falyozott, kiv\u00e1l\u00f3 min\u0151s\u00e9g\u0171 m\u0171tr\u00e1gya, amely tartalmazza a n\u00f6v\u00e9nyek n\u00f6veked\u00e9s\u00e9hez sz\u00fcks\u00e9ges \u00f6sszes esszenci\u00e1lis makro- \u00e9s mikrot\u00e1panyagot. Kifejezetten vir\u00e1gos n\u00f6v\u00e9nyek sz\u00e1m\u00e1ra fejlesztett\u00e9k ki a r\u00fcgyk\u00e9pz\u0151d\u00e9s, a b\u0151s\u00e9ges \u00e9s tart\u00f3s vir\u00e1gz\u00e1s, az eg\u00e9szs\u00e9ges \u00e9s kompakt n\u00f6veked\u00e9s, valamint az intenz\u00edv, \u00e9l\u00e9nk vir\u00e1gsz\u00ednek el\u0151seg\u00edt\u00e9s\u00e9re. Serkenti a vir\u00e1gz\u00e1st \u2013 seg\u00edti a n\u00f6v\u00e9nyeket t\u00f6bb r\u00fcgy fejleszt\u00e9s\u00e9ben \u00e9s a b\u0151s\u00e9gesebb vir\u00e1gz\u00e1sban. A n\u00f6v\u00e9nyek k\u00f6nnyen felsz\u00edvj\u00e1k, ez\u00e9rt a kijuttat\u00e1s ut\u00e1n azonnal hat. Alkalmas belt\u00e9ri, erk\u00e9ly-, terasz- \u00e9s k\u00fclt\u00e9ri vir\u00e1gos n\u00f6v\u00e9nyek tr\u00e1gy\u00e1z\u00e1s\u00e1ra. T\u00f6k\u00e9letes szoban\u00f6v\u00e9nyekhez, p\u00e9ld\u00e1ul orchide\u00e1khoz, hibiszkuszokhoz, anthuriumokhoz, kalanchokhoz \u00e9s beg\u00f3ni\u00e1khoz, valamint ny\u00e1ron vir\u00e1gz\u00f3 n\u00f6v\u00e9nyekhez, p\u00e9ld\u00e1ul surfini\u00e1khoz, pet\u00fani\u00e1khoz, pelarg\u00f3ni\u00e1khoz, verb\u00e9n\u00e1khoz, levendul\u00e1khoz, fukszi\u00e1khoz, neb\u00e1ncsvir\u00e1gokhoz \u00e9s m\u00e1sokhoz.<\/p>\n<p>ALKALMAZ\u00c1S \u2013 BELS\u0150 N\u00d6V\u00c9NYEK:<br \/>\n7 csepp m\u0171tr\u00e1gya (\u22480,35 ml) 1 liter v\u00edzhez minden \u00f6nt\u00f6z\u00e9skor.<br \/>\nHavonta 1-2 alkalommal tr\u00e1gy\u00e1zzuk \u2013 2 cseppent\u0151 (\u22482 ml) liter v\u00edzhez.<\/p>\n<p>K\u00dcLT\u00c9RI (TERASZ)N\u00d6V\u00c9NYEK:<br \/>\nMinden \u00f6nt\u00f6z\u00e9skor 2 cseppent\u0151 m\u0171tr\u00e1gya (\u22482 ml) liter v\u00edzhez.<\/p>\n<p>Havonta 1-2 alkalommal tr\u00e1gy\u00e1zzuk \u2013 akt\u00edv n\u00f6veked\u00e9s vagy vir\u00e1gz\u00e1s idej\u00e9n 4 cseppent\u0151 (\u22484 ml) liter v\u00edzhez.<\/p>\n<p>A m\u0171tr\u00e1gy\u00e1t az aj\u00e1nlott ar\u00e1nyoknak megfelel\u0151en h\u00edg\u00edtsa fel v\u00edzben, \u00e9s az elk\u00e9sz\u00edtett oldatot m\u00e9g aznap haszn\u00e1lja fel. Ne l\u00e9pje t\u00fal az aj\u00e1nlott adagot.<\/p>\n<p>Ha a talaj teljesen sz\u00e1raz (kem\u00e9ny \u00e9s elv\u00e1lik a cser\u00e9p sz\u00e9leit\u0151l), el\u0151sz\u00f6r sima v\u00edzzel \u00f6nt\u00f6zze, am\u00edg egyenletesen nedves nem lesz, \u00e9s csak 10-15 perc eltelt\u00e9vel vigye fel a m\u0171tr\u00e1gyaoldatot.<\/p>\n<p>A n\u00f6v\u00e9nyeket a szok\u00e1sos m\u00f3don \u00f6nt\u00f6zze a m\u0171tr\u00e1gyaoldattal \u2013 annyit, hogy a teljes talajfelsz\u00edn nedves legyen, am\u00edg a v\u00edz el nem kezd sziv\u00e1rogni a cser\u00e9p alj\u00e1r\u00f3l.<\/p>\n<p>M\u00e1rka SCHULTZ GARDEN<br \/>\nM\u0171tr\u00e1gya t\u00edpusa Foly\u00e9kony<br \/>\nM\u0171tr\u00e1gya szezonalit\u00e1sa Eg\u00e9sz \u00e9ves m\u0171tr\u00e1gy\u00e1z\u00e1s<br \/>\nKiszerel\u00e9s 0,25 l<br \/>\nA csomagol\u00e1son tal\u00e1lhat\u00f3 nyelvek: EN, LT<br \/>\nM\u0171tr\u00e1gya t\u00edpusa Foly\u00e9kony<\/p>\n<p>&nbsp;<\/p>\n","protected":false},"featured_media":41475,"comment_status":"closed","ping_status":"closed","template":"","meta":[],"product_brand":[],"product_cat":[391],"product_tag":[],"class_list":{"0":"post-41474","1":"product","2":"type-product","3":"status-publish","4":"has-post-thumbnail","6":"product_cat-egyeb-tapoldatok","8":"first","9":"instock","10":"taxable","11":"shipping-taxable","12":"purchasable","13":"product-type-simple"},"_links":{"self":[{"href":"https:\/\/chilimag.hu\/webshop\/wp-json\/wp\/v2\/product\/41474","targetHints":{"allow":["GET"]}}],"collection":[{"href":"https:\/\/chilimag.hu\/webshop\/wp-json\/wp\/v2\/product"}],"about":[{"href":"https:\/\/chilimag.hu\/webshop\/wp-json\/wp\/v2\/types\/product"}],"replies":[{"embeddable":true,"href":"https:\/\/chilimag.hu\/webshop\/wp-json\/wp\/v2\/comments?post=41474"}],"wp:featuredmedia":[{"embeddable":true,"href":"https:\/\/chilimag.hu\/webshop\/wp-json\/wp\/v2\/media\/41475"}],"wp:attachment":[{"href":"https:\/\/chilimag.hu\/webshop\/wp-json\/wp\/v2\/media?parent=41474"}],"wp:term":[{"taxonomy":"product_brand","embeddable":true,"href":"https:\/\/chilimag.hu\/webshop\/wp-json\/wp\/v2\/product_brand?post=41474"},{"taxonomy":"product_cat","embeddable":true,"href":"https:\/\/chilimag.hu\/webshop\/wp-json\/wp\/v2\/product_cat?post=41474"},{"taxonomy":"product_tag","embeddable":true,"href":"https:\/\/chilimag.hu\/webshop\/wp-json\/wp\/v2\/product_tag?post=41474"}],"curies":[{"name":"wp","href":"https:\/\/api.w.org\/{rel}","templated":true}]}}