{"id":41472,"date":"2026-04-30T07:14:33","date_gmt":"2026-04-30T07:14:33","guid":{"rendered":"https:\/\/chilimag.hu\/webshop\/?post_type=product&#038;p=41472"},"modified":"2026-04-30T07:14:33","modified_gmt":"2026-04-30T07:14:33","slug":"schultz-rozsa-es-viragzo-novenyekre-tapoldat-350-gr-sl","status":"publish","type":"product","link":"https:\/\/chilimag.hu\/webshop\/termek\/schultz-rozsa-es-viragzo-novenyekre-tapoldat-350-gr-sl\/","title":{"rendered":"Schultz R\u00f3zsa \u00e9s vir\u00e1gz\u00f3 n\u00f6v\u00e9nyekre t\u00e1poldat 350 gr SL"},"content":{"rendered":"","protected":false},"excerpt":{"rendered":"<p><img decoding=\"async\" class=\"\" src=\"https:\/\/b2b.seklos.lt\/img\/m\/163-medium_default.jpg\" alt=\"\" width=\"151\" height=\"151\" \/><\/p>\n<h3>Term\u00e9kle\u00edr\u00e1s<\/h3>\n<p>Mindenf\u00e9le r\u00f3zsa \u00e9s vir\u00e1gz\u00f3 vir\u00e1g, vir\u00e1gz\u00f3 fa \u00e9s cserje tr\u00e1gy\u00e1z\u00e1s\u00e1ra tervezt\u00e9k. El\u0151seg\u00edti a r\u00f3zs\u00e1k \u00e9s m\u00e1s kerti vir\u00e1gok b\u0151s\u00e9ges vir\u00e1gz\u00e1s\u00e1t, n\u00f6veked\u00e9s\u00e9t \u00e9s sz\u00e9p megjelen\u00e9s\u00e9t. Gazdag\u00edtja a sz\u00edneket \u00e9s er\u0151s\u00edti a n\u00f6v\u00e9nyek gy\u00f6kereit, seg\u00edti az \u00e1t\u00fcltetett n\u00f6v\u00e9nyek n\u00f6veked\u00e9s\u00e9t. A megfelel\u0151en kiegyens\u00falyozott formula biztos\u00edtja a n\u00f6v\u00e9ny ell\u00e1t\u00e1s\u00e1t minden sz\u00fcks\u00e9ges nyomelemmel. A kerti r\u00f3zs\u00e1k igazi kerti &#8222;sz\u00e9ps\u00e9gek&#8221;, amelyek sok t\u00e1panyagot ig\u00e9nyelnek. A kicsi, gyenge min\u0151s\u00e9g\u0171 vir\u00e1gok, a halv\u00e1ny levelek, a v\u00e9kony \u00e9s gyenge sz\u00e1rak, a g\u00f6nd\u00f6r lev\u00e9lsz\u00e9lek \u00e9s a vir\u00e1gbetegs\u00e9gek elker\u00fcl\u00e9se \u00e9rdek\u00e9ben javasoljuk ennek a tr\u00e1gy\u00e1nak a haszn\u00e1lat\u00e1t a n\u00f6veked\u00e9s \u00e9s a vir\u00e1gz\u00e1s id\u0151szak\u00e1ban. N\u00e9lk\u00fcl\u00f6zhetetlen a tulip\u00e1nok, n\u00e1rciszok, j\u00e1cintok, liliomok \u00e9s m\u00e1s hagym\u00e1s vir\u00e1gok t\u00e1pl\u00e1l\u00e1s\u00e1hoz tavasszal, a n\u00f6veked\u00e9s \u00e9s a vir\u00e1gz\u00e1s id\u0151szak\u00e1ban.<\/p>\n<p>A DOBOZBAN EGY CSATTANCOS ADAGOL\u00d3T TAL\u00c1L (1\/4 TE\u00c1SKAN\u00c1L ALKALMAS). BELT\u00c9RI, TERASZOS, ERK\u00c9LYES \u00c9S \u00c1T\u00dcLTETETT N\u00d6V\u00c9NYEKHEZ: 1 te\u00e1skan\u00e1l m\u0171tr\u00e1gya 3 liter v\u00edzhez. KERTI R\u00d3ZS\u00c1K, VIR\u00c1GZ\u00d3 VIR\u00c1GOK, F\u00c1K \u00c9S CSERJ\u00c9K N\u00d6V\u00c9NYEINEK: 1 liter v\u00edzhez &#8211; 1 te\u00e1skan\u00e1l m\u0171tr\u00e1gya.<\/p>\n<p>A port v\u00edzben oldjuk fel. A n\u00f6v\u00e9nyeket az elk\u00e9sz\u00edtett oldattal \u00f6nt\u00f6zz\u00fck. Eg\u00e9sz \u00e9vben haszn\u00e1lhat\u00f3. 7-14 naponta tr\u00e1gy\u00e1zzuk. Amikor a n\u00f6v\u00e9nyek akt\u00edvan fejl\u0151dnek, minden \u00f6nt\u00f6z\u00e9skor alkalmazhat\u00f3. A m\u0171tr\u00e1gya \u00e1llag\u00e1nak, sz\u00edn\u00e9nek vagy alakj\u00e1nak v\u00e1ltoz\u00e1sa nem cs\u00f6kkenti a hat\u00e9konys\u00e1g\u00e1t!<\/p>\n<p>EK M\u0170TR\u00c1GY\u00c1K. B.1.1 &#8211; NPK m\u0171tr\u00e1gy\u00e1k. 15-7-32+3MgO +mikroelemek. Nyomelemeket tartalmaz.<\/p>\n<p>Kiszerel\u00e9s: 350 g.<\/p>\n<p>M\u00e1rka: SCHULTZ GARDEN<br \/>\nM\u0171tr\u00e1gya t\u00edpusa: Oldhat\u00f3<br \/>\nM\u0171tr\u00e1gya szezonalit\u00e1sa: Tavaszi m\u0171tr\u00e1gy\u00e1z\u00e1s, Ny\u00e1ri m\u0171tr\u00e1gy\u00e1z\u00e1s<br \/>\nC\u00e9l: R\u00f3zsa m\u0171tr\u00e1gya<br \/>\nCsomagol\u00e1s: 0,35 kg<br \/>\nNPK 15-7-32+3MgO<br \/>\nA csomagol\u00e1son tal\u00e1lhat\u00f3 nyelvek: EN, LT<br \/>\nT\u00f6meg: Oldhat\u00f3<\/p>\n<p>&nbsp;<\/p>\n<p>&nbsp;<\/p>\n","protected":false},"featured_media":41473,"comment_status":"closed","ping_status":"closed","template":"","meta":[],"product_brand":[],"product_cat":[391],"product_tag":[],"class_list":{"0":"post-41472","1":"product","2":"type-product","3":"status-publish","4":"has-post-thumbnail","6":"product_cat-egyeb-tapoldatok","8":"first","9":"instock","10":"taxable","11":"shipping-taxable","12":"purchasable","13":"product-type-simple"},"_links":{"self":[{"href":"https:\/\/chilimag.hu\/webshop\/wp-json\/wp\/v2\/product\/41472","targetHints":{"allow":["GET"]}}],"collection":[{"href":"https:\/\/chilimag.hu\/webshop\/wp-json\/wp\/v2\/product"}],"about":[{"href":"https:\/\/chilimag.hu\/webshop\/wp-json\/wp\/v2\/types\/product"}],"replies":[{"embeddable":true,"href":"https:\/\/chilimag.hu\/webshop\/wp-json\/wp\/v2\/comments?post=41472"}],"wp:featuredmedia":[{"embeddable":true,"href":"https:\/\/chilimag.hu\/webshop\/wp-json\/wp\/v2\/media\/41473"}],"wp:attachment":[{"href":"https:\/\/chilimag.hu\/webshop\/wp-json\/wp\/v2\/media?parent=41472"}],"wp:term":[{"taxonomy":"product_brand","embeddable":true,"href":"https:\/\/chilimag.hu\/webshop\/wp-json\/wp\/v2\/product_brand?post=41472"},{"taxonomy":"product_cat","embeddable":true,"href":"https:\/\/chilimag.hu\/webshop\/wp-json\/wp\/v2\/product_cat?post=41472"},{"taxonomy":"product_tag","embeddable":true,"href":"https:\/\/chilimag.hu\/webshop\/wp-json\/wp\/v2\/product_tag?post=41472"}],"curies":[{"name":"wp","href":"https:\/\/api.w.org\/{rel}","templated":true}]}}