{"id":41466,"date":"2026-04-30T06:51:32","date_gmt":"2026-04-30T06:51:32","guid":{"rendered":"https:\/\/chilimag.hu\/webshop\/?post_type=product&#038;p=41466"},"modified":"2026-04-30T06:51:32","modified_gmt":"2026-04-30T06:51:32","slug":"mutragya-univerzalis-07-kg-agr-sl","status":"publish","type":"product","link":"https:\/\/chilimag.hu\/webshop\/termek\/mutragya-univerzalis-07-kg-agr-sl\/","title":{"rendered":"M\u0171tr\u00e1gya univerz\u00e1lis 0,7 Kg AGR SL"},"content":{"rendered":"","protected":false},"excerpt":{"rendered":"<p><img decoding=\"async\" class=\"\" src=\"https:\/\/b2b.seklos.lt\/img\/m\/79-medium_default.jpg\" alt=\"\" width=\"150\" height=\"150\" \/><\/p>\n<h3>Term\u00e9kle\u00edr\u00e1s<\/h3>\n<p>Univerz\u00e1lis v\u00edzoldhat\u00f3 m\u0171tr\u00e1gya minden n\u00f6v\u00e9ny sz\u00e1m\u00e1ra NPK 14-11-25(+4)<br \/>\nKiv\u00e1l\u00f3 min\u0151s\u00e9g\u0171, teljesen v\u00edzoldhat\u00f3 m\u0171tr\u00e1gya, amelyet mindenf\u00e9le n\u00f6v\u00e9ny sz\u00e1m\u00e1ra terveztek \u2013 a szoban\u00f6v\u00e9nyekt\u0151l a kerti \u00e9s \u00fcvegh\u00e1zi n\u00f6v\u00e9nyekig. A kiegyens\u00falyozott NPK-formula magn\u00e9ziummal \u00e9s kel\u00e1t mikrot\u00e1panyagokkal biztos\u00edtja a gyors t\u00e1panyagfelsz\u00edv\u00f3d\u00e1st, az er\u0151teljes n\u00f6veked\u00e9st, az er\u0151s gy\u00f6k\u00e9rfejl\u0151d\u00e9st \u00e9s a gazdag, \u00e9l\u00e9nk n\u00f6v\u00e9nyi sz\u00ednt.<br \/>\nEz az univerz\u00e1lis m\u0171tr\u00e1gya ide\u00e1lis paradicsom, uborka, vir\u00e1gok, bogy\u00f3s gy\u00fcm\u00f6lcs\u00f6k, d\u00edszn\u00f6v\u00e9nyek, szoban\u00f6v\u00e9nyek \u00e9s sok m\u00e1s n\u00f6v\u00e9ny sz\u00e1m\u00e1ra. Teljesen felold\u00f3dik v\u00edzben maradv\u00e1nyok n\u00e9lk\u00fcl, \u00edgy alkalmas \u00f6nt\u00f6z\u0151kann\u00e1kban \u00e9s \u00f6nt\u00f6z\u0151rendszerekben val\u00f3 haszn\u00e1latra.<\/p>\n<p>Mi\u00e9rt v\u00e1lassza ezt a m\u0171tr\u00e1gy\u00e1t?<\/p>\n<p>\u2022Professzion\u00e1lis, rendk\u00edv\u00fcl hat\u00e9kony formula<br \/>\n\u2022Gyorsan hat\u00f3 \u00e9s teljesen v\u00edzoldhat\u00f3<br \/>\n\u2022Minden n\u00f6v\u00e9nyt\u00edpusra alkalmas<br \/>\n\u2022K\u00f6nnyen haszn\u00e1lhat\u00f3 \u2013 egyszer\u0171en oldja fel v\u00edzben<br \/>\nAlkalmaz\u00e1s:<br \/>\nOldja fel a m\u0171tr\u00e1gy\u00e1t v\u00edzben. Alkalmazza a veget\u00e1ci\u00f3s id\u0151szakban a n\u00f6v\u00e9ny ig\u00e9nyei szerint.<\/p>\n<p>A csomag egy m\u00e9r\u0151kanalat tartalmaz.<\/p>\n<p>M\u00e1rka AGRONOM<br \/>\nM\u0171tr\u00e1gya t\u00edpusa Oldhat\u00f3<br \/>\nM\u0171tr\u00e1gya szezonalit\u00e1sa Ny\u00e1ri m\u0171tr\u00e1gya, Tavaszi m\u0171tr\u00e1gya<br \/>\nC\u00e9lja Univerz\u00e1lis m\u0171tr\u00e1gya<br \/>\nCsomagol\u00e1s 0,7 KG<br \/>\nNPK 14-11-25<br \/>\nA csomagol\u00e1son tal\u00e1lhat\u00f3 nyelvek LV, LT, EE<br \/>\nM\u0171tr\u00e1gya t\u00edpusa Oldhat\u00f3<\/p>\n<h3><\/h3>\n","protected":false},"featured_media":41467,"comment_status":"closed","ping_status":"closed","template":"","meta":[],"product_brand":[],"product_cat":[388],"product_tag":[],"class_list":{"0":"post-41466","1":"product","2":"type-product","3":"status-publish","4":"has-post-thumbnail","6":"product_cat-agronom-tapoldatok-es-noveny-apolok","8":"first","9":"instock","10":"taxable","11":"shipping-taxable","12":"purchasable","13":"product-type-simple"},"_links":{"self":[{"href":"https:\/\/chilimag.hu\/webshop\/wp-json\/wp\/v2\/product\/41466","targetHints":{"allow":["GET"]}}],"collection":[{"href":"https:\/\/chilimag.hu\/webshop\/wp-json\/wp\/v2\/product"}],"about":[{"href":"https:\/\/chilimag.hu\/webshop\/wp-json\/wp\/v2\/types\/product"}],"replies":[{"embeddable":true,"href":"https:\/\/chilimag.hu\/webshop\/wp-json\/wp\/v2\/comments?post=41466"}],"wp:featuredmedia":[{"embeddable":true,"href":"https:\/\/chilimag.hu\/webshop\/wp-json\/wp\/v2\/media\/41467"}],"wp:attachment":[{"href":"https:\/\/chilimag.hu\/webshop\/wp-json\/wp\/v2\/media?parent=41466"}],"wp:term":[{"taxonomy":"product_brand","embeddable":true,"href":"https:\/\/chilimag.hu\/webshop\/wp-json\/wp\/v2\/product_brand?post=41466"},{"taxonomy":"product_cat","embeddable":true,"href":"https:\/\/chilimag.hu\/webshop\/wp-json\/wp\/v2\/product_cat?post=41466"},{"taxonomy":"product_tag","embeddable":true,"href":"https:\/\/chilimag.hu\/webshop\/wp-json\/wp\/v2\/product_tag?post=41466"}],"curies":[{"name":"wp","href":"https:\/\/api.w.org\/{rel}","templated":true}]}}