{"id":41464,"date":"2026-04-30T06:47:11","date_gmt":"2026-04-30T06:47:11","guid":{"rendered":"https:\/\/chilimag.hu\/webshop\/?post_type=product&#038;p=41464"},"modified":"2026-04-30T06:47:11","modified_gmt":"2026-04-30T06:47:11","slug":"mutragya-afonyaknak-es-savanyu-talaj-kedvelo-novenyekhez-4-kg-agr-sl","status":"publish","type":"product","link":"https:\/\/chilimag.hu\/webshop\/termek\/mutragya-afonyaknak-es-savanyu-talaj-kedvelo-novenyekhez-4-kg-agr-sl\/","title":{"rendered":"M\u0171tr\u00e1gya \u00c1fony\u00e1knak \u00e9s savanyu talaj kedvel\u0151 n\u00f6v\u00e9nyekhez 4 Kg AGR SL"},"content":{"rendered":"","protected":false},"excerpt":{"rendered":"<p><img decoding=\"async\" class=\"\" src=\"https:\/\/b2b.seklos.lt\/img\/m\/79-medium_default.jpg\" alt=\"\" width=\"152\" height=\"152\" \/><\/p>\n<h3>Term\u00e9kle\u00edr\u00e1s<\/h3>\n<p>\u00c1FONYAM\u0170TR\u00c1GYA<br \/>\nGranul\u00e1lt komplex m\u0171tr\u00e1gya \u00e1fony\u00e1ra.<br \/>\nKiegyens\u00falyozott \u00f6sszet\u00e9tele biztos\u00edtja a nitrog\u00e9n, foszfor, k\u00e1lium, magn\u00e9zium \u00e9s k\u00e9n optim\u00e1lis szintj\u00e9t az eg\u00e9szs\u00e9ges n\u00f6veked\u00e9shez, a b\u0151s\u00e9ges vir\u00e1gz\u00e1shoz \u00e9s a kiv\u00e1l\u00f3 min\u0151s\u00e9g\u0171 term\u00e9shez.<br \/>\nRendszeres haszn\u00e1lat eset\u00e9n stabil term\u00e9shozamot biztos\u00edt, jav\u00edtja a gy\u00fcm\u00f6lcs \u00edz\u00e9t \u00e9s fokozza a n\u00f6v\u00e9nyek ellen\u00e1ll\u00f3 k\u00e9pess\u00e9g\u00e9t a kedvez\u0151tlen k\u00f6r\u00fclm\u00e9nyekkel szemben.<br \/>\nNemcsak \u00e1fony\u00e1ra alkalmas, hanem m\u00e1s gy\u00fcm\u00f6lcsterm\u0151 n\u00f6v\u00e9nyekre \u00e9s savkedvel\u0151 n\u00f6v\u00e9nyekre is, k\u00fcl\u00f6n\u00f6sen a kl\u00f3rvegy\u00fcletekre \u00e9rz\u00e9kenyekre.<br \/>\nJav\u00edtja a talaj szerkezet\u00e9t \u00e9s minden n\u00f6veked\u00e9si szakaszban \u2013 a korai veget\u00e1ci\u00f3t\u00f3l a term\u00e9sk\u00e9pz\u0151d\u00e9sig \u2013 esszenci\u00e1lis t\u00e1panyagokat biztos\u00edt.<br \/>\nHaszn\u00e1lati utas\u00edt\u00e1s:<br \/>\nHelyileg alkalmazza, \u00e9s ha lehets\u00e9ges, dolgozza be a talajba. Tr\u00e1gy\u00e1zza a cserje lombkoron\u00e1ja k\u00f6r\u00fcli ter\u00fcletet. Kijuttat\u00e1s ut\u00e1n \u00f6nt\u00f6zze meg.<br \/>\nSzezononk\u00e9nt 1-3 alkalommal tr\u00e1gy\u00e1zza a n\u00f6v\u00e9ny ig\u00e9nyeit\u0151l, az id\u0151z\u00edt\u00e9st\u0151l \u00e9s a talaj t\u00e1panyagtartalm\u00e1t\u00f3l f\u00fcgg\u0151en.<br \/>\nKijuttat\u00e1si mennyis\u00e9gek:<br \/>\n\u2022 Fiatal bokrok: 20\u201330 g\/m\u00b2<br \/>\n\u2022 \u00c9rett bokrok: 30\u201350 g\/m\u00b2<br \/>\nCsak akkor haszn\u00e1lja, ha tr\u00e1gy\u00e1z\u00e1sra van sz\u00fcks\u00e9g. Ne tr\u00e1gy\u00e1zza k\u00f6zvetlen\u00fcl \u00fcltet\u00e9s ut\u00e1n. Az \u00e1fonya \u00e9rz\u00e9keny a t\u00faltr\u00e1gy\u00e1z\u00e1sra.<br \/>\nNe l\u00e9pje t\u00fal az aj\u00e1nlott mennyis\u00e9geket.<br \/>\nKijuttat\u00e1si mennyis\u00e9gek:<br \/>\n\u2022 Fiatal \u00e1fonyabokrok \u2013 20\u201330 g\/m\u00b2<br \/>\n\u2022 \u00c9rett \u00e1fonyabokrok \u2013 30\u201350 g\/m\u00b2<br \/>\nCsak akkor haszn\u00e1lja, ha tr\u00e1gy\u00e1z\u00e1sra van sz\u00fcks\u00e9g.<\/p>\n<p>Ne tr\u00e1gy\u00e1zza k\u00f6zvetlen\u00fcl \u00fcltet\u00e9s ut\u00e1n.<\/p>\n<p>Az \u00e1fonya \u00e9rz\u00e9keny a t\u00falzott tr\u00e1gy\u00e1z\u00e1sra.<\/p>\n<p>Ne l\u00e9pje t\u00fal az aj\u00e1nlott mennyis\u00e9geket.<\/p>\n<p>M\u00e1rka AGRONOM<br \/>\nM\u0171tr\u00e1gya t\u00edpusa: Kiszerelt<br \/>\nM\u0171tr\u00e1gya szezonalit\u00e1sa: Ny\u00e1ri tr\u00e1gy\u00e1z\u00e1s, Tavaszi tr\u00e1gy\u00e1z\u00e1s<br \/>\nC\u00e9lja: Tr\u00e1gya bogy\u00f3s bokrokhoz \u00e9s gy\u00fcm\u00f6lcsf\u00e1khoz<br \/>\nCsomagol\u00e1s: 4 KG<br \/>\nNPK 11-9-20<br \/>\nA csomagol\u00e1son tal\u00e1lhat\u00f3 nyelvek: FI, EE, LV, LT, EN<br \/>\nT\u00e9rfogat t\u00edpusa: Kiszerelt<\/p>\n<p>&nbsp;<\/p>\n","protected":false},"featured_media":41465,"comment_status":"closed","ping_status":"closed","template":"","meta":[],"product_brand":[],"product_cat":[388],"product_tag":[],"class_list":{"0":"post-41464","1":"product","2":"type-product","3":"status-publish","4":"has-post-thumbnail","6":"product_cat-agronom-tapoldatok-es-noveny-apolok","8":"first","9":"instock","10":"taxable","11":"shipping-taxable","12":"purchasable","13":"product-type-simple"},"_links":{"self":[{"href":"https:\/\/chilimag.hu\/webshop\/wp-json\/wp\/v2\/product\/41464","targetHints":{"allow":["GET"]}}],"collection":[{"href":"https:\/\/chilimag.hu\/webshop\/wp-json\/wp\/v2\/product"}],"about":[{"href":"https:\/\/chilimag.hu\/webshop\/wp-json\/wp\/v2\/types\/product"}],"replies":[{"embeddable":true,"href":"https:\/\/chilimag.hu\/webshop\/wp-json\/wp\/v2\/comments?post=41464"}],"wp:featuredmedia":[{"embeddable":true,"href":"https:\/\/chilimag.hu\/webshop\/wp-json\/wp\/v2\/media\/41465"}],"wp:attachment":[{"href":"https:\/\/chilimag.hu\/webshop\/wp-json\/wp\/v2\/media?parent=41464"}],"wp:term":[{"taxonomy":"product_brand","embeddable":true,"href":"https:\/\/chilimag.hu\/webshop\/wp-json\/wp\/v2\/product_brand?post=41464"},{"taxonomy":"product_cat","embeddable":true,"href":"https:\/\/chilimag.hu\/webshop\/wp-json\/wp\/v2\/product_cat?post=41464"},{"taxonomy":"product_tag","embeddable":true,"href":"https:\/\/chilimag.hu\/webshop\/wp-json\/wp\/v2\/product_tag?post=41464"}],"curies":[{"name":"wp","href":"https:\/\/api.w.org\/{rel}","templated":true}]}}