{"id":41462,"date":"2026-04-30T06:41:40","date_gmt":"2026-04-30T06:41:40","guid":{"rendered":"https:\/\/chilimag.hu\/webshop\/?post_type=product&#038;p=41462"},"modified":"2026-04-30T06:41:40","modified_gmt":"2026-04-30T06:41:40","slug":"mutragya-kaktuszokra-es-pozsgasnovenyekhez-05l-agr-sl","status":"publish","type":"product","link":"https:\/\/chilimag.hu\/webshop\/termek\/mutragya-kaktuszokra-es-pozsgasnovenyekhez-05l-agr-sl\/","title":{"rendered":"M\u0171tr\u00e1gya Kaktuszokra \u00e9s pozsg\u00e1sn\u00f6v\u00e9nyekhez 0,5L AGR SL"},"content":{"rendered":"","protected":false},"excerpt":{"rendered":"<p><img decoding=\"async\" class=\"\" src=\"https:\/\/b2b.seklos.lt\/img\/m\/79-medium_default.jpg\" alt=\"\" width=\"151\" height=\"151\" \/><\/p>\n<h3>Term\u00e9kle\u00edr\u00e1s<\/h3>\n<p>Kaktusz- \u00e9s pozsg\u00e1str\u00e1gya. Speci\u00e1lisan kiegyens\u00falyozott foly\u00e9kony tr\u00e1gya kaktuszoknak \u00e9s pozsg\u00e1soknak. El\u0151seg\u00edti az eg\u00e9szs\u00e9ges gy\u00f6k\u00e9rrendszert. Mindenf\u00e9le t\u00fcsk\u00e9s \u00e9s vastag level\u0171 n\u00f6v\u00e9nyhez alkalmas. Haszn\u00e1lja sz\u00fcks\u00e9g szerint a veget\u00e1ci\u00f3s id\u0151szakban.<\/p>\n<p>PFC 1(C)(I)(b)(ii). \u00d6SSZETETT FOLY\u00c9KONY SZERVETLEN MAKRONUTRIENT M\u0170TR\u00c1GYA.<\/p>\n<p>Tartalomnyilatkozat: \u00f6sszes nitrog\u00e9n (N) &#8211; 4% \u00f6sszes foszfor-pentoxid (P\u2082O\u2085) &#8211; 5% v\u00edzben old\u00f3d\u00f3 k\u00e1lium-oxid (K\u2082O) &#8211; 6% + mikrot\u00e1panyagok.<\/p>\n<p>M\u00e1rka AGRONOM<br \/>\nM\u0171tr\u00e1gya t\u00edpusa Foly\u00e9kony<br \/>\nM\u0171tr\u00e1gya szezonalit\u00e1sa Eg\u00e9sz \u00e9ves tr\u00e1gy\u00e1z\u00e1s<br \/>\nC\u00e9lja: Tr\u00e1gya szoban\u00f6v\u00e9nyekhez \u00e9s vir\u00e1gokhoz<br \/>\nCsomagol\u00e1s 500 ml<br \/>\nNPK 4-5-6<br \/>\nNyelv a csomagol\u00e1son: FI, SE, EN, LT, LV, EE<br \/>\nTr\u00e1gya t\u00edpusa Foly\u00e9kony<\/p>\n<p>&nbsp;<\/p>\n","protected":false},"featured_media":41463,"comment_status":"closed","ping_status":"closed","template":"","meta":[],"product_brand":[],"product_cat":[388],"product_tag":[],"class_list":{"0":"post-41462","1":"product","2":"type-product","3":"status-publish","4":"has-post-thumbnail","6":"product_cat-agronom-tapoldatok-es-noveny-apolok","8":"first","9":"instock","10":"taxable","11":"shipping-taxable","12":"purchasable","13":"product-type-simple"},"_links":{"self":[{"href":"https:\/\/chilimag.hu\/webshop\/wp-json\/wp\/v2\/product\/41462","targetHints":{"allow":["GET"]}}],"collection":[{"href":"https:\/\/chilimag.hu\/webshop\/wp-json\/wp\/v2\/product"}],"about":[{"href":"https:\/\/chilimag.hu\/webshop\/wp-json\/wp\/v2\/types\/product"}],"replies":[{"embeddable":true,"href":"https:\/\/chilimag.hu\/webshop\/wp-json\/wp\/v2\/comments?post=41462"}],"wp:featuredmedia":[{"embeddable":true,"href":"https:\/\/chilimag.hu\/webshop\/wp-json\/wp\/v2\/media\/41463"}],"wp:attachment":[{"href":"https:\/\/chilimag.hu\/webshop\/wp-json\/wp\/v2\/media?parent=41462"}],"wp:term":[{"taxonomy":"product_brand","embeddable":true,"href":"https:\/\/chilimag.hu\/webshop\/wp-json\/wp\/v2\/product_brand?post=41462"},{"taxonomy":"product_cat","embeddable":true,"href":"https:\/\/chilimag.hu\/webshop\/wp-json\/wp\/v2\/product_cat?post=41462"},{"taxonomy":"product_tag","embeddable":true,"href":"https:\/\/chilimag.hu\/webshop\/wp-json\/wp\/v2\/product_tag?post=41462"}],"curies":[{"name":"wp","href":"https:\/\/api.w.org\/{rel}","templated":true}]}}