{"id":41458,"date":"2026-04-30T06:34:48","date_gmt":"2026-04-30T06:34:48","guid":{"rendered":"https:\/\/chilimag.hu\/webshop\/?post_type=product&#038;p=41458"},"modified":"2026-04-30T06:34:48","modified_gmt":"2026-04-30T06:34:48","slug":"mutragya-afonya-es-savkedvelo-novenyekhez-05l-agr-sl","status":"publish","type":"product","link":"https:\/\/chilimag.hu\/webshop\/termek\/mutragya-afonya-es-savkedvelo-novenyekhez-05l-agr-sl\/","title":{"rendered":"M\u0171tr\u00e1gya \u00c1fonya \u00e9s Savkedvel\u0151 n\u00f6v\u00e9nyekhez 0,5L AGR SL"},"content":{"rendered":"","protected":false},"excerpt":{"rendered":"<p><img decoding=\"async\" class=\"\" src=\"https:\/\/b2b.seklos.lt\/img\/m\/79-medium_default.jpg\" alt=\"\" width=\"151\" height=\"151\" \/><\/p>\n<h3>Term\u00e9kle\u00edr\u00e1s<\/h3>\n<p>\u00c1fonya \u00e9s savkedvel\u0151 n\u00f6v\u00e9nyi tr\u00e1gya. Speci\u00e1lisan kiegyens\u00falyozott foly\u00e9kony tr\u00e1gya savkedvel\u0151 n\u00f6v\u00e9nyek \u2013 \u00e1fonya, rododendron, hortenzia, t\u0151zeg\u00e1fonya, faeper \u00e9s hasonl\u00f3k \u2013 sz\u00e1m\u00e1ra. A tr\u00e1gya optim\u00e1lis n\u00f6veked\u00e9st, vir\u00e1gz\u00e1st \u00e9s b\u0151s\u00e9ges term\u00e9shozamot biztos\u00edt. A teljes veget\u00e1ci\u00f3s id\u0151szakban haszn\u00e1lhat\u00f3.<\/p>\n<p>PFC 1(C)(I)(b)(ii): \u00d6SSZETETT FOLY\u00c9KONY SZERVETLEN MAKRONUTRIENS M\u0170TR\u00c1GYA.<\/p>\n<p>Tartalomnyilatkozat: \u00f6sszes nitrog\u00e9n (N) &#8211; 5% v\u00edzben old\u00f3d\u00f3 foszfor-pentoxid (P\u2082O\u2085) &#8211; 3% v\u00edzben old\u00f3d\u00f3 k\u00e1lium-oxid (K\u2082O) &#8211; 7% + mikrot\u00e1panyagok.<\/p>\n<p>M\u00e1rka AGRONOM<br \/>\nM\u0171tr\u00e1gya t\u00edpusa Foly\u00e9kony<br \/>\nM\u0171tr\u00e1gya szezonalit\u00e1sa Eg\u00e9sz \u00e9ves tr\u00e1gy\u00e1z\u00e1s<br \/>\nC\u00e9lja: M\u0171tr\u00e1gya bogy\u00f3s bokrokhoz \u00e9s gy\u00fcm\u00f6lcsf\u00e1khoz<br \/>\nCsomagol\u00e1s 500 ml<br \/>\nNPK 5-3-7<br \/>\nA csomagol\u00e1son tal\u00e1lhat\u00f3 nyelvek: EN, LT, LV, EE, FI, SE<br \/>\nT\u00e9rfogat t\u00edpusa Foly\u00e9kony<\/p>\n<p>&nbsp;<\/p>\n","protected":false},"featured_media":41459,"comment_status":"closed","ping_status":"closed","template":"","meta":[],"product_brand":[],"product_cat":[388],"product_tag":[],"class_list":{"0":"post-41458","1":"product","2":"type-product","3":"status-publish","4":"has-post-thumbnail","6":"product_cat-agronom-tapoldatok-es-noveny-apolok","8":"first","9":"instock","10":"taxable","11":"shipping-taxable","12":"purchasable","13":"product-type-simple"},"_links":{"self":[{"href":"https:\/\/chilimag.hu\/webshop\/wp-json\/wp\/v2\/product\/41458","targetHints":{"allow":["GET"]}}],"collection":[{"href":"https:\/\/chilimag.hu\/webshop\/wp-json\/wp\/v2\/product"}],"about":[{"href":"https:\/\/chilimag.hu\/webshop\/wp-json\/wp\/v2\/types\/product"}],"replies":[{"embeddable":true,"href":"https:\/\/chilimag.hu\/webshop\/wp-json\/wp\/v2\/comments?post=41458"}],"wp:featuredmedia":[{"embeddable":true,"href":"https:\/\/chilimag.hu\/webshop\/wp-json\/wp\/v2\/media\/41459"}],"wp:attachment":[{"href":"https:\/\/chilimag.hu\/webshop\/wp-json\/wp\/v2\/media?parent=41458"}],"wp:term":[{"taxonomy":"product_brand","embeddable":true,"href":"https:\/\/chilimag.hu\/webshop\/wp-json\/wp\/v2\/product_brand?post=41458"},{"taxonomy":"product_cat","embeddable":true,"href":"https:\/\/chilimag.hu\/webshop\/wp-json\/wp\/v2\/product_cat?post=41458"},{"taxonomy":"product_tag","embeddable":true,"href":"https:\/\/chilimag.hu\/webshop\/wp-json\/wp\/v2\/product_tag?post=41458"}],"curies":[{"name":"wp","href":"https:\/\/api.w.org\/{rel}","templated":true}]}}