{"id":41456,"date":"2026-04-30T06:28:28","date_gmt":"2026-04-30T06:28:28","guid":{"rendered":"https:\/\/chilimag.hu\/webshop\/?post_type=product&#038;p=41456"},"modified":"2026-04-30T06:28:44","modified_gmt":"2026-04-30T06:28:44","slug":"mutragya-tuja-es-tuleveluekre-agr-sl","status":"publish","type":"product","link":"https:\/\/chilimag.hu\/webshop\/termek\/mutragya-tuja-es-tuleveluekre-agr-sl\/","title":{"rendered":"M\u0171tr\u00e1gya tuja \u00e9s t\u0171level\u0171ekre 0,5L AGR SL"},"content":{"rendered":"","protected":false},"excerpt":{"rendered":"<p><img decoding=\"async\" class=\"\" src=\"https:\/\/b2b.seklos.lt\/img\/m\/79-medium_default.jpg\" alt=\"\" width=\"150\" height=\"150\" \/><\/p>\n<h3>Term\u00e9kle\u00edr\u00e1s<\/h3>\n<p>Tuja \u00e9s t\u0171level\u0171 tr\u00e1gya. Kifejezetten tuj\u00e1k, lucfeny\u0151k, feny\u0151k, bor\u00f3k\u00e1k \u00e9s m\u00e1s t\u0171level\u0171ek sz\u00e1m\u00e1ra kifejlesztett tr\u00e1gya. El\u0151seg\u00edti az eg\u00e9szs\u00e9ges n\u00f6veked\u00e9st, s\u0171r\u0171 koron\u00e1t, \u00e9l\u00e9nk t\u0171leveleket \u00e9s stressz\u00e1ll\u00f3s\u00e1got biztos\u00edt. A k\u00e9sz\u00edtm\u00e9ny magn\u00e9ziummal \u00e9s mikrot\u00e1panyagokkal d\u00fas\u00edtott, ami seg\u00edt megel\u0151zni a t\u0171levelek s\u00e1rgul\u00e1s\u00e1t \u00e9s fenntartani a klorofillszint\u00e9zist.<\/p>\n<p>PFC 1(C)(I)(b)(ii). \u00d6SSZETETT FOLY\u00c9KONY SZERVETLEN MAKRONUTRIENS M\u0170TR\u00c1GYA.<\/p>\n<p>Tartalomnyilatkozat: \u00f6sszes nitrog\u00e9n (N) &#8211; 10% \u00f6sszes foszfor-pentoxid (P\u2082O\u2085) &#8211; 2% v\u00edzben old\u00f3d\u00f3 k\u00e1lium-oxid (K\u2082O) &#8211; 5% + mikrot\u00e1panyagok.<\/p>\n<p>M\u00e1rka AGRONOM<br \/>\nM\u0171tr\u00e1gya t\u00edpusa Foly\u00e9kony<br \/>\nM\u0171tr\u00e1gya szezonalit\u00e1sa Eg\u00e9sz \u00e9ves tr\u00e1gy\u00e1z\u00e1s<br \/>\nC\u00e9lja D\u00edszn\u00f6v\u00e9nytr\u00e1gya<br \/>\nCsomagol\u00e1s 500 ml<br \/>\nNPK 10-2-5<br \/>\nA csomagol\u00e1son tal\u00e1lhat\u00f3 nyelvek: LV, EE, FI, SE, EN, LT<br \/>\nT\u00e9rfogat t\u00edpusa Foly\u00e9kony<\/p>\n<p>&nbsp;<\/p>\n","protected":false},"featured_media":41457,"comment_status":"closed","ping_status":"closed","template":"","meta":[],"product_brand":[],"product_cat":[388],"product_tag":[],"class_list":{"0":"post-41456","1":"product","2":"type-product","3":"status-publish","4":"has-post-thumbnail","6":"product_cat-agronom-tapoldatok-es-noveny-apolok","8":"first","9":"instock","10":"taxable","11":"shipping-taxable","12":"purchasable","13":"product-type-simple"},"_links":{"self":[{"href":"https:\/\/chilimag.hu\/webshop\/wp-json\/wp\/v2\/product\/41456","targetHints":{"allow":["GET"]}}],"collection":[{"href":"https:\/\/chilimag.hu\/webshop\/wp-json\/wp\/v2\/product"}],"about":[{"href":"https:\/\/chilimag.hu\/webshop\/wp-json\/wp\/v2\/types\/product"}],"replies":[{"embeddable":true,"href":"https:\/\/chilimag.hu\/webshop\/wp-json\/wp\/v2\/comments?post=41456"}],"wp:featuredmedia":[{"embeddable":true,"href":"https:\/\/chilimag.hu\/webshop\/wp-json\/wp\/v2\/media\/41457"}],"wp:attachment":[{"href":"https:\/\/chilimag.hu\/webshop\/wp-json\/wp\/v2\/media?parent=41456"}],"wp:term":[{"taxonomy":"product_brand","embeddable":true,"href":"https:\/\/chilimag.hu\/webshop\/wp-json\/wp\/v2\/product_brand?post=41456"},{"taxonomy":"product_cat","embeddable":true,"href":"https:\/\/chilimag.hu\/webshop\/wp-json\/wp\/v2\/product_cat?post=41456"},{"taxonomy":"product_tag","embeddable":true,"href":"https:\/\/chilimag.hu\/webshop\/wp-json\/wp\/v2\/product_tag?post=41456"}],"curies":[{"name":"wp","href":"https:\/\/api.w.org\/{rel}","templated":true}]}}