{"id":41454,"date":"2026-04-30T06:21:19","date_gmt":"2026-04-30T06:21:19","guid":{"rendered":"https:\/\/chilimag.hu\/webshop\/?post_type=product&#038;p=41454"},"modified":"2026-04-30T06:21:40","modified_gmt":"2026-04-30T06:21:40","slug":"paradicsom-plumbrella-mix-ug-sl","status":"publish","type":"product","link":"https:\/\/chilimag.hu\/webshop\/termek\/paradicsom-plumbrella-mix-ug-sl\/","title":{"rendered":"Paradicsom PLUMBRELLA MIX UG SL"},"content":{"rendered":"","protected":false},"excerpt":{"rendered":"<p><img decoding=\"async\" class=\"\" src=\"https:\/\/b2b.seklos.lt\/img\/m\/609-medium_default.jpg\" alt=\"\" width=\"151\" height=\"151\" \/><\/p>\n<h3>Term\u00e9kle\u00edr\u00e1s<\/h3>\n<p>Botanikai n\u00e9v: Solanum Lycopersicum<\/p>\n<p>PARADICSOM PLUMBRELLA KEVER\u00c9K<br \/>\nKorai, nagy hozam\u00fa, kis gy\u00fcm\u00f6lcs\u0171, t\u00f6rpe fajt\u00e1k kever\u00e9ke. A n\u00f6v\u00e9nyek nem ig\u00e9nyelnek kar\u00f3z\u00e1st vagy metsz\u00e9st. A gy\u00fcm\u00f6lcs\u00f6k kicsik, sz\u00ednesek, \u00edzletesek, \u00e9desek, hegyes v\u00e9g\u0171ek, k\u00f6r\u00fclbel\u00fcl 20 g s\u00faly\u00faak. Friss fogyaszt\u00e1sra \u00e9s tart\u00f3s\u00edt\u00e1sra alkalmasak. Teraszon vagy erk\u00e9lyen, cser\u00e9pben termesztend\u0151.<\/p>\n<p>A fajta korais\u00e1ga Korai<br \/>\nPal\u00e1ntanevel\u00e9si id\u0151 III-IV<br \/>\n\u00dcvegh\u00e1zban vet\u00e9s ideje III-IV<br \/>\nT\u00e1p\u00e9rt\u00e9k, cm 90&#215;40<br \/>\nSz\u00fcret VII-VIII<br \/>\nTermesztet\u0151 hely Sz\u00e1nd\u00e9kon, \u00dcvegh\u00e1zban, Erk\u00e9lyen, Cser\u00e9pben<br \/>\nM\u00e1rka URBAN GARDEN<br \/>\n\u00dcltet\u00e9s V-VI<br \/>\nSz\u00edn Vegyes<br \/>\nCsomagol\u00e1s 10 mp<br \/>\nKl\u00edma Napos<\/p>\n<p>&nbsp;<\/p>\n","protected":false},"featured_media":41455,"comment_status":"closed","ping_status":"closed","template":"","meta":[],"product_brand":[],"product_cat":[354],"product_tag":[],"class_list":{"0":"post-41454","1":"product","2":"type-product","3":"status-publish","4":"has-post-thumbnail","6":"product_cat-organic-way","8":"first","9":"instock","10":"taxable","11":"shipping-taxable","12":"purchasable","13":"product-type-simple"},"_links":{"self":[{"href":"https:\/\/chilimag.hu\/webshop\/wp-json\/wp\/v2\/product\/41454","targetHints":{"allow":["GET"]}}],"collection":[{"href":"https:\/\/chilimag.hu\/webshop\/wp-json\/wp\/v2\/product"}],"about":[{"href":"https:\/\/chilimag.hu\/webshop\/wp-json\/wp\/v2\/types\/product"}],"replies":[{"embeddable":true,"href":"https:\/\/chilimag.hu\/webshop\/wp-json\/wp\/v2\/comments?post=41454"}],"wp:featuredmedia":[{"embeddable":true,"href":"https:\/\/chilimag.hu\/webshop\/wp-json\/wp\/v2\/media\/41455"}],"wp:attachment":[{"href":"https:\/\/chilimag.hu\/webshop\/wp-json\/wp\/v2\/media?parent=41454"}],"wp:term":[{"taxonomy":"product_brand","embeddable":true,"href":"https:\/\/chilimag.hu\/webshop\/wp-json\/wp\/v2\/product_brand?post=41454"},{"taxonomy":"product_cat","embeddable":true,"href":"https:\/\/chilimag.hu\/webshop\/wp-json\/wp\/v2\/product_cat?post=41454"},{"taxonomy":"product_tag","embeddable":true,"href":"https:\/\/chilimag.hu\/webshop\/wp-json\/wp\/v2\/product_tag?post=41454"}],"curies":[{"name":"wp","href":"https:\/\/api.w.org\/{rel}","templated":true}]}}