{"id":41331,"date":"2026-04-28T05:21:43","date_gmt":"2026-04-28T05:21:43","guid":{"rendered":"https:\/\/chilimag.hu\/webshop\/?post_type=product&#038;p=41331"},"modified":"2026-04-28T16:11:04","modified_gmt":"2026-04-28T16:11:04","slug":"geotextilia-barna-16x10m-80g-agr-sl","status":"publish","type":"product","link":"https:\/\/chilimag.hu\/webshop\/termek\/geotextilia-barna-16x10m-80g-agr-sl\/","title":{"rendered":"Geotextilia barna 1,6X10m 80G Agr SL"},"content":{"rendered":"","protected":false},"excerpt":{"rendered":"<h3><img decoding=\"async\" class=\"\" src=\"https:\/\/b2b.seklos.lt\/img\/m\/79-medium_default.jpg\" alt=\"\" width=\"150\" height=\"150\" \/><\/h3>\n<h3>Term\u00e9kle\u00edr\u00e1s<\/h3>\n<p>&nbsp;<\/p>\n<p>Barna geotextilia mulcsoz\u00e1s al\u00e1 aj\u00e1nlott.<\/p>\n<p>&nbsp;<\/p>\n","protected":false},"featured_media":41332,"comment_status":"closed","ping_status":"closed","template":"","meta":[],"product_brand":[],"product_cat":[338],"product_tag":[],"class_list":{"0":"post-41331","1":"product","2":"type-product","3":"status-publish","4":"has-post-thumbnail","6":"product_cat-talajtakarok-es-foliak","8":"first","9":"instock","10":"taxable","11":"shipping-taxable","12":"purchasable","13":"product-type-simple"},"_links":{"self":[{"href":"https:\/\/chilimag.hu\/webshop\/wp-json\/wp\/v2\/product\/41331","targetHints":{"allow":["GET"]}}],"collection":[{"href":"https:\/\/chilimag.hu\/webshop\/wp-json\/wp\/v2\/product"}],"about":[{"href":"https:\/\/chilimag.hu\/webshop\/wp-json\/wp\/v2\/types\/product"}],"replies":[{"embeddable":true,"href":"https:\/\/chilimag.hu\/webshop\/wp-json\/wp\/v2\/comments?post=41331"}],"wp:featuredmedia":[{"embeddable":true,"href":"https:\/\/chilimag.hu\/webshop\/wp-json\/wp\/v2\/media\/41332"}],"wp:attachment":[{"href":"https:\/\/chilimag.hu\/webshop\/wp-json\/wp\/v2\/media?parent=41331"}],"wp:term":[{"taxonomy":"product_brand","embeddable":true,"href":"https:\/\/chilimag.hu\/webshop\/wp-json\/wp\/v2\/product_brand?post=41331"},{"taxonomy":"product_cat","embeddable":true,"href":"https:\/\/chilimag.hu\/webshop\/wp-json\/wp\/v2\/product_cat?post=41331"},{"taxonomy":"product_tag","embeddable":true,"href":"https:\/\/chilimag.hu\/webshop\/wp-json\/wp\/v2\/product_tag?post=41331"}],"curies":[{"name":"wp","href":"https:\/\/api.w.org\/{rel}","templated":true}]}}