{"id":41312,"date":"2026-04-22T18:40:14","date_gmt":"2026-04-22T18:40:14","guid":{"rendered":"https:\/\/chilimag.hu\/webshop\/?post_type=product&#038;p=41312"},"modified":"2026-04-22T18:40:14","modified_gmt":"2026-04-22T18:40:14","slug":"sunos-ontottvas-labtorlo-lh65","status":"publish","type":"product","link":"https:\/\/chilimag.hu\/webshop\/termek\/sunos-ontottvas-labtorlo-lh65\/","title":{"rendered":"S\u00fcn\u00f6s \u00f6nt\u00f6ttvas l\u00e1bt\u00f6rl\u0151 (LH65)"},"content":{"rendered":"","protected":false},"excerpt":{"rendered":"<h3>Term\u00e9kle\u00edr\u00e1s<\/h3>\n<p>S\u00fcn mint\u00e1s \u00f6nt\u00f6ttvas l\u00e1bt\u00f6rl\u0151, k\u00f6zep\u00e9n k\u00f3kuszrost bet\u00e9ttel.<\/p>\n<p>M\u00e9rete: vastags\u00e1g: 2 cm, sz\u00e9less\u00e9g: 73 cm, m\u00e9lys\u00e9g: 46 cm<\/p>\n<p>&nbsp;<\/p>\n","protected":false},"featured_media":41313,"comment_status":"closed","ping_status":"closed","template":"","meta":[],"product_brand":[],"product_cat":[342],"product_tag":[],"class_list":{"0":"post-41312","1":"product","2":"type-product","3":"status-publish","4":"has-post-thumbnail","6":"product_cat-egyeb-kerti-termekek","8":"first","9":"instock","10":"taxable","11":"shipping-taxable","12":"purchasable","13":"product-type-simple"},"_links":{"self":[{"href":"https:\/\/chilimag.hu\/webshop\/wp-json\/wp\/v2\/product\/41312","targetHints":{"allow":["GET"]}}],"collection":[{"href":"https:\/\/chilimag.hu\/webshop\/wp-json\/wp\/v2\/product"}],"about":[{"href":"https:\/\/chilimag.hu\/webshop\/wp-json\/wp\/v2\/types\/product"}],"replies":[{"embeddable":true,"href":"https:\/\/chilimag.hu\/webshop\/wp-json\/wp\/v2\/comments?post=41312"}],"wp:featuredmedia":[{"embeddable":true,"href":"https:\/\/chilimag.hu\/webshop\/wp-json\/wp\/v2\/media\/41313"}],"wp:attachment":[{"href":"https:\/\/chilimag.hu\/webshop\/wp-json\/wp\/v2\/media?parent=41312"}],"wp:term":[{"taxonomy":"product_brand","embeddable":true,"href":"https:\/\/chilimag.hu\/webshop\/wp-json\/wp\/v2\/product_brand?post=41312"},{"taxonomy":"product_cat","embeddable":true,"href":"https:\/\/chilimag.hu\/webshop\/wp-json\/wp\/v2\/product_cat?post=41312"},{"taxonomy":"product_tag","embeddable":true,"href":"https:\/\/chilimag.hu\/webshop\/wp-json\/wp\/v2\/product_tag?post=41312"}],"curies":[{"name":"wp","href":"https:\/\/api.w.org\/{rel}","templated":true}]}}