{"id":41310,"date":"2026-04-22T18:36:15","date_gmt":"2026-04-22T18:36:15","guid":{"rendered":"https:\/\/chilimag.hu\/webshop\/?post_type=product&#038;p=41310"},"modified":"2026-04-22T18:36:15","modified_gmt":"2026-04-22T18:36:15","slug":"labtorlo-kerti-eszkoz-mintakkal-rb217","status":"publish","type":"product","link":"https:\/\/chilimag.hu\/webshop\/termek\/labtorlo-kerti-eszkoz-mintakkal-rb217\/","title":{"rendered":"L\u00e1bt\u00f6rl\u0151, kerti eszk\u00f6z mint\u00e1kkal (RB217)"},"content":{"rendered":"","protected":false},"excerpt":{"rendered":"<h3>Term\u00e9kle\u00edr\u00e1s<\/h3>\n<p>Kerti szersz\u00e1mos k\u00f3kuszrost \u00e9s m\u0171anyag l\u00e1bt\u00f6rl\u0151.<\/p>\n<p>M\u00e9rete: sz\u00e9less\u00e9g: 60 cm, m\u00e9lys\u00e9g: 40 cm, magass\u00e1g: 0,9 cm<\/p>\n<p>&nbsp;<\/p>\n","protected":false},"featured_media":41311,"comment_status":"closed","ping_status":"closed","template":"","meta":[],"product_brand":[],"product_cat":[342],"product_tag":[],"class_list":{"0":"post-41310","1":"product","2":"type-product","3":"status-publish","4":"has-post-thumbnail","6":"product_cat-egyeb-kerti-termekek","8":"first","9":"instock","10":"taxable","11":"shipping-taxable","12":"purchasable","13":"product-type-simple"},"_links":{"self":[{"href":"https:\/\/chilimag.hu\/webshop\/wp-json\/wp\/v2\/product\/41310","targetHints":{"allow":["GET"]}}],"collection":[{"href":"https:\/\/chilimag.hu\/webshop\/wp-json\/wp\/v2\/product"}],"about":[{"href":"https:\/\/chilimag.hu\/webshop\/wp-json\/wp\/v2\/types\/product"}],"replies":[{"embeddable":true,"href":"https:\/\/chilimag.hu\/webshop\/wp-json\/wp\/v2\/comments?post=41310"}],"wp:featuredmedia":[{"embeddable":true,"href":"https:\/\/chilimag.hu\/webshop\/wp-json\/wp\/v2\/media\/41311"}],"wp:attachment":[{"href":"https:\/\/chilimag.hu\/webshop\/wp-json\/wp\/v2\/media?parent=41310"}],"wp:term":[{"taxonomy":"product_brand","embeddable":true,"href":"https:\/\/chilimag.hu\/webshop\/wp-json\/wp\/v2\/product_brand?post=41310"},{"taxonomy":"product_cat","embeddable":true,"href":"https:\/\/chilimag.hu\/webshop\/wp-json\/wp\/v2\/product_cat?post=41310"},{"taxonomy":"product_tag","embeddable":true,"href":"https:\/\/chilimag.hu\/webshop\/wp-json\/wp\/v2\/product_tag?post=41310"}],"curies":[{"name":"wp","href":"https:\/\/api.w.org\/{rel}","templated":true}]}}