{"id":41272,"date":"2026-04-15T07:23:31","date_gmt":"2026-04-15T07:23:31","guid":{"rendered":"https:\/\/chilimag.hu\/webshop\/?post_type=product&#038;p=41272"},"modified":"2026-04-15T07:24:15","modified_gmt":"2026-04-15T07:24:15","slug":"patiszon-sunrise-f1-pmt-b-s","status":"publish","type":"product","link":"https:\/\/chilimag.hu\/webshop\/termek\/patiszon-sunrise-f1-pmt-b-s\/","title":{"rendered":"Patiszon Sunrise F1 PMT  B-S"},"content":{"rendered":"","protected":false},"excerpt":{"rendered":"<h3><img decoding=\"async\" src=\"https:\/\/chilimag.hu\/webshop\/wp-content\/uploads\/2022\/10\/bobby-seeds-test-logo-150x150.png\" \/><\/h3>\n<h3>Term\u00e9kle\u00edr\u00e1s<\/h3>\n<p>Botanikai n\u00e9v:Cucurbita pepo<\/p>\n<p>&nbsp;<\/p>\n<p>Nagyon term\u00e9keny, szinte bokros fajta s\u00e1rga, narancss\u00e1rga cs\u00edkos \u00e9s foltos gy\u00fcm\u00f6lcs\u00f6kkel. A gy\u00fcm\u00f6lcs s\u00falya k\u00f6r\u00fclbel\u00fcl 700-900 gramm. A gy\u00fcm\u00f6lcs alakja \u00e9rdekes, n\u00e9mileg a pattypan t\u00f6kre eml\u00e9keztet. Ehet\u0151 t\u00f6kk\u00e9nt is haszn\u00e1lhat\u00f3, p\u00e9ld\u00e1ul el\u0151\u00e9telnek t\u00f6lt\u00f6tt t\u00f6kk\u00e9nt. Nagyon j\u00f3 term\u00e9shozam\u00fa \u00e9s rendk\u00edv\u00fcl ellen\u00e1ll\u00f3 a lisztharmattal szemben.<\/p>\n<p>Az \u00e9r\u00e9si id\u0151 k\u00f6r\u00fclbel\u00fcl 85-90 nap.<\/p>\n<p>A Sunrise F1 bokros, kompakt form\u00e1ban n\u0151.<\/p>\n<p>Ez a fajta alkalmas fogyaszt\u00e1sra.A t\u00f6k meleg, j\u00f3 v\u00edzelvezet\u00e9s\u0171 talajban fejl\u0151dik. A magokat belt\u00e9rben kell el\u00fcltetni, \u00e9s \u00e1prilis v\u00e9g\u00e9t\u0151l ki\u00fcltetni, vagy m\u00e1jus elej\u00e9t\u0151l k\u00f6zvetlen\u00fcl a f\u00f6ldbe vetni.<\/p>\n<p>A Sunrise eset\u00e9ben n\u00f6v\u00e9nyenk\u00e9nt 1 n\u00e9gyzetm\u00e9tert javaslunk.<\/p>\n<p>Lehets\u00e9ges k\u00e1rtev\u0151k: csig\u00e1k, madarak, egerek, lev\u00e9ltetvek, lisztharmat, v\u00edrus.<\/p>\n<p>A csomag 10 szem magot tartalmaz<\/p>\n<p>&nbsp;<\/p>\n","protected":false},"featured_media":41273,"comment_status":"closed","ping_status":"closed","template":"","meta":[],"product_brand":[],"product_cat":[346],"product_tag":[],"class_list":{"0":"post-41272","1":"product","2":"type-product","3":"status-publish","4":"has-post-thumbnail","6":"product_cat-cukkini-patiszon-uborka","8":"first","9":"instock","10":"taxable","11":"shipping-taxable","12":"purchasable","13":"product-type-simple"},"_links":{"self":[{"href":"https:\/\/chilimag.hu\/webshop\/wp-json\/wp\/v2\/product\/41272","targetHints":{"allow":["GET"]}}],"collection":[{"href":"https:\/\/chilimag.hu\/webshop\/wp-json\/wp\/v2\/product"}],"about":[{"href":"https:\/\/chilimag.hu\/webshop\/wp-json\/wp\/v2\/types\/product"}],"replies":[{"embeddable":true,"href":"https:\/\/chilimag.hu\/webshop\/wp-json\/wp\/v2\/comments?post=41272"}],"wp:featuredmedia":[{"embeddable":true,"href":"https:\/\/chilimag.hu\/webshop\/wp-json\/wp\/v2\/media\/41273"}],"wp:attachment":[{"href":"https:\/\/chilimag.hu\/webshop\/wp-json\/wp\/v2\/media?parent=41272"}],"wp:term":[{"taxonomy":"product_brand","embeddable":true,"href":"https:\/\/chilimag.hu\/webshop\/wp-json\/wp\/v2\/product_brand?post=41272"},{"taxonomy":"product_cat","embeddable":true,"href":"https:\/\/chilimag.hu\/webshop\/wp-json\/wp\/v2\/product_cat?post=41272"},{"taxonomy":"product_tag","embeddable":true,"href":"https:\/\/chilimag.hu\/webshop\/wp-json\/wp\/v2\/product_tag?post=41272"}],"curies":[{"name":"wp","href":"https:\/\/api.w.org\/{rel}","templated":true}]}}