{"id":41270,"date":"2026-04-15T07:13:47","date_gmt":"2026-04-15T07:13:47","guid":{"rendered":"https:\/\/chilimag.hu\/webshop\/?post_type=product&#038;p=41270"},"modified":"2026-04-15T07:13:47","modified_gmt":"2026-04-15T07:13:47","slug":"bokolo-disznoparej-zold-b-s","status":"publish","type":"product","link":"https:\/\/chilimag.hu\/webshop\/termek\/bokolo-disznoparej-zold-b-s\/","title":{"rendered":"Bokol\u00f3 diszn\u00f3par\u00e9j z\u00f6ld B-S"},"content":{"rendered":"","protected":false},"excerpt":{"rendered":"<h3><img decoding=\"async\" src=\"https:\/\/chilimag.hu\/webshop\/wp-content\/uploads\/2022\/10\/bobby-seeds-test-logo-150x150.png\" \/><\/h3>\n<h3>Term\u00e9kle\u00edr\u00e1s<\/h3>\n<p>Botanikai n\u00e9v:Amaranthus caudatus<\/p>\n<p>A Green Pearls l\u00e9nyegesen szebb, dupla vir\u00e1gfejekkel b\u00fcszk\u00e9lkedhet, mint az eredeti faj. A z\u00f6ld farok n\u00e9lk\u00fcl\u00f6zhetetlen kerti vir\u00e1gk\u00e9nt, \u00e9s v\u00e1gott vir\u00e1gk\u00e9nt is nagyra \u00e9rt\u00e9kelik. Sz\u00e1r\u00edt\u00e1sra is kiv\u00e1l\u00f3an alkalmasak. K\u00f6nnyen \u00e9s ig\u00e9nytelen\u00fcl termeszthet\u0151, meleg k\u00f6r\u00fclm\u00e9nyek k\u00f6z\u00f6tt \u00e9rzi j\u00f3l mag\u00e1t.<\/p>\n<p>Vir\u00e1gz\u00e1si id\u0151szak: j\u00fanius v\u00e9g\u00e9t\u0151l okt\u00f3berig<\/p>\n<p>A n\u00f6v\u00e9nyek k\u00f6r\u00fclbel\u00fcl 100 cm magasra n\u0151nek<\/p>\n<p>Egy adag k\u00f6r\u00fclbel\u00fcl 200 n\u00f6v\u00e9nyre elegend\u0151<\/p>\n<p>K\u00f6zvetlen\u00fcl a szabadba vesse a m\u00e1jusi utols\u00f3 fagy ut\u00e1n; egym\u00e1st k\u00f6vet\u0151 vet\u00e9s is lehets\u00e9ges.<\/p>\n<p>&nbsp;<\/p>\n<p>&nbsp;<\/p>\n","protected":false},"featured_media":41271,"comment_status":"closed","ping_status":"closed","template":"","meta":[],"product_brand":[],"product_cat":[328],"product_tag":[],"class_list":{"0":"post-41270","1":"product","2":"type-product","3":"status-publish","4":"has-post-thumbnail","6":"product_cat-virag-es-disznoveny-vetomagok","8":"first","9":"instock","10":"taxable","11":"shipping-taxable","12":"purchasable","13":"product-type-simple"},"_links":{"self":[{"href":"https:\/\/chilimag.hu\/webshop\/wp-json\/wp\/v2\/product\/41270","targetHints":{"allow":["GET"]}}],"collection":[{"href":"https:\/\/chilimag.hu\/webshop\/wp-json\/wp\/v2\/product"}],"about":[{"href":"https:\/\/chilimag.hu\/webshop\/wp-json\/wp\/v2\/types\/product"}],"replies":[{"embeddable":true,"href":"https:\/\/chilimag.hu\/webshop\/wp-json\/wp\/v2\/comments?post=41270"}],"wp:featuredmedia":[{"embeddable":true,"href":"https:\/\/chilimag.hu\/webshop\/wp-json\/wp\/v2\/media\/41271"}],"wp:attachment":[{"href":"https:\/\/chilimag.hu\/webshop\/wp-json\/wp\/v2\/media?parent=41270"}],"wp:term":[{"taxonomy":"product_brand","embeddable":true,"href":"https:\/\/chilimag.hu\/webshop\/wp-json\/wp\/v2\/product_brand?post=41270"},{"taxonomy":"product_cat","embeddable":true,"href":"https:\/\/chilimag.hu\/webshop\/wp-json\/wp\/v2\/product_cat?post=41270"},{"taxonomy":"product_tag","embeddable":true,"href":"https:\/\/chilimag.hu\/webshop\/wp-json\/wp\/v2\/product_tag?post=41270"}],"curies":[{"name":"wp","href":"https:\/\/api.w.org\/{rel}","templated":true}]}}