{"id":41268,"date":"2026-04-15T07:05:27","date_gmt":"2026-04-15T07:05:27","guid":{"rendered":"https:\/\/chilimag.hu\/webshop\/?post_type=product&#038;p=41268"},"modified":"2026-04-15T07:06:00","modified_gmt":"2026-04-15T07:06:00","slug":"szerradella-vetesi-csibelab-b-s","status":"publish","type":"product","link":"https:\/\/chilimag.hu\/webshop\/termek\/szerradella-vetesi-csibelab-b-s\/","title":{"rendered":"Szerradella -Vet\u00e9si csibel\u00e1b B-S"},"content":{"rendered":"<h3>Term\u00e9kle\u00edr\u00e1s<\/h3>\n<p>Botanikai n\u00e9v:<span class=\"a-list-item\"> Ornithopus sativus<\/span><\/p>\n<p>Z\u00f6ldtr\u00e1gya er\u0151s kar\u00f3gy\u00f6k\u00e9rrel<\/p>\n<p>A Serradella egy egyny\u00e1ri, l\u00e1gysz\u00e1r\u00fa h\u00fcvelyes n\u00f6v\u00e9ny, amely er\u0151s, hossz\u00fa kar\u00f3gy\u00f6keret fejleszt, kiterjedten el\u00e1gaz\u00f3 rostos gy\u00f6kerekkel. A n\u00f6v\u00e9nyek viszonylag alacsonyak maradnak, el\u00e9rik a 20-60 cm magass\u00e1got, \u00e9s a talajig\u00e9ny tekintet\u00e9ben nagyon ig\u00e9nytelenek; csak a pang\u00e1s okoz probl\u00e9m\u00e1t. Z\u00f6ldtr\u00e1gyak\u00e9nt fellaz\u00edtja a talajt \u00e9s nitrog\u00e9nnel gazdag\u00edtja. Feh\u00e9r-r\u00f3zsasz\u00edn vir\u00e1gai vannak, \u00e9s -5 \u00b0C k\u00f6r\u00fcl elpusztul.<\/p>\n<p>Ornithopus sativusA pillang\u00f3svir\u00e1g\u00faak csal\u00e1dj\u00e1ba tartoz\u00f3, egy\u00e9ves, takarm\u00e1ny- \u00e9s z\u00f6ldtr\u00e1gyan\u00f6v\u00e9nyk\u00e9nt haszn\u00e1lt n\u00f6v\u00e9ny, amelyet f\u0151leg homokos talajokon termesztenek<\/p>\n<p>Vet\u00e9si id\u0151: \u00e1prilis &#8211; augusztus<\/p>\n<p>Vet\u00e9s: K\u00f6zvetlen szabadf\u00f6ldi vet\u00e9s \u00e1prilist\u00f3l augusztus v\u00e9g\u00e9ig, a magokat v\u00e9konyan sz\u00f3rva. Vet\u00e9si mennyis\u00e9g: 1 kg \/ 120 m\u00b2<\/p>\n<p>A csomag 50 gr magot tartalmaz<\/p>\n<p>&nbsp;<\/p>\n","protected":false},"excerpt":{"rendered":"<p>Term\u00e9kle\u00edr\u00e1s Botanikai n\u00e9v: Ornithopus sativus Z\u00f6ldtr\u00e1gya er\u0151s kar\u00f3gy\u00f6k\u00e9rrel A Serradella egy egyny\u00e1ri, l\u00e1gysz\u00e1r\u00fa h\u00fcvelyes n\u00f6v\u00e9ny, amely er\u0151s, hossz\u00fa kar\u00f3gy\u00f6keret fejleszt, kiterjedten el\u00e1gaz\u00f3 rostos gy\u00f6kerekkel. A n\u00f6v\u00e9nyek viszonylag alacsonyak maradnak, el\u00e9rik a 20-60 cm magass\u00e1got, \u00e9s a talajig\u00e9ny tekintet\u00e9ben nagyon ig\u00e9nytelenek; csak a pang\u00e1s okoz probl\u00e9m\u00e1t. Z\u00f6ldtr\u00e1gyak\u00e9nt fellaz\u00edtja a talajt \u00e9s nitrog\u00e9nnel gazdag\u00edtja. Feh\u00e9r-r\u00f3zsasz\u00edn vir\u00e1gai vannak, [&hellip;]<\/p>\n","protected":false},"featured_media":41269,"comment_status":"closed","ping_status":"closed","template":"","meta":[],"product_brand":[],"product_cat":[471],"product_tag":[],"class_list":{"0":"post-41268","1":"product","2":"type-product","3":"status-publish","4":"has-post-thumbnail","6":"product_cat-fu-es-mezogazdasagi-vetomagok","8":"first","9":"instock","10":"taxable","11":"shipping-taxable","12":"purchasable","13":"product-type-simple"},"_links":{"self":[{"href":"https:\/\/chilimag.hu\/webshop\/wp-json\/wp\/v2\/product\/41268","targetHints":{"allow":["GET"]}}],"collection":[{"href":"https:\/\/chilimag.hu\/webshop\/wp-json\/wp\/v2\/product"}],"about":[{"href":"https:\/\/chilimag.hu\/webshop\/wp-json\/wp\/v2\/types\/product"}],"replies":[{"embeddable":true,"href":"https:\/\/chilimag.hu\/webshop\/wp-json\/wp\/v2\/comments?post=41268"}],"wp:featuredmedia":[{"embeddable":true,"href":"https:\/\/chilimag.hu\/webshop\/wp-json\/wp\/v2\/media\/41269"}],"wp:attachment":[{"href":"https:\/\/chilimag.hu\/webshop\/wp-json\/wp\/v2\/media?parent=41268"}],"wp:term":[{"taxonomy":"product_brand","embeddable":true,"href":"https:\/\/chilimag.hu\/webshop\/wp-json\/wp\/v2\/product_brand?post=41268"},{"taxonomy":"product_cat","embeddable":true,"href":"https:\/\/chilimag.hu\/webshop\/wp-json\/wp\/v2\/product_cat?post=41268"},{"taxonomy":"product_tag","embeddable":true,"href":"https:\/\/chilimag.hu\/webshop\/wp-json\/wp\/v2\/product_tag?post=41268"}],"curies":[{"name":"wp","href":"https:\/\/api.w.org\/{rel}","templated":true}]}}