{"id":41256,"date":"2026-04-13T18:36:04","date_gmt":"2026-04-13T18:36:04","guid":{"rendered":"https:\/\/chilimag.hu\/webshop\/?post_type=product&#038;p=41256"},"modified":"2026-04-13T18:38:47","modified_gmt":"2026-04-13T18:38:47","slug":"gumi-kokusz-labtorlo-76x45-cm-rb12","status":"publish","type":"product","link":"https:\/\/chilimag.hu\/webshop\/termek\/gumi-kokusz-labtorlo-76x45-cm-rb12\/","title":{"rendered":"Gumi-k\u00f3kusz l\u00e1bt\u00f6rl\u0151 76\u00d745 cm (RB12)"},"content":{"rendered":"","protected":false},"excerpt":{"rendered":"<h3>Term\u00e9kle\u00edr\u00e1s<\/h3>\n<p>Anyaga gumi \u00e9s k\u00f3kuszrost.<\/p>\n<p>M\u00e9rete: magass\u00e1ga: 2 cm, sz\u00e9less\u00e9ge: 76 cm, m\u00e9lys\u00e9ge: 45cm.<\/p>\n<p>&nbsp;<\/p>\n","protected":false},"featured_media":41257,"comment_status":"closed","ping_status":"closed","template":"","meta":[],"product_brand":[],"product_cat":[342],"product_tag":[],"class_list":{"0":"post-41256","1":"product","2":"type-product","3":"status-publish","4":"has-post-thumbnail","6":"product_cat-egyeb-kerti-termekek","8":"first","9":"instock","10":"taxable","11":"shipping-taxable","12":"purchasable","13":"product-type-simple"},"_links":{"self":[{"href":"https:\/\/chilimag.hu\/webshop\/wp-json\/wp\/v2\/product\/41256","targetHints":{"allow":["GET"]}}],"collection":[{"href":"https:\/\/chilimag.hu\/webshop\/wp-json\/wp\/v2\/product"}],"about":[{"href":"https:\/\/chilimag.hu\/webshop\/wp-json\/wp\/v2\/types\/product"}],"replies":[{"embeddable":true,"href":"https:\/\/chilimag.hu\/webshop\/wp-json\/wp\/v2\/comments?post=41256"}],"wp:featuredmedia":[{"embeddable":true,"href":"https:\/\/chilimag.hu\/webshop\/wp-json\/wp\/v2\/media\/41257"}],"wp:attachment":[{"href":"https:\/\/chilimag.hu\/webshop\/wp-json\/wp\/v2\/media?parent=41256"}],"wp:term":[{"taxonomy":"product_brand","embeddable":true,"href":"https:\/\/chilimag.hu\/webshop\/wp-json\/wp\/v2\/product_brand?post=41256"},{"taxonomy":"product_cat","embeddable":true,"href":"https:\/\/chilimag.hu\/webshop\/wp-json\/wp\/v2\/product_cat?post=41256"},{"taxonomy":"product_tag","embeddable":true,"href":"https:\/\/chilimag.hu\/webshop\/wp-json\/wp\/v2\/product_tag?post=41256"}],"curies":[{"name":"wp","href":"https:\/\/api.w.org\/{rel}","templated":true}]}}