{"id":41134,"date":"2026-03-28T18:17:19","date_gmt":"2026-03-28T18:17:19","guid":{"rendered":"https:\/\/chilimag.hu\/webshop\/?post_type=product&#038;p=41134"},"modified":"2026-04-15T11:21:38","modified_gmt":"2026-04-15T11:21:38","slug":"elina-clean-rovarcsapda-sargalap-10-db-os","status":"publish","type":"product","link":"https:\/\/chilimag.hu\/webshop\/termek\/elina-clean-rovarcsapda-sargalap-10-db-os\/","title":{"rendered":"Elina Clean Rovarcsapda s\u00e1rgalap 10 db-os"},"content":{"rendered":"","protected":false},"excerpt":{"rendered":"<p><img decoding=\"async\" class=\"sFlh5c FyHeAf iPVvYb\" src=\"https:\/\/cdn.miswag.me\/images\/images\/miswag_NKS5oF.jpg\" alt=\"Elina Clean WC illatos\u00edt\u00f3 blokk erdei gy\u00fcm\u00f6lcs\u00f6s. \u2013 HappyBolt\" width=\"149\" height=\"149\" \/><\/p>\n<h3>Term\u00e9kle\u00edr\u00e1s<\/h3>\n<div class=\"Y3BBE\" data-sfc-cp=\"\" data-sfc-root=\"c\" data-sfc-cb=\"\" data-hveid=\"CAIQAA\" data-complete=\"true\" data-processed=\"true\">\n<div data-subtree=\"aimfl\" data-sfc-root=\"c\" data-sfc-cb=\"\" data-complete=\"true\" data-processed=\"true\">Az <strong class=\"Yjhzub\" data-sfc-root=\"c\" data-sfc-cb=\"\" data-complete=\"true\" data-processed=\"true\">Elina Clean Rovarcsapda (Gelbtafel) 10 db-os<\/strong> kiszerel\u00e9se egy hat\u00e9kony, vegyszermentes megold\u00e1s a szoban\u00f6v\u00e9nyek \u00e9s \u00fcvegh\u00e1zi n\u00f6v\u00e9nyek v\u00e9delm\u00e9re. A s\u00e1rga sz\u00edn vonzza a k\u00e1rtev\u0151ket, a speci\u00e1lis ragaszt\u00f3r\u00e9teg pedig foglyul ejti \u0151ket.<\/div>\n<p><button class=\"rBl3me\" tabindex=\"0\" data-amic=\"true\" data-icl-uuid=\"764cf1e2-ddbd-4585-897f-1e3ebbcbb7a8\" aria-label=\"Kapcsol\u00f3d\u00f3 linkek megjelen\u00edt\u00e9se\" data-wiz-attrbind=\"disabled=BwUvye_i\/C5gNJc;aria-label=BwUvye_i\/bOjMyf;class=BwUvye_i\/UpSNec\" data-ved=\"2ahUKEwi5rO2xmcOTAxWNQfEDHemJCnsQye0OegQIAhAB\" data-hveid=\"CAIQAQ\"><\/button><\/div>\n<div class=\"Fsg96\" data-sfc-cp=\"\" data-sfc-root=\"c\" data-sfc-cb=\"\" data-complete=\"true\" data-processed=\"true\"><\/div>\n<div class=\"otQkpb\" role=\"heading\" aria-level=\"3\" data-animation-nesting=\"\" data-sfc-cp=\"\" data-sfc-root=\"c\" data-sfc-cb=\"\" data-complete=\"true\" data-processed=\"true\" data-sae=\"\">Term\u00e9kjellemz\u0151k \u00e9s el\u0151ny\u00f6k<button class=\"rBl3me\" tabindex=\"0\" data-amic=\"true\" data-icl-uuid=\"3a847dd3-08ae-4c70-8659-224b7bca7486\" aria-label=\"Kapcsol\u00f3d\u00f3 linkek megjelen\u00edt\u00e9se\" data-wiz-attrbind=\"disabled=BwUvye_n\/C5gNJc;aria-label=BwUvye_n\/bOjMyf;class=BwUvye_n\/UpSNec\" data-ved=\"2ahUKEwi5rO2xmcOTAxWNQfEDHemJCnsQye0OegQIAxAA\" data-hveid=\"CAMQAA\"><\/button><\/div>\n<p><span class=\"T286Pc\" data-sfc-cp=\"\" data-sfc-root=\"c\" data-sfc-cb=\"\" data-complete=\"true\"><strong class=\"Yjhzub\" data-sfc-root=\"c\" data-sfc-cb=\"\" data-complete=\"true\">C\u00e9lzott k\u00e1rtev\u0151k:<\/strong> Kiv\u00e1l\u00f3an alkalmas a <strong class=\"Yjhzub\" data-sfc-root=\"c\" data-sfc-cb=\"\" data-complete=\"true\">lisztesk\u00e9k (feh\u00e9rlegyek)<\/strong>, <strong class=\"Yjhzub\" data-sfc-root=\"c\" data-sfc-cb=\"\" data-complete=\"true\">lev\u00e9ltetvek<\/strong>, <strong class=\"Yjhzub\" data-sfc-root=\"c\" data-sfc-cb=\"\" data-complete=\"true\">fonalf\u00e9rgek<\/strong> \u00e9s <strong class=\"Yjhzub\" data-sfc-root=\"c\" data-sfc-cb=\"\" data-complete=\"true\">gy\u00e1szsz\u00fanyogok<\/strong> gy\u00e9r\u00edt\u00e9s\u00e9re.<\/span><\/p>\n<p><span class=\"T286Pc\" data-sfc-cp=\"\" data-sfc-root=\"c\" data-sfc-cb=\"\" data-complete=\"true\"><strong class=\"Yjhzub\" data-sfc-root=\"c\" data-sfc-cb=\"\" data-complete=\"true\">Vegyszermentes:<\/strong> Nem tartalmaz rovarirt\u00f3 szereket, \u00edgy lak\u00e1sban, gyerekszoba vagy h\u00e1zi\u00e1llatok k\u00f6zel\u00e9ben is biztons\u00e1gos.<\/span><\/p>\n<p><span class=\"T286Pc\" data-sfc-cp=\"\" data-sfc-root=\"c\" data-sfc-cb=\"\" data-complete=\"true\"><strong class=\"Yjhzub\" data-sfc-root=\"c\" data-sfc-cb=\"\" data-complete=\"true\">Id\u0151j\u00e1r\u00e1s\u00e1ll\u00f3:<\/strong> A ragaszt\u00f3 magasabb h\u0151m\u00e9rs\u00e9kleten sem folyik meg \u00e9s nem sz\u00e1rad ki gyorsan, \u00edgy hossz\u00fa ideig hat\u00e9kony marad.<\/span><\/p>\n<p><span class=\"T286Pc\" data-sfc-cp=\"\" data-sfc-root=\"c\" data-sfc-cb=\"\" data-complete=\"true\" aria-owns=\"action-menu-parent-container\"><strong class=\"Yjhzub\" data-sfc-root=\"c\" data-sfc-cb=\"\" data-complete=\"true\">Kialak\u00edt\u00e1s:<\/strong> A 10 darabos csomag jellemz\u0151en a <strong class=\"Yjhzub\" data-sfc-root=\"c\" data-sfc-cb=\"\" data-complete=\"true\">f\u00f6ldbe sz\u00farhat\u00f3<\/strong> v\u00e1ltozatot tartalmazza, amely k\u00f6zvetlen\u00fcl a cser\u00e9pbe helyezhet\u0151.<\/span><\/p>\n<p>&nbsp;<\/p>\n","protected":false},"featured_media":41135,"comment_status":"closed","ping_status":"closed","template":"","meta":[],"product_brand":[],"product_cat":[340],"product_tag":[],"class_list":{"0":"post-41134","1":"product","2":"type-product","3":"status-publish","4":"has-post-thumbnail","6":"product_cat-kartevo-csapdak","8":"first","9":"instock","10":"taxable","11":"shipping-taxable","12":"purchasable","13":"product-type-simple"},"_links":{"self":[{"href":"https:\/\/chilimag.hu\/webshop\/wp-json\/wp\/v2\/product\/41134","targetHints":{"allow":["GET"]}}],"collection":[{"href":"https:\/\/chilimag.hu\/webshop\/wp-json\/wp\/v2\/product"}],"about":[{"href":"https:\/\/chilimag.hu\/webshop\/wp-json\/wp\/v2\/types\/product"}],"replies":[{"embeddable":true,"href":"https:\/\/chilimag.hu\/webshop\/wp-json\/wp\/v2\/comments?post=41134"}],"wp:featuredmedia":[{"embeddable":true,"href":"https:\/\/chilimag.hu\/webshop\/wp-json\/wp\/v2\/media\/41135"}],"wp:attachment":[{"href":"https:\/\/chilimag.hu\/webshop\/wp-json\/wp\/v2\/media?parent=41134"}],"wp:term":[{"taxonomy":"product_brand","embeddable":true,"href":"https:\/\/chilimag.hu\/webshop\/wp-json\/wp\/v2\/product_brand?post=41134"},{"taxonomy":"product_cat","embeddable":true,"href":"https:\/\/chilimag.hu\/webshop\/wp-json\/wp\/v2\/product_cat?post=41134"},{"taxonomy":"product_tag","embeddable":true,"href":"https:\/\/chilimag.hu\/webshop\/wp-json\/wp\/v2\/product_tag?post=41134"}],"curies":[{"name":"wp","href":"https:\/\/api.w.org\/{rel}","templated":true}]}}