{"id":41110,"date":"2026-03-25T11:58:26","date_gmt":"2026-03-25T11:58:26","guid":{"rendered":"https:\/\/chilimag.hu\/webshop\/?post_type=product&#038;p=41110"},"modified":"2026-03-25T11:58:26","modified_gmt":"2026-03-25T11:58:26","slug":"wuxal-super-orokzold-1l","status":"publish","type":"product","link":"https:\/\/chilimag.hu\/webshop\/termek\/wuxal-super-orokzold-1l\/","title":{"rendered":"Wuxal Super \u00d6r\u00f6kz\u00f6ld 1L"},"content":{"rendered":"","protected":false},"excerpt":{"rendered":"<p><img decoding=\"async\" class=\"sFlh5c FyHeAf\" src=\"https:\/\/encrypted-tbn0.gstatic.com\/images?q=tbn:ANd9GcS3CcUV27-au7i1fHN33eB0pRb7Fvc1C-xQow&amp;s\" alt=\"WUXAL \u2013 Premium Foliar Fertilizer - WUXAL\" width=\"150\" height=\"40\" \/><\/p>\n<h4>Term\u00e9kle\u00edr\u00e1s<\/h4>\n<p>T\u00e1panyagban kiemelked\u0151en gazdag megold\u00e1s az ig\u00e9nyes -a talaj \u00e1sv\u00e1nyi anyag szolg\u00e1ltat\u00f3 k\u00e9pess\u00e9g\u00e9re \u00e9rz\u00e9keny- \u00f6r\u00f6kz\u00f6ld n\u00f6v\u00e9nyek eredm\u00e9nyes ell\u00e1t\u00e1s\u00e1ra a kertj\u00e9ben.<\/p>\n<h4>Alkalmaz\u00e1sa:<\/h4>\n<p>Lev\u00e9lre permetezve \u00e9s talajon \u00e1t \u00f6nt\u00f6z\u0151 v\u00edzbe adagolva kiv\u00e1l\u00f3an alkalmazhat\u00f3 t\u00e1poldat a z\u00f6lden d\u00edsz\u00edt\u0151 n\u00f6v\u00e9nyek t\u00e1peleminek ut\u00e1np\u00f3tl\u00e1s\u00e1ra. T\u0171level\u0171 n\u00f6v\u00e9nyek, tuj\u00e1k, \u00f6r\u00f6kz\u00f6ld cserj\u00e9k a kerti talajt\u00edpusok szerkezet\u00e9re kev\u00e9sb\u00e9 \u00e9rz\u00e9kenyek, mint az ide\u00e1lis \u00f6sszet\u00e9tel\u0171 \u00e9s harmonikusan felvehet\u0151 t\u00e1panyag szolg\u00e1ltat\u00f3 k\u00e9pess\u00e9g\u0171 talajra. A nitrog\u00e9n, foszfor, k\u00e1lium megfelel\u0151 ar\u00e1ny\u00fa jelenl\u00e9te mellett m\u00e9g fontosabb a mozd\u00edthat\u00f3 mikroelem tartalom. Ezek a kis mennyis\u00e9gben jelenl\u00e9v\u0151 elemek meghat\u00e1rozz\u00e1k a lev\u00e9lzet ide\u00e1lis alaki fejl\u0151d\u00e9s\u00e9t \u00e9s nagy hat\u00e1ssal vannak a d\u00edsz bogy\u00f3k \u00e9s hajt\u00e1sok sz\u00ednesed\u00e9s\u00e9re. Hi\u00e1nyukban a lev\u00e9lzet deform\u00e1l\u00f3dik, megbarnul, elpereg. A Wuxal\u00ae Super \u00d6r\u00f6kz\u00f6ld rendszeres alkalmaz\u00e1s\u00e1val kik\u00fcsz\u00f6b\u00f6lhet\u0151ek a hi\u00e1nyt\u00fcnetek megjelen\u00e9sei \u00e9s biztos\u00edthat\u00f3 az \u00f6r\u00f6kz\u00f6ld n\u00f6v\u00e9nyek teljes specifikus \u00e1sv\u00e1nyi anyag sz\u00fcks\u00e9glete. A t\u00e1poldat kiemelked\u0151en magas ar\u00e1nyban tartalmazza a z\u00f6ld n\u00f6v\u00e9nyek ide\u00e1lis makro, mezo \u00e9s mikroelem ig\u00e9ny\u00e9t, felvehet\u0151 form\u00e1ban. A t\u00e1pelemekkel j\u00f3l ell\u00e1tott veget\u00e1ci\u00f3 er\u0151teljes gy\u00f6k\u00e9rzettel, vit\u00e1lis lev\u00e9lzettel \u00e9s meg\u00fajul\u00f3 \u00faj hajt\u00e1s koron\u00e1val rendelkezik, megneveli a d\u00edsz\u00edt\u0151<br \/>\nterm\u00e9s\u00e9t! A t\u00e9li id\u0151szak alatt jelent\u0151sen megn\u0151 a faggyal szembeni \u00e1ll\u00f3k\u00e9pess\u00e9ge.<\/p>\n<h5>Hat\u00e1smechanizmus:<\/h5>\n<p>A n\u00f6v\u00e9nyek szervezet\u00e9t fel\u00e9p\u00edt\u0151 sz\u00fcks\u00e9ges makroelemek alapvet\u0151 \u00f6sszetev\u0151i: a nitrog\u00e9n a hajt\u00e1sn\u00f6veked\u00e9s \u00e9s lev\u00e9lzet kialakul\u00e1s\u00e1\u00e9rt felel\u0151s, a foszfor a gy\u00f6k\u00e9rzet \u00e9s vir\u00e1gzat, term\u00e9s fejl\u0151d\u00e9s\u00e9t biztos\u00edtja, a k\u00e1lium pedig a stressz\u00e1l\u00f3s\u00e1got \u00e9s a betegs\u00e9gekkel szembeni ellen\u00e1ll\u00f3s\u00e1got fokozza, el\u0151seg\u00edti a helyes v\u00edzgazd\u00e1lkod\u00e1st. A mikroelemek: vas, b\u00f3r, cink, mang\u00e1n, r\u00e9z, molibd\u00e9n a n\u00f6v\u00e9nyek bizonyos \u00e9letciklusaiban \u00e9s \u00e9letfolyamataiban nagy jelent\u0151s\u00e9g\u0171ek. A r\u00e9z \u00e9s a cink \u00f6r\u00f6kz\u00f6ldek<br \/>\nszempontj\u00e1b\u00f3l meghat\u00e1roz\u00f3 a mikroelemek k\u00f6z\u00fcl.<\/p>\n<h4>Gyakorlati tan\u00e1cs:<\/h4>\n<p>\u00d6r\u00f6kz\u00f6ldjeink t\u00e1pl\u00e1l\u00e1s\u00e1ra adjunk 10 liter v\u00edzhez 10\u201320 ml anyagot f\u00e9l\/egy kupaknyit, 0,1\u20130,2-os oldatot k\u00e9sz\u00edts\u00fcnk. \u00c1prilist\u00f3l okt\u00f3berig 14 napos id\u0151k\u00f6z\u00f6nk\u00e9nt \u00f6nt\u00f6zz\u00fck be vagy permetezz\u00fck be a n\u00f6v\u00e9nyeket. T\u00e9li id\u0151szakban elegend\u0151 egy alkalom. Fiatal kis n\u00f6v\u00e9nyekn\u00e9l felez\u00fck meg a kijuttatand\u00f3 adagot. A megadott doz\u00edroz\u00e1st ne l\u00e9pj\u00fck t\u00fal. Be\u00f6nt\u00f6z\u00e9sn\u00e9l igyekezz\u00fcnk az oldatot a n\u00f6v\u00e9ny lombkoron\u00e1ja \u00e1ltal fedett ter\u00fcletre ar\u00e1nyosan sz\u00e9tosztani. N\u00f6v\u00e9nyv\u00e9d\u0151szerrel alkalmazva v\u00e9gezz\u00fcnk kever\u00e9si pr\u00f3b\u00e1t \u00e9s vegy\u00fck figyelembe a haszn\u00e1lati utas\u00edt\u00e1s\u00e1t.<\/p>\n<p>&nbsp;<\/p>\n","protected":false},"featured_media":41111,"comment_status":"closed","ping_status":"closed","template":"","meta":[],"product_brand":[],"product_cat":[391],"product_tag":[],"class_list":{"0":"post-41110","1":"product","2":"type-product","3":"status-publish","4":"has-post-thumbnail","6":"product_cat-egyeb-tapoldatok","8":"first","9":"instock","10":"taxable","11":"shipping-taxable","12":"purchasable","13":"product-type-simple"},"_links":{"self":[{"href":"https:\/\/chilimag.hu\/webshop\/wp-json\/wp\/v2\/product\/41110","targetHints":{"allow":["GET"]}}],"collection":[{"href":"https:\/\/chilimag.hu\/webshop\/wp-json\/wp\/v2\/product"}],"about":[{"href":"https:\/\/chilimag.hu\/webshop\/wp-json\/wp\/v2\/types\/product"}],"replies":[{"embeddable":true,"href":"https:\/\/chilimag.hu\/webshop\/wp-json\/wp\/v2\/comments?post=41110"}],"wp:featuredmedia":[{"embeddable":true,"href":"https:\/\/chilimag.hu\/webshop\/wp-json\/wp\/v2\/media\/41111"}],"wp:attachment":[{"href":"https:\/\/chilimag.hu\/webshop\/wp-json\/wp\/v2\/media?parent=41110"}],"wp:term":[{"taxonomy":"product_brand","embeddable":true,"href":"https:\/\/chilimag.hu\/webshop\/wp-json\/wp\/v2\/product_brand?post=41110"},{"taxonomy":"product_cat","embeddable":true,"href":"https:\/\/chilimag.hu\/webshop\/wp-json\/wp\/v2\/product_cat?post=41110"},{"taxonomy":"product_tag","embeddable":true,"href":"https:\/\/chilimag.hu\/webshop\/wp-json\/wp\/v2\/product_tag?post=41110"}],"curies":[{"name":"wp","href":"https:\/\/api.w.org\/{rel}","templated":true}]}}