{"id":41108,"date":"2026-03-25T11:51:23","date_gmt":"2026-03-25T11:51:23","guid":{"rendered":"https:\/\/chilimag.hu\/webshop\/?post_type=product&#038;p=41108"},"modified":"2026-03-25T11:51:23","modified_gmt":"2026-03-25T11:51:23","slug":"florimo-tapoldat-rhododendron-1000ml","status":"publish","type":"product","link":"https:\/\/chilimag.hu\/webshop\/termek\/florimo-tapoldat-rhododendron-1000ml\/","title":{"rendered":"Florimo t\u00e1poldat rhododendron 1000ml"},"content":{"rendered":"","protected":false},"excerpt":{"rendered":"<p><img decoding=\"async\" class=\"sFlh5c FyHeAf iPVvYb\" src=\"https:\/\/florimo.hu\/wp-content\/uploads\/2022\/06\/florimo-1024x377.png\" alt=\"F\u0151oldal - Florimo vir\u00e1gf\u00f6ld, t\u00e1poldat, kert\" width=\"149\" height=\"55\" \/><\/p>\n<h4>Term\u00e9kle\u00edr\u00e1s<\/h4>\n<p>Adagol\u00e1s<\/p>\n<section id=\"artdet__long-description\" class=\"long-description main-block\">\n<div class=\"long-description__content font-s font-sm-m text-justify\">Az \u00f6nt\u00f6z\u0151v\u00edzhez adagolva haszn\u00e1lhat\u00f3 tavaszt\u00f3l \u0151szig hetente, t\u00e9len 3 hetente, 1 kupak (35 ml)\/3 liter \u00f6nt\u00f6z\u0151v\u00edz t\u00f6m\u00e9nys\u00e9gben. Ker\u00fclj\u00fck a t\u00faladagol\u00e1st! A t\u00f6m\u00e9ny oldat a n\u00f6v\u00e9nyen perzsel\u00e9st okozhat.<\/p>\n<p>Felhaszn\u00e1l\u00e1s<br \/>\nRhododendron- \u00e9s az\u00e1leaf\u00e9l\u00e9k t\u00e1poldatoz\u00e1s\u00e1ra.<\/p>\n<p>Hat\u00f3anyagok<br \/>\nN: 3,2%, P2O5: 1,4%, K2O: 1,7% + vas, + mikroelemek hozz\u00e1ad\u00e1s\u00e1val.<br \/>\n1000 ml<\/p><\/div>\n<\/section>\n<div id=\"artdet__datas\" class=\"data main-block\"><\/div>\n<p>&nbsp;<\/p>\n<p>&nbsp;<\/p>\n<p>&nbsp;<\/p>\n","protected":false},"featured_media":41109,"comment_status":"closed","ping_status":"closed","template":"","meta":[],"product_brand":[],"product_cat":[390],"product_tag":[],"class_list":{"0":"post-41108","1":"product","2":"type-product","3":"status-publish","4":"has-post-thumbnail","6":"product_cat-florimo","8":"first","9":"instock","10":"taxable","11":"shipping-taxable","12":"purchasable","13":"product-type-simple"},"_links":{"self":[{"href":"https:\/\/chilimag.hu\/webshop\/wp-json\/wp\/v2\/product\/41108","targetHints":{"allow":["GET"]}}],"collection":[{"href":"https:\/\/chilimag.hu\/webshop\/wp-json\/wp\/v2\/product"}],"about":[{"href":"https:\/\/chilimag.hu\/webshop\/wp-json\/wp\/v2\/types\/product"}],"replies":[{"embeddable":true,"href":"https:\/\/chilimag.hu\/webshop\/wp-json\/wp\/v2\/comments?post=41108"}],"wp:featuredmedia":[{"embeddable":true,"href":"https:\/\/chilimag.hu\/webshop\/wp-json\/wp\/v2\/media\/41109"}],"wp:attachment":[{"href":"https:\/\/chilimag.hu\/webshop\/wp-json\/wp\/v2\/media?parent=41108"}],"wp:term":[{"taxonomy":"product_brand","embeddable":true,"href":"https:\/\/chilimag.hu\/webshop\/wp-json\/wp\/v2\/product_brand?post=41108"},{"taxonomy":"product_cat","embeddable":true,"href":"https:\/\/chilimag.hu\/webshop\/wp-json\/wp\/v2\/product_cat?post=41108"},{"taxonomy":"product_tag","embeddable":true,"href":"https:\/\/chilimag.hu\/webshop\/wp-json\/wp\/v2\/product_tag?post=41108"}],"curies":[{"name":"wp","href":"https:\/\/api.w.org\/{rel}","templated":true}]}}