{"id":41055,"date":"2026-03-20T15:01:39","date_gmt":"2026-03-20T15:01:39","guid":{"rendered":"https:\/\/chilimag.hu\/webshop\/?post_type=product&#038;p=41055"},"modified":"2026-03-20T15:02:12","modified_gmt":"2026-03-20T15:02:12","slug":"paprika-szilaj-f1-rk","status":"publish","type":"product","link":"https:\/\/chilimag.hu\/webshop\/termek\/paprika-szilaj-f1-rk\/","title":{"rendered":"Paprika Szilaj F1 RK"},"content":{"rendered":"","protected":false},"excerpt":{"rendered":"<h4><img decoding=\"async\" class=\"\" src=\"https:\/\/partner.kertimag.com\/images\/km-logo.png\" width=\"150\" height=\"89\" data-v-8c3931b3=\"\" \/><\/h4>\n<h4>Term\u00e9kle\u00edr\u00e1s<\/h4>\n<p>Enyh\u00e9n cs\u00edp\u0151s f\u0171szerpaprika. Korai, k\u00f6z\u00e9per\u0151s n\u00f6veked\u00e9s\u0171 fajta, term\u00e9se s\u00f6t\u00e9tz\u00f6ldb\u0151l pirosba \u00e9rik. Magas sz\u00edn- \u00e9s sz\u00e1razanyag tartalommal rendelkezik. Szabadf\u00f6ldi termeszt\u00e9sn\u00e9l helyrevet\u00e9sre \u00e9s pal\u00e1nt\u00e1r\u00f3l ki\u00fcltetve javasoljuk<\/p>\n<p>&nbsp;<\/p>\n","protected":false},"featured_media":41056,"comment_status":"closed","ping_status":"closed","template":"","meta":[],"product_brand":[],"product_cat":[429],"product_tag":[],"class_list":{"0":"post-41055","1":"product","2":"type-product","3":"status-publish","4":"has-post-thumbnail","6":"product_cat-paprika-vetomagok-redei-kertimag","8":"first","9":"instock","10":"taxable","11":"shipping-taxable","12":"purchasable","13":"product-type-simple"},"_links":{"self":[{"href":"https:\/\/chilimag.hu\/webshop\/wp-json\/wp\/v2\/product\/41055","targetHints":{"allow":["GET"]}}],"collection":[{"href":"https:\/\/chilimag.hu\/webshop\/wp-json\/wp\/v2\/product"}],"about":[{"href":"https:\/\/chilimag.hu\/webshop\/wp-json\/wp\/v2\/types\/product"}],"replies":[{"embeddable":true,"href":"https:\/\/chilimag.hu\/webshop\/wp-json\/wp\/v2\/comments?post=41055"}],"wp:featuredmedia":[{"embeddable":true,"href":"https:\/\/chilimag.hu\/webshop\/wp-json\/wp\/v2\/media\/41056"}],"wp:attachment":[{"href":"https:\/\/chilimag.hu\/webshop\/wp-json\/wp\/v2\/media?parent=41055"}],"wp:term":[{"taxonomy":"product_brand","embeddable":true,"href":"https:\/\/chilimag.hu\/webshop\/wp-json\/wp\/v2\/product_brand?post=41055"},{"taxonomy":"product_cat","embeddable":true,"href":"https:\/\/chilimag.hu\/webshop\/wp-json\/wp\/v2\/product_cat?post=41055"},{"taxonomy":"product_tag","embeddable":true,"href":"https:\/\/chilimag.hu\/webshop\/wp-json\/wp\/v2\/product_tag?post=41055"}],"curies":[{"name":"wp","href":"https:\/\/api.w.org\/{rel}","templated":true}]}}