{"id":41046,"date":"2026-03-20T14:27:47","date_gmt":"2026-03-20T14:27:47","guid":{"rendered":"https:\/\/chilimag.hu\/webshop\/?post_type=product&#038;p=41046"},"modified":"2026-03-20T14:27:47","modified_gmt":"2026-03-20T14:27:47","slug":"sargarepa-amsterdami-rk","status":"publish","type":"product","link":"https:\/\/chilimag.hu\/webshop\/termek\/sargarepa-amsterdami-rk\/","title":{"rendered":"S\u00e1rgar\u00e9pa Amsterd\u00e1mi RK"},"content":{"rendered":"","protected":false},"excerpt":{"rendered":"<h4><img decoding=\"async\" class=\"\" src=\"https:\/\/partner.kertimag.com\/images\/km-logo.png\" width=\"151\" height=\"90\" data-v-8c3931b3=\"\" \/><\/h4>\n<h4>Term\u00e9kle\u00edr\u00e1s<\/h4>\n<p>Hajtat\u00e1sra, korai szabadf\u00f6ldi termeszt\u00e9sre alkalmas. Term\u00e9se hengeres, tompa v\u00e9g\u0171.<\/p>\n<p>&nbsp;<\/p>\n","protected":false},"featured_media":41047,"comment_status":"closed","ping_status":"closed","template":"","meta":[],"product_brand":[],"product_cat":[449],"product_tag":[],"class_list":{"0":"post-41046","1":"product","2":"type-product","3":"status-publish","4":"has-post-thumbnail","6":"product_cat-zoldseg-vetomagok-redei-kertimag","8":"first","9":"instock","10":"taxable","11":"shipping-taxable","12":"purchasable","13":"product-type-simple"},"_links":{"self":[{"href":"https:\/\/chilimag.hu\/webshop\/wp-json\/wp\/v2\/product\/41046","targetHints":{"allow":["GET"]}}],"collection":[{"href":"https:\/\/chilimag.hu\/webshop\/wp-json\/wp\/v2\/product"}],"about":[{"href":"https:\/\/chilimag.hu\/webshop\/wp-json\/wp\/v2\/types\/product"}],"replies":[{"embeddable":true,"href":"https:\/\/chilimag.hu\/webshop\/wp-json\/wp\/v2\/comments?post=41046"}],"wp:featuredmedia":[{"embeddable":true,"href":"https:\/\/chilimag.hu\/webshop\/wp-json\/wp\/v2\/media\/41047"}],"wp:attachment":[{"href":"https:\/\/chilimag.hu\/webshop\/wp-json\/wp\/v2\/media?parent=41046"}],"wp:term":[{"taxonomy":"product_brand","embeddable":true,"href":"https:\/\/chilimag.hu\/webshop\/wp-json\/wp\/v2\/product_brand?post=41046"},{"taxonomy":"product_cat","embeddable":true,"href":"https:\/\/chilimag.hu\/webshop\/wp-json\/wp\/v2\/product_cat?post=41046"},{"taxonomy":"product_tag","embeddable":true,"href":"https:\/\/chilimag.hu\/webshop\/wp-json\/wp\/v2\/product_tag?post=41046"}],"curies":[{"name":"wp","href":"https:\/\/api.w.org\/{rel}","templated":true}]}}