{"id":41044,"date":"2026-03-20T14:20:49","date_gmt":"2026-03-20T14:20:49","guid":{"rendered":"https:\/\/chilimag.hu\/webshop\/?post_type=product&#038;p=41044"},"modified":"2026-03-20T14:20:49","modified_gmt":"2026-03-20T14:20:49","slug":"borso-debreceni-sotetzold-kifejtoborso-250-g-pannon-rk","status":"publish","type":"product","link":"https:\/\/chilimag.hu\/webshop\/termek\/borso-debreceni-sotetzold-kifejtoborso-250-g-pannon-rk\/","title":{"rendered":"Bors\u00f3 Debreceni s\u00f6t\u00e9tz\u00f6ld Kifejt\u0151bors\u00f3 250 g Pannon RK"},"content":{"rendered":"","protected":false},"excerpt":{"rendered":"<h4><img decoding=\"async\" class=\"\" src=\"https:\/\/partner.kertimag.com\/images\/km-logo.png\" width=\"150\" height=\"89\" data-v-8c3931b3=\"\" \/><\/h4>\n<h4>Term\u00e9kle\u00edr\u00e1s<\/h4>\n<p>Kifejt\u0151bors\u00f3-K\u00f6z\u00e9p-korai \u00e9r\u00e9s\u0171 h\u00e1zikerti fajta. A n\u00f6v\u00e9ny 45-60 cm magas. Sok\u00e1ig vir\u00e1gzik, a h\u00fcvelyek folyamatosan k\u00e9pz\u0151dnek, s\u00f6t\u00e9tz\u00f6ld sz\u00edn\u0171ek. H\u00fcvelyenk\u00e9nt 7-8 db k\u00f6z\u00e9pnagy s\u00f6t\u00e9tz\u00f6ld mag k\u00e9pz\u0151dik.Gyakori szed\u00e9st ig\u00e9nyel. J\u00f3 term\u0151k\u00e9pess\u00e9g\u0171, m\u00e9lyh\u0171t\u00e9sre is kiv\u00e1l\u00f3. A kikelt magvet\u00e9st miel\u0151bb kap\u00e1ljuk meg, \u00e9s folyamatosan tartsuk gyommentesen, hogy a talaj felsz\u00edne porhany\u00f3s, a leveg\u0151t \u00e1tereszt\u0151 \u00e9s a vizet befogad\u00f3 legyen.<\/p>\n","protected":false},"featured_media":41045,"comment_status":"closed","ping_status":"closed","template":"","meta":[],"product_brand":[],"product_cat":[427],"product_tag":[],"class_list":{"0":"post-41044","1":"product","2":"type-product","3":"status-publish","4":"has-post-thumbnail","6":"product_cat-huvelyesek-vetomagok-redei-kertimag","8":"first","9":"instock","10":"taxable","11":"shipping-taxable","12":"purchasable","13":"product-type-simple"},"_links":{"self":[{"href":"https:\/\/chilimag.hu\/webshop\/wp-json\/wp\/v2\/product\/41044","targetHints":{"allow":["GET"]}}],"collection":[{"href":"https:\/\/chilimag.hu\/webshop\/wp-json\/wp\/v2\/product"}],"about":[{"href":"https:\/\/chilimag.hu\/webshop\/wp-json\/wp\/v2\/types\/product"}],"replies":[{"embeddable":true,"href":"https:\/\/chilimag.hu\/webshop\/wp-json\/wp\/v2\/comments?post=41044"}],"wp:featuredmedia":[{"embeddable":true,"href":"https:\/\/chilimag.hu\/webshop\/wp-json\/wp\/v2\/media\/41045"}],"wp:attachment":[{"href":"https:\/\/chilimag.hu\/webshop\/wp-json\/wp\/v2\/media?parent=41044"}],"wp:term":[{"taxonomy":"product_brand","embeddable":true,"href":"https:\/\/chilimag.hu\/webshop\/wp-json\/wp\/v2\/product_brand?post=41044"},{"taxonomy":"product_cat","embeddable":true,"href":"https:\/\/chilimag.hu\/webshop\/wp-json\/wp\/v2\/product_cat?post=41044"},{"taxonomy":"product_tag","embeddable":true,"href":"https:\/\/chilimag.hu\/webshop\/wp-json\/wp\/v2\/product_tag?post=41044"}],"curies":[{"name":"wp","href":"https:\/\/api.w.org\/{rel}","templated":true}]}}