{"id":41041,"date":"2026-03-20T14:11:44","date_gmt":"2026-03-20T14:11:44","guid":{"rendered":"https:\/\/chilimag.hu\/webshop\/?post_type=product&#038;p=41041"},"modified":"2026-03-20T14:11:44","modified_gmt":"2026-03-20T14:11:44","slug":"voroshagyma-makoi-bronz-rk","status":"publish","type":"product","link":"https:\/\/chilimag.hu\/webshop\/termek\/voroshagyma-makoi-bronz-rk\/","title":{"rendered":"V\u00f6r\u00f6shagyma Mak\u00f3i Bronz RK"},"content":{"rendered":"","protected":false},"excerpt":{"rendered":"<h4><img decoding=\"async\" class=\"\" src=\"https:\/\/partner.kertimag.com\/images\/km-logo.png\" width=\"150\" height=\"89\" data-v-8c3931b3=\"\" \/><\/h4>\n<h4>Term\u00e9kle\u00edr\u00e1s<\/h4>\n<p>Egy\u00e9ves termeszt\u00e9s\u0171, nagy term\u0151k\u00e9pess\u00e9g\u0171, enyh\u00e9n cs\u00edp\u0151s \u00edz\u0171 fajta.<\/p>\n<p>&nbsp;<\/p>\n","protected":false},"featured_media":41042,"comment_status":"closed","ping_status":"closed","template":"","meta":[],"product_brand":[],"product_cat":[426],"product_tag":[],"class_list":{"0":"post-41041","1":"product","2":"type-product","3":"status-publish","4":"has-post-thumbnail","6":"product_cat-hagyma-es-mak-vetomagok","8":"first","9":"instock","10":"taxable","11":"shipping-taxable","12":"purchasable","13":"product-type-simple"},"_links":{"self":[{"href":"https:\/\/chilimag.hu\/webshop\/wp-json\/wp\/v2\/product\/41041","targetHints":{"allow":["GET"]}}],"collection":[{"href":"https:\/\/chilimag.hu\/webshop\/wp-json\/wp\/v2\/product"}],"about":[{"href":"https:\/\/chilimag.hu\/webshop\/wp-json\/wp\/v2\/types\/product"}],"replies":[{"embeddable":true,"href":"https:\/\/chilimag.hu\/webshop\/wp-json\/wp\/v2\/comments?post=41041"}],"wp:featuredmedia":[{"embeddable":true,"href":"https:\/\/chilimag.hu\/webshop\/wp-json\/wp\/v2\/media\/41042"}],"wp:attachment":[{"href":"https:\/\/chilimag.hu\/webshop\/wp-json\/wp\/v2\/media?parent=41041"}],"wp:term":[{"taxonomy":"product_brand","embeddable":true,"href":"https:\/\/chilimag.hu\/webshop\/wp-json\/wp\/v2\/product_brand?post=41041"},{"taxonomy":"product_cat","embeddable":true,"href":"https:\/\/chilimag.hu\/webshop\/wp-json\/wp\/v2\/product_cat?post=41041"},{"taxonomy":"product_tag","embeddable":true,"href":"https:\/\/chilimag.hu\/webshop\/wp-json\/wp\/v2\/product_tag?post=41041"}],"curies":[{"name":"wp","href":"https:\/\/api.w.org\/{rel}","templated":true}]}}