{"id":41030,"date":"2026-03-19T19:09:45","date_gmt":"2026-03-19T19:09:45","guid":{"rendered":"https:\/\/chilimag.hu\/webshop\/?post_type=product&#038;p=41030"},"modified":"2026-03-19T19:09:45","modified_gmt":"2026-03-19T19:09:45","slug":"vetotalca-20-db-os-plusz-szivatotalca","status":"publish","type":"product","link":"https:\/\/chilimag.hu\/webshop\/termek\/vetotalca-20-db-os-plusz-szivatotalca\/","title":{"rendered":"Vet\u0151t\u00e1lca 20 db-os plusz szivat\u00f3t\u00e1lca"},"content":{"rendered":"","protected":false},"excerpt":{"rendered":"<p>Pal\u00e1ntanevel\u0151 szett<\/p>\n<p>Tartalmaz 1db Vastag fal\u00fa al\u00e1t\u00e9t t\u00e1lc\u00e1t<\/p>\n<p>2db pal\u00e1ntanevel\u0151 t\u00e1lca<\/p>\n<p>Al\u00e1t\u00e9t t\u00e1lca M\u00e9rete: 402mm x 300mm x 52mm<\/p>\n<p>Vastags\u00e1g: 2mm falvastags\u00e1ggal,<\/p>\n<p>M\u0171anyag pal\u00e1ntanevel\u0151 t\u00e1lca<\/p>\n<p>T\u00e1lca m\u00e9rete: 35,2\u00a0cm x 14,7\u00a0cm<\/p>\n<p>Magass\u00e1g: 6,\u00a0cm<\/p>\n<p>Sz\u00e9less\u00e9g: 5,5\u00a0cm x6 cm x6,0 cm magas<\/p>\n<p>T\u00e9rfogat: 180 cm3<\/p>\n<p>Lyuksz\u00e1m: 10 db<\/p>\n<p>Sz\u00edn: fekete<\/p>\n","protected":false},"featured_media":41031,"comment_status":"closed","ping_status":"closed","template":"","meta":[],"product_brand":[],"product_cat":[336],"product_tag":[],"class_list":{"0":"post-41030","1":"product","2":"type-product","3":"status-publish","4":"has-post-thumbnail","6":"product_cat-vetotalcak-ulteto-cserepek-es-palanta-nevelok","8":"first","9":"instock","10":"taxable","11":"shipping-taxable","12":"purchasable","13":"product-type-simple"},"_links":{"self":[{"href":"https:\/\/chilimag.hu\/webshop\/wp-json\/wp\/v2\/product\/41030","targetHints":{"allow":["GET"]}}],"collection":[{"href":"https:\/\/chilimag.hu\/webshop\/wp-json\/wp\/v2\/product"}],"about":[{"href":"https:\/\/chilimag.hu\/webshop\/wp-json\/wp\/v2\/types\/product"}],"replies":[{"embeddable":true,"href":"https:\/\/chilimag.hu\/webshop\/wp-json\/wp\/v2\/comments?post=41030"}],"wp:featuredmedia":[{"embeddable":true,"href":"https:\/\/chilimag.hu\/webshop\/wp-json\/wp\/v2\/media\/41031"}],"wp:attachment":[{"href":"https:\/\/chilimag.hu\/webshop\/wp-json\/wp\/v2\/media?parent=41030"}],"wp:term":[{"taxonomy":"product_brand","embeddable":true,"href":"https:\/\/chilimag.hu\/webshop\/wp-json\/wp\/v2\/product_brand?post=41030"},{"taxonomy":"product_cat","embeddable":true,"href":"https:\/\/chilimag.hu\/webshop\/wp-json\/wp\/v2\/product_cat?post=41030"},{"taxonomy":"product_tag","embeddable":true,"href":"https:\/\/chilimag.hu\/webshop\/wp-json\/wp\/v2\/product_tag?post=41030"}],"curies":[{"name":"wp","href":"https:\/\/api.w.org\/{rel}","templated":true}]}}