{"id":41029,"date":"2026-03-19T19:02:06","date_gmt":"2026-03-19T19:02:06","guid":{"rendered":"https:\/\/chilimag.hu\/webshop\/?post_type=product&#038;p=41029"},"modified":"2026-03-19T19:11:12","modified_gmt":"2026-03-19T19:11:12","slug":"vetotalca-10-es","status":"publish","type":"product","link":"https:\/\/chilimag.hu\/webshop\/termek\/vetotalca-10-es\/","title":{"rendered":"Vet\u0151t\u00e1lca 10-es"},"content":{"rendered":"","protected":false},"excerpt":{"rendered":"<div class=\"termeklap termeklap_leiras\">\n<div class=\"field field-name-body field-type-text-long field-label-hidden\">\n<div class=\"field-items\">\n<div class=\"field-item odd\">\n<p>M\u0171anyag pal\u00e1ntanevel\u0151 t\u00e1lca<\/p>\n<p>T\u00e1lca m\u00e9rete: 35,2\u00a0cm x 14,7\u00a0cm<\/p>\n<p>Magass\u00e1g: 6,\u00a0cm<\/p>\n<p>Sz\u00e9less\u00e9g: 5,5\u00a0cm x6 cm x6,0 cm magas<\/p>\n<p>T\u00e9rfogat: 180 cm3<\/p>\n<p>Lyuksz\u00e1m: 10 db<\/p>\n<p>Sz\u00edn: fekete<\/p>\n<\/div>\n<\/div>\n<\/div>\n<\/div>\n","protected":false},"featured_media":0,"comment_status":"closed","ping_status":"closed","template":"","meta":[],"product_brand":[],"product_cat":[336],"product_tag":[],"class_list":{"0":"post-41029","1":"product","2":"type-product","3":"status-publish","5":"product_cat-vetotalcak-ulteto-cserepek-es-palanta-nevelok","7":"first","8":"instock","9":"taxable","10":"shipping-taxable","11":"purchasable","12":"product-type-simple"},"_links":{"self":[{"href":"https:\/\/chilimag.hu\/webshop\/wp-json\/wp\/v2\/product\/41029","targetHints":{"allow":["GET"]}}],"collection":[{"href":"https:\/\/chilimag.hu\/webshop\/wp-json\/wp\/v2\/product"}],"about":[{"href":"https:\/\/chilimag.hu\/webshop\/wp-json\/wp\/v2\/types\/product"}],"replies":[{"embeddable":true,"href":"https:\/\/chilimag.hu\/webshop\/wp-json\/wp\/v2\/comments?post=41029"}],"wp:attachment":[{"href":"https:\/\/chilimag.hu\/webshop\/wp-json\/wp\/v2\/media?parent=41029"}],"wp:term":[{"taxonomy":"product_brand","embeddable":true,"href":"https:\/\/chilimag.hu\/webshop\/wp-json\/wp\/v2\/product_brand?post=41029"},{"taxonomy":"product_cat","embeddable":true,"href":"https:\/\/chilimag.hu\/webshop\/wp-json\/wp\/v2\/product_cat?post=41029"},{"taxonomy":"product_tag","embeddable":true,"href":"https:\/\/chilimag.hu\/webshop\/wp-json\/wp\/v2\/product_tag?post=41029"}],"curies":[{"name":"wp","href":"https:\/\/api.w.org\/{rel}","templated":true}]}}