{"id":41026,"date":"2026-03-19T18:57:03","date_gmt":"2026-03-19T18:57:03","guid":{"rendered":"https:\/\/chilimag.hu\/webshop\/?post_type=product&#038;p=41026"},"modified":"2026-03-19T18:57:03","modified_gmt":"2026-03-19T18:57:03","slug":"vetotalca-mini-10-es","status":"publish","type":"product","link":"https:\/\/chilimag.hu\/webshop\/termek\/vetotalca-mini-10-es\/","title":{"rendered":"Vet\u0151t\u00e1lca mini 10-es"},"content":{"rendered":"","protected":false},"excerpt":{"rendered":"<p>T\u00e1lca m\u00e9rete: 9,5\u00a0cm x 25,0 cm<\/p>\n<p>Magass\u00e1g: 5,5\u00a0cm<\/p>\n<p>Sz\u00e9less\u00e9g: 3,8\u00a0cmx 4,3\u00a0cm<\/p>\n<p>T\u00e9rfogat: 70 ml<\/p>\n<p>Lyuksz\u00e1m: 10 db<\/p>\n<p>Sz\u00edn: fekete<\/p>\n","protected":false},"featured_media":41027,"comment_status":"closed","ping_status":"closed","template":"","meta":[],"product_brand":[],"product_cat":[336],"product_tag":[],"class_list":{"0":"post-41026","1":"product","2":"type-product","3":"status-publish","4":"has-post-thumbnail","6":"product_cat-vetotalcak-ulteto-cserepek-es-palanta-nevelok","8":"first","9":"instock","10":"taxable","11":"shipping-taxable","12":"purchasable","13":"product-type-simple"},"_links":{"self":[{"href":"https:\/\/chilimag.hu\/webshop\/wp-json\/wp\/v2\/product\/41026","targetHints":{"allow":["GET"]}}],"collection":[{"href":"https:\/\/chilimag.hu\/webshop\/wp-json\/wp\/v2\/product"}],"about":[{"href":"https:\/\/chilimag.hu\/webshop\/wp-json\/wp\/v2\/types\/product"}],"replies":[{"embeddable":true,"href":"https:\/\/chilimag.hu\/webshop\/wp-json\/wp\/v2\/comments?post=41026"}],"wp:featuredmedia":[{"embeddable":true,"href":"https:\/\/chilimag.hu\/webshop\/wp-json\/wp\/v2\/media\/41027"}],"wp:attachment":[{"href":"https:\/\/chilimag.hu\/webshop\/wp-json\/wp\/v2\/media?parent=41026"}],"wp:term":[{"taxonomy":"product_brand","embeddable":true,"href":"https:\/\/chilimag.hu\/webshop\/wp-json\/wp\/v2\/product_brand?post=41026"},{"taxonomy":"product_cat","embeddable":true,"href":"https:\/\/chilimag.hu\/webshop\/wp-json\/wp\/v2\/product_cat?post=41026"},{"taxonomy":"product_tag","embeddable":true,"href":"https:\/\/chilimag.hu\/webshop\/wp-json\/wp\/v2\/product_tag?post=41026"}],"curies":[{"name":"wp","href":"https:\/\/api.w.org\/{rel}","templated":true}]}}