{"id":40976,"date":"2026-03-15T18:16:43","date_gmt":"2026-03-15T18:16:43","guid":{"rendered":"https:\/\/chilimag.hu\/webshop\/?post_type=product&#038;p=40976"},"modified":"2026-03-15T18:16:43","modified_gmt":"2026-03-15T18:16:43","slug":"xatze-guajillo-50g","status":"publish","type":"product","link":"https:\/\/chilimag.hu\/webshop\/termek\/xatze-guajillo-50g\/","title":{"rendered":"XaTz\u00e9 Guajillo 50g"},"content":{"rendered":"","protected":false},"excerpt":{"rendered":"<p><img decoding=\"async\" class=\"sFlh5c FyHeAf iPVvYb\" src=\"https:\/\/a.allegroimg.com\/s512\/11b028\/fa4669a04df8acc743cbee72de23\/Bazsalikom-Oregano-grego-20g-XATZE-Marka-mas\" alt=\"Bazsalikom - Oreg\u00e1n\u00f3 grego 20g XATZ\u00c9\" width=\"151\" height=\"137\" \/><\/p>\n<h3>Term\u00e9kle\u00edr\u00e1s<\/h3>\n<div data-subtree=\"aimfl\" data-sfc-cb=\"\" data-complete=\"true\" data-processed=\"true\">A <strong class=\"Yjhzub\" data-sfc-cb=\"\" data-complete=\"true\" data-processed=\"true\">Xatze Ground Guajillo Pepper (50g)<\/strong> egy n\u00e9pszer\u0171 mexik\u00f3i f\u0171szer, amely finomra \u0151r\u00f6lt, sz\u00e1r\u00edtott Guajillo chili paprik\u00e1b\u00f3l k\u00e9sz\u00fcl. Ez a paprika a mexik\u00f3i konyha egyik alapk\u00f6ve, amelyet legink\u00e1bb enyhe cs\u00edp\u0151ss\u00e9ge \u00e9s komplex \u00edzvil\u00e1ga miatt kedvelnek.<\/div>\n<p>&nbsp;<\/p>\n<p>&nbsp;<\/p>\n","protected":false},"featured_media":40977,"comment_status":"closed","ping_status":"closed","template":"","meta":[],"product_brand":[],"product_cat":[475],"product_tag":[],"class_list":{"0":"post-40976","1":"product","2":"type-product","3":"status-publish","4":"has-post-thumbnail","6":"product_cat-chili-orlemeny","8":"first","9":"instock","10":"taxable","11":"shipping-taxable","12":"purchasable","13":"product-type-simple"},"_links":{"self":[{"href":"https:\/\/chilimag.hu\/webshop\/wp-json\/wp\/v2\/product\/40976","targetHints":{"allow":["GET"]}}],"collection":[{"href":"https:\/\/chilimag.hu\/webshop\/wp-json\/wp\/v2\/product"}],"about":[{"href":"https:\/\/chilimag.hu\/webshop\/wp-json\/wp\/v2\/types\/product"}],"replies":[{"embeddable":true,"href":"https:\/\/chilimag.hu\/webshop\/wp-json\/wp\/v2\/comments?post=40976"}],"wp:featuredmedia":[{"embeddable":true,"href":"https:\/\/chilimag.hu\/webshop\/wp-json\/wp\/v2\/media\/40977"}],"wp:attachment":[{"href":"https:\/\/chilimag.hu\/webshop\/wp-json\/wp\/v2\/media?parent=40976"}],"wp:term":[{"taxonomy":"product_brand","embeddable":true,"href":"https:\/\/chilimag.hu\/webshop\/wp-json\/wp\/v2\/product_brand?post=40976"},{"taxonomy":"product_cat","embeddable":true,"href":"https:\/\/chilimag.hu\/webshop\/wp-json\/wp\/v2\/product_cat?post=40976"},{"taxonomy":"product_tag","embeddable":true,"href":"https:\/\/chilimag.hu\/webshop\/wp-json\/wp\/v2\/product_tag?post=40976"}],"curies":[{"name":"wp","href":"https:\/\/api.w.org\/{rel}","templated":true}]}}