{"id":40962,"date":"2026-03-14T18:41:51","date_gmt":"2026-03-14T18:41:51","guid":{"rendered":"https:\/\/chilimag.hu\/webshop\/?post_type=product&#038;p=40962"},"modified":"2026-03-25T22:31:15","modified_gmt":"2026-03-25T22:31:15","slug":"sargadinnye-muskotaly-zki-4","status":"publish","type":"product","link":"https:\/\/chilimag.hu\/webshop\/termek\/sargadinnye-muskotaly-zki-4\/","title":{"rendered":"S\u00e1rgadinnye Muskot\u00e1ly ZKI 4"},"content":{"rendered":"","protected":false},"excerpt":{"rendered":"<p><img decoding=\"async\" class=\"sFlh5c FyHeAf iPVvYb\" src=\"https:\/\/www.inputcsoport.hu\/images\/termekek\/ZKI-Tasakos-vm-ZKI-5-arkat-120731688554428631351.webp\" alt=\"ZKI Tasakos vm. ZKI 5. \u00e1rkat.\" width=\"150\" height=\"113\" \/><\/p>\n<h4>Term\u00e9kle\u00edr\u00e1s<\/h4>\n<p><strong>S\u00e1rgadinnye &#8211; Muskot\u00e1ly &#8211; ZKI\u00a0<\/strong>K\u00fcl\u00f6nlegesen finom, \u00fcd\u00edt\u0151 \u00edz\u0171 s\u00e1rgadinnye. H\u00fasa vil\u00e1gosz\u00f6ld, olvad\u00e9kony, nagy cukortartalm\u00fa, kellemes, saj\u00e1tos muskot\u00e1lyos zamattal. Term\u00e9se enyh\u00e9n lap\u00edtott, sek\u00e9lyen gerezdelt g\u00f6mb, \u00e1tlagt\u00f6mege 1 kg.\u00a0H\u00fasa z\u00f6ldesfeh\u00e9r sz\u00edn\u0171, vastag, \u00e9des, l\u00e9d\u00fas., mag\u00fcrege kicsi.Hagyom\u00e1nyos szabadf\u00f6ldi termeszt\u00e9s mellett f\u00f3li\u00e1s talajtakar\u00e1ssal \u00e9s hajtat\u00e1sban is kiv\u00e1l\u00f3. A tasak kb. 30-35 szem vet\u0151magot tartalmaz.<\/p>\n<p>&nbsp;<\/p>\n","protected":false},"featured_media":40963,"comment_status":"closed","ping_status":"closed","template":"","meta":[],"product_brand":[],"product_cat":[298],"product_tag":[],"class_list":{"0":"post-40962","1":"product","2":"type-product","3":"status-publish","4":"has-post-thumbnail","6":"product_cat-dinnye-es-tok-vetomagok-zki-vetomagok","8":"first","9":"instock","10":"taxable","11":"shipping-taxable","12":"purchasable","13":"product-type-simple"},"_links":{"self":[{"href":"https:\/\/chilimag.hu\/webshop\/wp-json\/wp\/v2\/product\/40962","targetHints":{"allow":["GET"]}}],"collection":[{"href":"https:\/\/chilimag.hu\/webshop\/wp-json\/wp\/v2\/product"}],"about":[{"href":"https:\/\/chilimag.hu\/webshop\/wp-json\/wp\/v2\/types\/product"}],"replies":[{"embeddable":true,"href":"https:\/\/chilimag.hu\/webshop\/wp-json\/wp\/v2\/comments?post=40962"}],"wp:featuredmedia":[{"embeddable":true,"href":"https:\/\/chilimag.hu\/webshop\/wp-json\/wp\/v2\/media\/40963"}],"wp:attachment":[{"href":"https:\/\/chilimag.hu\/webshop\/wp-json\/wp\/v2\/media?parent=40962"}],"wp:term":[{"taxonomy":"product_brand","embeddable":true,"href":"https:\/\/chilimag.hu\/webshop\/wp-json\/wp\/v2\/product_brand?post=40962"},{"taxonomy":"product_cat","embeddable":true,"href":"https:\/\/chilimag.hu\/webshop\/wp-json\/wp\/v2\/product_cat?post=40962"},{"taxonomy":"product_tag","embeddable":true,"href":"https:\/\/chilimag.hu\/webshop\/wp-json\/wp\/v2\/product_tag?post=40962"}],"curies":[{"name":"wp","href":"https:\/\/api.w.org\/{rel}","templated":true}]}}