{"id":40958,"date":"2026-03-14T18:29:35","date_gmt":"2026-03-14T18:29:35","guid":{"rendered":"https:\/\/chilimag.hu\/webshop\/?post_type=product&#038;p=40958"},"modified":"2026-03-14T18:29:35","modified_gmt":"2026-03-14T18:29:35","slug":"paprika-kurtovszka-kapia-zki-3","status":"publish","type":"product","link":"https:\/\/chilimag.hu\/webshop\/termek\/paprika-kurtovszka-kapia-zki-3\/","title":{"rendered":"Paprika  Kurtovszka K\u00e1pia ZKI 3"},"content":{"rendered":"","protected":false},"excerpt":{"rendered":"<p><img decoding=\"async\" class=\"sFlh5c FyHeAf iPVvYb\" src=\"https:\/\/www.inputcsoport.hu\/images\/termekek\/ZKI-Tasakos-vm-ZKI-5-arkat-120731688554428631351.webp\" alt=\"ZKI Tasakos vm. ZKI 5. \u00e1rkat.\" width=\"150\" height=\"113\" \/><\/p>\n<h4>Term\u00e9kle\u00edr\u00e1s<\/h4>\n<p>Er\u0151teljes n\u00f6veked\u00e9s\u0171. A bogy\u00f3 nagy, enyh\u00e9n lap\u00edtott, k\u00fapos, s\u00f6t\u00e9tz\u00f6ldb\u0151l s\u00f6t\u00e9tpirosba \u00e9r\u0151 &#8222;k\u00e1pia&#8221; t\u00edpus\u00fa paprika. Vastag h\u00fas\u00fa, \u00e9desk\u00e9s, szed\u00e9s ut\u00e1n hetekig is eltarthat\u00f3. Term\u00e9ss\u00falya 120-180g. Szabadf\u00f6ldi termeszt\u00e9sre \u00e9s f\u00f3lia alatti hajtat\u00e1sra alkalmas. Friss fogyaszt\u00e1sra alkalmas.<\/p>\n","protected":false},"featured_media":40959,"comment_status":"closed","ping_status":"closed","template":"","meta":[],"product_brand":[],"product_cat":[302],"product_tag":[],"class_list":{"0":"post-40958","1":"product","2":"type-product","3":"status-publish","4":"has-post-thumbnail","6":"product_cat-zki-paprika-vetomagok","8":"first","9":"instock","10":"taxable","11":"shipping-taxable","12":"purchasable","13":"product-type-simple"},"_links":{"self":[{"href":"https:\/\/chilimag.hu\/webshop\/wp-json\/wp\/v2\/product\/40958","targetHints":{"allow":["GET"]}}],"collection":[{"href":"https:\/\/chilimag.hu\/webshop\/wp-json\/wp\/v2\/product"}],"about":[{"href":"https:\/\/chilimag.hu\/webshop\/wp-json\/wp\/v2\/types\/product"}],"replies":[{"embeddable":true,"href":"https:\/\/chilimag.hu\/webshop\/wp-json\/wp\/v2\/comments?post=40958"}],"wp:featuredmedia":[{"embeddable":true,"href":"https:\/\/chilimag.hu\/webshop\/wp-json\/wp\/v2\/media\/40959"}],"wp:attachment":[{"href":"https:\/\/chilimag.hu\/webshop\/wp-json\/wp\/v2\/media?parent=40958"}],"wp:term":[{"taxonomy":"product_brand","embeddable":true,"href":"https:\/\/chilimag.hu\/webshop\/wp-json\/wp\/v2\/product_brand?post=40958"},{"taxonomy":"product_cat","embeddable":true,"href":"https:\/\/chilimag.hu\/webshop\/wp-json\/wp\/v2\/product_cat?post=40958"},{"taxonomy":"product_tag","embeddable":true,"href":"https:\/\/chilimag.hu\/webshop\/wp-json\/wp\/v2\/product_tag?post=40958"}],"curies":[{"name":"wp","href":"https:\/\/api.w.org\/{rel}","templated":true}]}}