{"id":40956,"date":"2026-03-14T18:22:33","date_gmt":"2026-03-14T18:22:33","guid":{"rendered":"https:\/\/chilimag.hu\/webshop\/?post_type=product&#038;p=40956"},"modified":"2026-03-20T00:33:59","modified_gmt":"2026-03-20T00:33:59","slug":"hagyma-tetenyi-rubin-zki-4","status":"publish","type":"product","link":"https:\/\/chilimag.hu\/webshop\/termek\/hagyma-tetenyi-rubin-zki-4\/","title":{"rendered":"Hagyma T\u00e9t\u00e9nyi Rubin ZKI 4"},"content":{"rendered":"","protected":false},"excerpt":{"rendered":"<p><img decoding=\"async\" class=\"sFlh5c FyHeAf iPVvYb\" src=\"https:\/\/www.inputcsoport.hu\/images\/termekek\/ZKI-Tasakos-vm-ZKI-5-arkat-120731688554428631351.webp\" alt=\"ZKI Tasakos vm. ZKI 5. \u00e1rkat.\" width=\"150\" height=\"113\" \/><\/p>\n<h4><strong>Term\u00e9kle\u00edr\u00e1s<\/strong><\/h4>\n<p>Nagy term\u0151k\u00e9pess\u00e9g\u0171, k\u00f6z\u00e9phossz\u00fa teny\u00e9szidej\u0171 (130-140 nap), igen sz\u00e9p \u00e1rut ad\u00f3 lilahagyma. G\u00f6mb alak\u00fa, nyaki r\u00e9sze j\u00f3l z\u00e1r\u00f3dik. H\u00e9jsz\u00edne s\u00f6t\u00e9tlila, h\u00fasa k\u00f6zepesen laza, \u00edze kellemes, enyh\u00e9n cs\u00edp\u0151s. felhaszn\u00e1lhat\u00f3 friss csemegehagym\u00e1nak, sal\u00e1t\u00e1nak.<\/p>\n<p>A csomag 2 gr magot tartalmaz<\/p>\n<p>&nbsp;<\/p>\n","protected":false},"featured_media":40957,"comment_status":"closed","ping_status":"closed","template":"","meta":[],"product_brand":[],"product_cat":[313],"product_tag":[],"class_list":{"0":"post-40956","1":"product","2":"type-product","3":"status-publish","4":"has-post-thumbnail","6":"product_cat-zki-hagyma-vetomagok","8":"first","9":"instock","10":"taxable","11":"shipping-taxable","12":"purchasable","13":"product-type-simple"},"_links":{"self":[{"href":"https:\/\/chilimag.hu\/webshop\/wp-json\/wp\/v2\/product\/40956","targetHints":{"allow":["GET"]}}],"collection":[{"href":"https:\/\/chilimag.hu\/webshop\/wp-json\/wp\/v2\/product"}],"about":[{"href":"https:\/\/chilimag.hu\/webshop\/wp-json\/wp\/v2\/types\/product"}],"replies":[{"embeddable":true,"href":"https:\/\/chilimag.hu\/webshop\/wp-json\/wp\/v2\/comments?post=40956"}],"wp:featuredmedia":[{"embeddable":true,"href":"https:\/\/chilimag.hu\/webshop\/wp-json\/wp\/v2\/media\/40957"}],"wp:attachment":[{"href":"https:\/\/chilimag.hu\/webshop\/wp-json\/wp\/v2\/media?parent=40956"}],"wp:term":[{"taxonomy":"product_brand","embeddable":true,"href":"https:\/\/chilimag.hu\/webshop\/wp-json\/wp\/v2\/product_brand?post=40956"},{"taxonomy":"product_cat","embeddable":true,"href":"https:\/\/chilimag.hu\/webshop\/wp-json\/wp\/v2\/product_cat?post=40956"},{"taxonomy":"product_tag","embeddable":true,"href":"https:\/\/chilimag.hu\/webshop\/wp-json\/wp\/v2\/product_tag?post=40956"}],"curies":[{"name":"wp","href":"https:\/\/api.w.org\/{rel}","templated":true}]}}