{"id":40952,"date":"2026-03-14T18:16:09","date_gmt":"2026-03-14T18:16:09","guid":{"rendered":"https:\/\/chilimag.hu\/webshop\/?post_type=product&#038;p=40952"},"modified":"2026-04-21T12:57:59","modified_gmt":"2026-04-21T12:57:59","slug":"gorogdinnye-crimson-sweet-zki-4","status":"publish","type":"product","link":"https:\/\/chilimag.hu\/webshop\/termek\/gorogdinnye-crimson-sweet-zki-4\/","title":{"rendered":"G\u00f6r\u00f6gdinnye Crimson Sweet ZKI 4"},"content":{"rendered":"","protected":false},"excerpt":{"rendered":"<h4><img decoding=\"async\" class=\"sFlh5c FyHeAf iPVvYb\" src=\"https:\/\/www.inputcsoport.hu\/images\/termekek\/ZKI-Tasakos-vm-ZKI-5-arkat-120731688554428631351.webp\" alt=\"ZKI Tasakos vm. ZKI 5. \u00e1rkat.\" width=\"150\" height=\"113\" \/><\/h4>\n<h4>Term\u00e9kle\u00edr\u00e1s<\/h4>\n<p>K\u00f6z\u00e9p\u00e9r\u00e9s\u0171, nagy term\u00e9s\u0171, cs\u00edkos g\u00f6r\u00f6gdinnye. Enyh\u00e9n ov\u00e1lis term\u00e9sei j\u00f3 t\u00e1panyag ell\u00e1totts\u00e1g\u00fa talajon 12\u201314 kg t\u00f6meg\u0171ek. H\u00fasa piros sz\u00edn\u0171, roppan\u00f3, l\u00e9d\u00fas, \u00e9des \u00edz\u0171. J\u00f3 alkalmazkod\u00f3k\u00e9pess\u00e9g\u0171, k\u00fcl\u00f6nb\u00f6z\u0151 klimatikus viszonyok k\u00f6z\u00f6tt is j\u00f3l terem. Szabadf\u00f6ldi termeszt\u00e9sre aj\u00e1nljuk helyre vet\u00e9ssel vagy pal\u00e1ntanevel\u00e9ssel. Toler\u00e1ns a fuz\u00e1rium \u00e9s cladosporium-2 rassz\u00e1val szemben.<\/p>\n<p>A csomag 1,5 gr magot tartalmaz<\/p>\n","protected":false},"featured_media":40953,"comment_status":"closed","ping_status":"closed","template":"","meta":[],"product_brand":[],"product_cat":[298],"product_tag":[],"class_list":{"0":"post-40952","1":"product","2":"type-product","3":"status-publish","4":"has-post-thumbnail","6":"product_cat-dinnye-es-tok-vetomagok-zki-vetomagok","8":"first","9":"instock","10":"taxable","11":"shipping-taxable","12":"purchasable","13":"product-type-simple"},"_links":{"self":[{"href":"https:\/\/chilimag.hu\/webshop\/wp-json\/wp\/v2\/product\/40952","targetHints":{"allow":["GET"]}}],"collection":[{"href":"https:\/\/chilimag.hu\/webshop\/wp-json\/wp\/v2\/product"}],"about":[{"href":"https:\/\/chilimag.hu\/webshop\/wp-json\/wp\/v2\/types\/product"}],"replies":[{"embeddable":true,"href":"https:\/\/chilimag.hu\/webshop\/wp-json\/wp\/v2\/comments?post=40952"}],"wp:featuredmedia":[{"embeddable":true,"href":"https:\/\/chilimag.hu\/webshop\/wp-json\/wp\/v2\/media\/40953"}],"wp:attachment":[{"href":"https:\/\/chilimag.hu\/webshop\/wp-json\/wp\/v2\/media?parent=40952"}],"wp:term":[{"taxonomy":"product_brand","embeddable":true,"href":"https:\/\/chilimag.hu\/webshop\/wp-json\/wp\/v2\/product_brand?post=40952"},{"taxonomy":"product_cat","embeddable":true,"href":"https:\/\/chilimag.hu\/webshop\/wp-json\/wp\/v2\/product_cat?post=40952"},{"taxonomy":"product_tag","embeddable":true,"href":"https:\/\/chilimag.hu\/webshop\/wp-json\/wp\/v2\/product_tag?post=40952"}],"curies":[{"name":"wp","href":"https:\/\/api.w.org\/{rel}","templated":true}]}}