{"id":40950,"date":"2026-03-14T18:13:00","date_gmt":"2026-03-14T18:13:00","guid":{"rendered":"https:\/\/chilimag.hu\/webshop\/?post_type=product&#038;p=40950"},"modified":"2026-03-15T12:41:39","modified_gmt":"2026-03-15T12:41:39","slug":"zsalya-zki-4","status":"publish","type":"product","link":"https:\/\/chilimag.hu\/webshop\/termek\/zsalya-zki-4\/","title":{"rendered":"Zs\u00e1lya ZKI 4"},"content":{"rendered":"","protected":false},"excerpt":{"rendered":"<p><img decoding=\"async\" class=\"sFlh5c FyHeAf iPVvYb\" src=\"https:\/\/www.inputcsoport.hu\/images\/termekek\/ZKI-Tasakos-vm-ZKI-5-arkat-120731688554428631351.webp\" alt=\"ZKI Tasakos vm. ZKI 5. \u00e1rkat.\" width=\"150\" height=\"113\" \/><\/p>\n<h4>Term\u00e9kle\u00edr\u00e1s<\/h4>\n<p>\u00c9vel\u0151 f\u00e9lcserje, levelei frissen, m\u00e9lyh\u0171tve vagy sz\u00e1r\u00edtva hal, h\u00fas \u00e9s f\u0151zel\u00e9kek \u00edzes\u00edt\u00e9s\u00e9re, valamit gy\u00f3gyte\u00e1k k\u00e9sz\u00edt\u00e9s\u00e9re kiv\u00e1l\u00f3ak. A n\u00e9phit szerint a zs\u00e1lya j\u00f3l\u00e9tet \u00e9s szerencs\u00e9t hoz.<\/p>\n<p>A csomag 0,5 gr magot tartalmaz<\/p>\n<p>&nbsp;<\/p>\n","protected":false},"featured_media":40951,"comment_status":"closed","ping_status":"closed","template":"","meta":[],"product_brand":[],"product_cat":[299],"product_tag":[],"class_list":{"0":"post-40950","1":"product","2":"type-product","3":"status-publish","4":"has-post-thumbnail","6":"product_cat-zki-fuszernovenyek","8":"first","9":"instock","10":"taxable","11":"shipping-taxable","12":"purchasable","13":"product-type-simple"},"_links":{"self":[{"href":"https:\/\/chilimag.hu\/webshop\/wp-json\/wp\/v2\/product\/40950","targetHints":{"allow":["GET"]}}],"collection":[{"href":"https:\/\/chilimag.hu\/webshop\/wp-json\/wp\/v2\/product"}],"about":[{"href":"https:\/\/chilimag.hu\/webshop\/wp-json\/wp\/v2\/types\/product"}],"replies":[{"embeddable":true,"href":"https:\/\/chilimag.hu\/webshop\/wp-json\/wp\/v2\/comments?post=40950"}],"wp:featuredmedia":[{"embeddable":true,"href":"https:\/\/chilimag.hu\/webshop\/wp-json\/wp\/v2\/media\/40951"}],"wp:attachment":[{"href":"https:\/\/chilimag.hu\/webshop\/wp-json\/wp\/v2\/media?parent=40950"}],"wp:term":[{"taxonomy":"product_brand","embeddable":true,"href":"https:\/\/chilimag.hu\/webshop\/wp-json\/wp\/v2\/product_brand?post=40950"},{"taxonomy":"product_cat","embeddable":true,"href":"https:\/\/chilimag.hu\/webshop\/wp-json\/wp\/v2\/product_cat?post=40950"},{"taxonomy":"product_tag","embeddable":true,"href":"https:\/\/chilimag.hu\/webshop\/wp-json\/wp\/v2\/product_tag?post=40950"}],"curies":[{"name":"wp","href":"https:\/\/api.w.org\/{rel}","templated":true}]}}