{"id":40946,"date":"2026-03-14T18:05:57","date_gmt":"2026-03-14T18:05:57","guid":{"rendered":"https:\/\/chilimag.hu\/webshop\/?post_type=product&#038;p=40946"},"modified":"2026-05-05T18:21:46","modified_gmt":"2026-05-05T18:21:46","slug":"koriander-zki-4","status":"publish","type":"product","link":"https:\/\/chilimag.hu\/webshop\/termek\/koriander-zki-4\/","title":{"rendered":"Koriander ZKI 4"},"content":{"rendered":"","protected":false},"excerpt":{"rendered":"<h4><img decoding=\"async\" class=\"sFlh5c FyHeAf iPVvYb\" src=\"https:\/\/www.inputcsoport.hu\/images\/termekek\/ZKI-Tasakos-vm-ZKI-5-arkat-120731688554428631351.webp\" alt=\"ZKI Tasakos vm. ZKI 5. \u00e1rkat.\" width=\"150\" height=\"113\" \/><\/h4>\n<h4>Term\u00e9kle\u00edr\u00e1s<\/h4>\n<p>Egy\u00e9ves, l\u00e1gysz\u00e1r\u00fa n\u00f6v\u00e9ny.<br \/>\nMagvet\u00e9s kora tavasszal, 10-20 \u00b0C k\u00f6z\u00f6tt fejl\u0151dik a legjobban.<br \/>\nF\u00e9nyig\u00e9nye miatt minimum 30 cm-es sor- \u00e9s t\u0151t\u00e1vols\u00e1got v\u00e1lasszunk.<br \/>\nK\u00e1poszt\u00e1hoz, s\u00fclt h\u00fashoz, uborka \u00e9s paprika savany\u00edt\u00e1s\u00e1hoz aj\u00e1nljuk.<br \/>\nA term\u00e9s felf\u00fav\u00f3d\u00e1st sz\u00fcntet\u0151, sz\u00e9lhajt\u00f3, em\u00e9szt\u00e9st jav\u00edt\u00f3 hat\u00e1s\u00fa.<\/p>\n","protected":false},"featured_media":40947,"comment_status":"closed","ping_status":"closed","template":"","meta":[],"product_brand":[],"product_cat":[299],"product_tag":[],"class_list":{"0":"post-40946","1":"product","2":"type-product","3":"status-publish","4":"has-post-thumbnail","6":"product_cat-zki-fuszernovenyek","8":"first","9":"instock","10":"taxable","11":"shipping-taxable","12":"purchasable","13":"product-type-simple"},"_links":{"self":[{"href":"https:\/\/chilimag.hu\/webshop\/wp-json\/wp\/v2\/product\/40946","targetHints":{"allow":["GET"]}}],"collection":[{"href":"https:\/\/chilimag.hu\/webshop\/wp-json\/wp\/v2\/product"}],"about":[{"href":"https:\/\/chilimag.hu\/webshop\/wp-json\/wp\/v2\/types\/product"}],"replies":[{"embeddable":true,"href":"https:\/\/chilimag.hu\/webshop\/wp-json\/wp\/v2\/comments?post=40946"}],"wp:featuredmedia":[{"embeddable":true,"href":"https:\/\/chilimag.hu\/webshop\/wp-json\/wp\/v2\/media\/40947"}],"wp:attachment":[{"href":"https:\/\/chilimag.hu\/webshop\/wp-json\/wp\/v2\/media?parent=40946"}],"wp:term":[{"taxonomy":"product_brand","embeddable":true,"href":"https:\/\/chilimag.hu\/webshop\/wp-json\/wp\/v2\/product_brand?post=40946"},{"taxonomy":"product_cat","embeddable":true,"href":"https:\/\/chilimag.hu\/webshop\/wp-json\/wp\/v2\/product_cat?post=40946"},{"taxonomy":"product_tag","embeddable":true,"href":"https:\/\/chilimag.hu\/webshop\/wp-json\/wp\/v2\/product_tag?post=40946"}],"curies":[{"name":"wp","href":"https:\/\/api.w.org\/{rel}","templated":true}]}}