{"id":40944,"date":"2026-03-14T18:02:24","date_gmt":"2026-03-14T18:02:24","guid":{"rendered":"https:\/\/chilimag.hu\/webshop\/?post_type=product&#038;p=40944"},"modified":"2026-04-22T21:05:59","modified_gmt":"2026-04-22T21:05:59","slug":"bazsalikom-voroslevelu-zki-4","status":"publish","type":"product","link":"https:\/\/chilimag.hu\/webshop\/termek\/bazsalikom-voroslevelu-zki-4\/","title":{"rendered":"Bazsalikom v\u00f6r\u00f6slevel\u0171 ZKI 4"},"content":{"rendered":"","protected":false},"excerpt":{"rendered":"<p><img decoding=\"async\" class=\"sFlh5c FyHeAf iPVvYb\" src=\"https:\/\/www.inputcsoport.hu\/images\/termekek\/ZKI-Tasakos-vm-ZKI-5-arkat-120731688554428631351.webp\" alt=\"ZKI Tasakos vm. ZKI 5. \u00e1rkat.\" width=\"150\" height=\"113\" \/><\/p>\n<h4>Term\u00e9kle\u00edr\u00e1s<\/h4>\n<p>&nbsp;<\/p>\n<p>Egy \u00e9ves, l\u00e1gysz\u00e1r\u00fa, meleg-, f\u00e9ny- \u00e9s v\u00edzig\u00e9nyes n\u00f6v\u00e9ny. Konyha ablakban cser\u00e9pben is termeszthet\u0151. Paradicsomos \u00e9telekhez, sal\u00e1t\u00e1khoz, f\u0151zel\u00e9kekhez frissen vagy fagyasztva. G\u00f6rcsold\u00f3, em\u00e9szt\u00e9st el\u0151seg\u00edt\u0151 hat\u00e1s\u00fa.<\/p>\n<h4><\/h4>\n","protected":false},"featured_media":40945,"comment_status":"closed","ping_status":"closed","template":"","meta":[],"product_brand":[],"product_cat":[299],"product_tag":[],"class_list":{"0":"post-40944","1":"product","2":"type-product","3":"status-publish","4":"has-post-thumbnail","6":"product_cat-zki-fuszernovenyek","8":"first","9":"instock","10":"taxable","11":"shipping-taxable","12":"purchasable","13":"product-type-simple"},"_links":{"self":[{"href":"https:\/\/chilimag.hu\/webshop\/wp-json\/wp\/v2\/product\/40944","targetHints":{"allow":["GET"]}}],"collection":[{"href":"https:\/\/chilimag.hu\/webshop\/wp-json\/wp\/v2\/product"}],"about":[{"href":"https:\/\/chilimag.hu\/webshop\/wp-json\/wp\/v2\/types\/product"}],"replies":[{"embeddable":true,"href":"https:\/\/chilimag.hu\/webshop\/wp-json\/wp\/v2\/comments?post=40944"}],"wp:featuredmedia":[{"embeddable":true,"href":"https:\/\/chilimag.hu\/webshop\/wp-json\/wp\/v2\/media\/40945"}],"wp:attachment":[{"href":"https:\/\/chilimag.hu\/webshop\/wp-json\/wp\/v2\/media?parent=40944"}],"wp:term":[{"taxonomy":"product_brand","embeddable":true,"href":"https:\/\/chilimag.hu\/webshop\/wp-json\/wp\/v2\/product_brand?post=40944"},{"taxonomy":"product_cat","embeddable":true,"href":"https:\/\/chilimag.hu\/webshop\/wp-json\/wp\/v2\/product_cat?post=40944"},{"taxonomy":"product_tag","embeddable":true,"href":"https:\/\/chilimag.hu\/webshop\/wp-json\/wp\/v2\/product_tag?post=40944"}],"curies":[{"name":"wp","href":"https:\/\/api.w.org\/{rel}","templated":true}]}}