{"id":40942,"date":"2026-03-14T17:51:24","date_gmt":"2026-03-14T17:51:24","guid":{"rendered":"https:\/\/chilimag.hu\/webshop\/?post_type=product&#038;p=40942"},"modified":"2026-03-14T17:51:24","modified_gmt":"2026-03-14T17:51:24","slug":"sargadinnye-milica-f1-royal-4","status":"publish","type":"product","link":"https:\/\/chilimag.hu\/webshop\/termek\/sargadinnye-milica-f1-royal-4\/","title":{"rendered":"S\u00e1rgadinnye Milica F1 Royal 4"},"content":{"rendered":"","protected":false},"excerpt":{"rendered":"<h4><img decoding=\"async\" class=\"sFlh5c FyHeAf iPVvYb\" src=\"https:\/\/agriks.com.ua\/images\/feature_variant\/8\/royal-sluis-logo.png\" alt=\"\u041f\u0440\u043e\u0434\u0443\u043a\u0446\u0456\u044f Royal Sluis - \u043a\u0443\u043f\u0438\u0442\u0438 \u043d\u0430\u0441\u0456\u043d\u043d\u044f \u0432 \u0423\u043a\u0440\u0430\u0457\u043d\u0456 \u1409 \u0412\u0438\u0433\u0456\u0434\u043d\u0456 \u0446\u0456\u043d\u0438 \u043d\u0430  Agriks.com.u\u0430\" width=\"148\" height=\"56\" \/><\/h4>\n<h4>Term\u00e9kle\u00edr\u00e1s<\/h4>\n<p>G\u00e1la t\u00edpus\u00fa, korai fajta. Nagy term\u0151k\u00e9pess\u00e9g jellemzi.<br \/>\nK\u00f6zepesen ellen\u00e1ll\u00f3 lombozatot fejleszt, kiv\u00e1l\u00f3 k\u00f6t\u0151k\u00e9pess\u00e9g\u0171, nagy hozam\u00fa fajta.<br \/>\nSzabadf\u00f6ld\u00f6n is kiv\u00e1l\u00f3an termeszthet\u0151.<br \/>\nH\u00e9ja finoman cserezett, teljes \u00e9r\u00e9sben szalmas\u00e1rga.<br \/>\nTerm\u00e9sm\u00e9rete nagy, 1,4-1,8 kg\/db<\/p>\n<p>A csomag 1 gr magot tartalmaz<\/p>\n","protected":false},"featured_media":40943,"comment_status":"closed","ping_status":"closed","template":"","meta":[],"product_brand":[],"product_cat":[320],"product_tag":[],"class_list":{"0":"post-40942","1":"product","2":"type-product","3":"status-publish","4":"has-post-thumbnail","6":"product_cat-dinnyefelek","8":"first","9":"instock","10":"taxable","11":"shipping-taxable","12":"purchasable","13":"product-type-simple"},"_links":{"self":[{"href":"https:\/\/chilimag.hu\/webshop\/wp-json\/wp\/v2\/product\/40942","targetHints":{"allow":["GET"]}}],"collection":[{"href":"https:\/\/chilimag.hu\/webshop\/wp-json\/wp\/v2\/product"}],"about":[{"href":"https:\/\/chilimag.hu\/webshop\/wp-json\/wp\/v2\/types\/product"}],"replies":[{"embeddable":true,"href":"https:\/\/chilimag.hu\/webshop\/wp-json\/wp\/v2\/comments?post=40942"}],"wp:featuredmedia":[{"embeddable":true,"href":"https:\/\/chilimag.hu\/webshop\/wp-json\/wp\/v2\/media\/40943"}],"wp:attachment":[{"href":"https:\/\/chilimag.hu\/webshop\/wp-json\/wp\/v2\/media?parent=40942"}],"wp:term":[{"taxonomy":"product_brand","embeddable":true,"href":"https:\/\/chilimag.hu\/webshop\/wp-json\/wp\/v2\/product_brand?post=40942"},{"taxonomy":"product_cat","embeddable":true,"href":"https:\/\/chilimag.hu\/webshop\/wp-json\/wp\/v2\/product_cat?post=40942"},{"taxonomy":"product_tag","embeddable":true,"href":"https:\/\/chilimag.hu\/webshop\/wp-json\/wp\/v2\/product_tag?post=40942"}],"curies":[{"name":"wp","href":"https:\/\/api.w.org\/{rel}","templated":true}]}}