{"id":40940,"date":"2026-03-14T17:47:39","date_gmt":"2026-03-14T17:47:39","guid":{"rendered":"https:\/\/chilimag.hu\/webshop\/?post_type=product&#038;p=40940"},"modified":"2026-03-14T17:48:02","modified_gmt":"2026-03-14T17:48:02","slug":"retek-japan-retek","status":"publish","type":"product","link":"https:\/\/chilimag.hu\/webshop\/termek\/retek-japan-retek\/","title":{"rendered":"Retek Jap\u00e1n retek Royal 1"},"content":{"rendered":"","protected":false},"excerpt":{"rendered":"<p><img decoding=\"async\" class=\"sFlh5c FyHeAf iPVvYb\" src=\"https:\/\/agriks.com.ua\/images\/feature_variant\/8\/royal-sluis-logo.png\" alt=\"\u041f\u0440\u043e\u0434\u0443\u043a\u0446\u0456\u044f Royal Sluis - \u043a\u0443\u043f\u0438\u0442\u0438 \u043d\u0430\u0441\u0456\u043d\u043d\u044f \u0432 \u0423\u043a\u0440\u0430\u0457\u043d\u0456 \u1409 \u0412\u0438\u0433\u0456\u0434\u043d\u0456 \u0446\u0456\u043d\u0438 \u043d\u0430  Agriks.com.u\u0430\" width=\"148\" height=\"56\" \/><\/p>\n<h4>Term\u00e9kle\u00edr\u00e1s<\/h4>\n<p>K\u00f6zepes \u00e9r\u00e9sidej\u0171 jap\u00e1n retek, tiszta feh\u00e9r gy\u00f6k\u00e9rrel.<br \/>\nAj\u00e1nlott a ny\u00e1r v\u00e9gi \u00e9s \u0151szi vet\u00e9sekhez.<br \/>\nAz egy\u00f6ntet\u0171 szil\u00e1rd gy\u00f6kerek nagyon j\u00f3 \u00edz\u0171ek \u00e9s kb. 45 cm hossz\u00faak, 5 cm \u00e1tm\u00e9r\u0151j\u0171ek.<br \/>\n\u00c1tlags\u00faly: 1 kg<br \/>\nA vet\u00e9s ut\u00e1n kb. 65 napon bel\u00fcl betakar\u00edthat\u00f3.<br \/>\nEgy\u00f6ntet\u0171 hengeres gy\u00f6k\u00e9rforma jellemzi.<\/p>\n<p>A csomag 2 gr magot tartalmaz<\/p>\n","protected":false},"featured_media":40941,"comment_status":"closed","ping_status":"closed","template":"","meta":[],"product_brand":[],"product_cat":[262],"product_tag":[],"class_list":{"0":"post-40940","1":"product","2":"type-product","3":"status-publish","4":"has-post-thumbnail","6":"product_cat-retek","8":"first","9":"instock","10":"taxable","11":"shipping-taxable","12":"purchasable","13":"product-type-simple"},"_links":{"self":[{"href":"https:\/\/chilimag.hu\/webshop\/wp-json\/wp\/v2\/product\/40940","targetHints":{"allow":["GET"]}}],"collection":[{"href":"https:\/\/chilimag.hu\/webshop\/wp-json\/wp\/v2\/product"}],"about":[{"href":"https:\/\/chilimag.hu\/webshop\/wp-json\/wp\/v2\/types\/product"}],"replies":[{"embeddable":true,"href":"https:\/\/chilimag.hu\/webshop\/wp-json\/wp\/v2\/comments?post=40940"}],"wp:featuredmedia":[{"embeddable":true,"href":"https:\/\/chilimag.hu\/webshop\/wp-json\/wp\/v2\/media\/40941"}],"wp:attachment":[{"href":"https:\/\/chilimag.hu\/webshop\/wp-json\/wp\/v2\/media?parent=40940"}],"wp:term":[{"taxonomy":"product_brand","embeddable":true,"href":"https:\/\/chilimag.hu\/webshop\/wp-json\/wp\/v2\/product_brand?post=40940"},{"taxonomy":"product_cat","embeddable":true,"href":"https:\/\/chilimag.hu\/webshop\/wp-json\/wp\/v2\/product_cat?post=40940"},{"taxonomy":"product_tag","embeddable":true,"href":"https:\/\/chilimag.hu\/webshop\/wp-json\/wp\/v2\/product_tag?post=40940"}],"curies":[{"name":"wp","href":"https:\/\/api.w.org\/{rel}","templated":true}]}}