{"id":40938,"date":"2026-03-14T17:42:57","date_gmt":"2026-03-14T17:42:57","guid":{"rendered":"https:\/\/chilimag.hu\/webshop\/?post_type=product&#038;p=40938"},"modified":"2026-03-14T17:43:11","modified_gmt":"2026-03-14T17:43:11","slug":"rebarbara-royal-3","status":"publish","type":"product","link":"https:\/\/chilimag.hu\/webshop\/termek\/rebarbara-royal-3\/","title":{"rendered":"Rebarbara Victoria Royal 3"},"content":{"rendered":"","protected":false},"excerpt":{"rendered":"<p><img decoding=\"async\" class=\"sFlh5c FyHeAf iPVvYb\" src=\"https:\/\/agriks.com.ua\/images\/feature_variant\/8\/royal-sluis-logo.png\" alt=\"\u041f\u0440\u043e\u0434\u0443\u043a\u0446\u0456\u044f Royal Sluis - \u043a\u0443\u043f\u0438\u0442\u0438 \u043d\u0430\u0441\u0456\u043d\u043d\u044f \u0432 \u0423\u043a\u0440\u0430\u0457\u043d\u0456 \u1409 \u0412\u0438\u0433\u0456\u0434\u043d\u0456 \u0446\u0456\u043d\u0438 \u043d\u0430 Agriks.com.u\u0430\" width=\"148\" height=\"56\" \/><\/p>\n<h4>Term\u00e9kle\u00edr\u00e1s<\/h4>\n<p>\u00c9vel\u0151 n\u00f6v\u00e9ny, vastag riz\u00f3m\u00e1val. Nagy, piros teny\u00e9r nagys\u00e1g\u00fa leveleket \u00e9s hossz\u00fa h\u00fasos lev\u00e9lnyelet fejleszt. Napos helyet \u00e9s nedves, szerves talajt kedveli. A lev\u00e9lnyeleket, ha leh\u0171tik, sal\u00e1t\u00e1khoz, desszertekhez, gy\u00fcm\u00f6lcslevesekhez haszn\u00e1lj\u00e1k. Fagyaszthat\u00f3, \u00edgy a t\u00e9li h\u00f3napokban meg\u0151rzi a ny\u00e1r \u00edz\u00e9t. A finom \u00edz mellett f\u0151 el\u0151nye a magas C- \u00e9s A-vitamin-tartalom, valamint egy \u00e1sv\u00e1nyi anyagk\u00e9szlet, amelyek seg\u00edtik a test megfelel\u0151 form\u00e1j\u00e1nak fenntart\u00e1s\u00e1t.<\/p>\n<p>Vet\u00e9s: \u00e1prilis-j\u00fanius; Szed\u00e9s: m\u00e1jus-november<\/p>\n","protected":false},"featured_media":40939,"comment_status":"closed","ping_status":"closed","template":"","meta":[],"product_brand":[],"product_cat":[268],"product_tag":[],"class_list":{"0":"post-40938","1":"product","2":"type-product","3":"status-publish","4":"has-post-thumbnail","6":"product_cat-egyeb-termekek","8":"first","9":"instock","10":"taxable","11":"shipping-taxable","12":"purchasable","13":"product-type-simple"},"_links":{"self":[{"href":"https:\/\/chilimag.hu\/webshop\/wp-json\/wp\/v2\/product\/40938","targetHints":{"allow":["GET"]}}],"collection":[{"href":"https:\/\/chilimag.hu\/webshop\/wp-json\/wp\/v2\/product"}],"about":[{"href":"https:\/\/chilimag.hu\/webshop\/wp-json\/wp\/v2\/types\/product"}],"replies":[{"embeddable":true,"href":"https:\/\/chilimag.hu\/webshop\/wp-json\/wp\/v2\/comments?post=40938"}],"wp:featuredmedia":[{"embeddable":true,"href":"https:\/\/chilimag.hu\/webshop\/wp-json\/wp\/v2\/media\/40939"}],"wp:attachment":[{"href":"https:\/\/chilimag.hu\/webshop\/wp-json\/wp\/v2\/media?parent=40938"}],"wp:term":[{"taxonomy":"product_brand","embeddable":true,"href":"https:\/\/chilimag.hu\/webshop\/wp-json\/wp\/v2\/product_brand?post=40938"},{"taxonomy":"product_cat","embeddable":true,"href":"https:\/\/chilimag.hu\/webshop\/wp-json\/wp\/v2\/product_cat?post=40938"},{"taxonomy":"product_tag","embeddable":true,"href":"https:\/\/chilimag.hu\/webshop\/wp-json\/wp\/v2\/product_tag?post=40938"}],"curies":[{"name":"wp","href":"https:\/\/api.w.org\/{rel}","templated":true}]}}